{"id":1005,"date":"2023-07-03T22:43:05","date_gmt":"2023-07-04T01:43:05","guid":{"rendered":"https:\/\/www.digamo.uy\/index.php\/producto\/producto\/"},"modified":"2025-04-25T08:51:43","modified_gmt":"2025-04-25T11:51:43","slug":"butaca-silla-de-auto-i-giro-360-infanti","status":"publish","type":"product","link":"https:\/\/www.digamo.uy\/index.php\/producto\/butaca-silla-de-auto-i-giro-360-infanti\/","title":{"rendered":"Butaca \/ Silla De Auto &#8211; I-giro 360\u00b0 &#8211; Infanti"},"content":{"rendered":"<p>Butaca \/ Silla de auto &#8211; I-Giro 360\u00b0 &#8211; Infanti<\/p>\n<p>Grupo 0+,1,2,3, hasta los 12 a\u00f1os aprox.<\/p>\n<p>Rotaci\u00f3n 360\u00b0<\/p>\n<p>Contramarcha hasta los 13 kg. A favor de la marcha de 9 a 36kg.<\/p>\n<p>Arn\u00e9s de 5 puntas 3 posiciones de reclinaci\u00f3n a favor de la marcha.Cumple funcion de baby silla,butaca y booster.<\/p>\n<p>Control con alerta parental en el broche del arn\u00e9s. Emite una alarma en caso de que el ni\u00f1o se desabroche el cinto.<\/p>\n<p>Instalaci\u00f3n con Isofix y Top tether desde los 0 a 13 kg: Sistema Isofix regulable en altura que permite la conexi\u00f3n directa a puntos de anclaje Isofix del veh\u00edculo con indicador rojo\/verde.<\/p>\n<p>3 posiciones de reclinaci\u00f3n a favor de la marcha: Respaldo ajustable que mejora la comodidad y la correcta posici\u00f3n de la espalda.Rotaci\u00f3n 360\u00b0: Para poderlo usar desde la primera etapa de tu beb\u00e9 y irlo ajustando a medida que crece (contra marcha y a favor de la marcha)<\/p>\n<p>Se puede instalar con cinto del auto (opcional)<\/p>\n<p>Colores disponibles: Gris \/ Gris oscuro<\/p>\n","protected":false},"excerpt":{"rendered":"<p>Butaca \/ Silla de auto &#8211; I-Giro 360\u00b0 &#8211; Infanti Grupo 0+,1,2,3, hasta los 12 a\u00f1os aprox. Rotaci\u00f3n 360\u00b0 Contramarcha hasta los 13 kg. A favor de la marcha de 9 a 36kg. Arn\u00e9s de 5 puntas 3 posiciones de reclinaci\u00f3n a favor de la marcha.Cumple funcion de baby silla,butaca [&hellip;]<\/p>\n","protected":false},"featured_media":14559,"comment_status":"open","ping_status":"closed","template":"","meta":[],"product_cat":[21,28,27],"product_tag":[],"class_list":{"0":"post-1005","1":"product","2":"type-product","3":"status-publish","4":"has-post-thumbnail","6":"product_cat-beb-s","7":"product_cat-paseo-del-beb","8":"product_cat-sillas-para-autos","10":"first","11":"instock","12":"shipping-taxable","13":"purchasable","14":"product-type-variable"},"_links":{"self":[{"href":"https:\/\/www.digamo.uy\/index.php\/wp-json\/wp\/v2\/product\/1005","targetHints":{"allow":["GET"]}}],"collection":[{"href":"https:\/\/www.digamo.uy\/index.php\/wp-json\/wp\/v2\/product"}],"about":[{"href":"https:\/\/www.digamo.uy\/index.php\/wp-json\/wp\/v2\/types\/product"}],"replies":[{"embeddable":true,"href":"https:\/\/www.digamo.uy\/index.php\/wp-json\/wp\/v2\/comments?post=1005"}],"wp:featuredmedia":[{"embeddable":true,"href":"https:\/\/www.digamo.uy\/index.php\/wp-json\/wp\/v2\/media\/14559"}],"wp:attachment":[{"href":"https:\/\/www.digamo.uy\/index.php\/wp-json\/wp\/v2\/media?parent=1005"}],"wp:term":[{"taxonomy":"product_cat","embeddable":true,"href":"https:\/\/www.digamo.uy\/index.php\/wp-json\/wp\/v2\/product_cat?post=1005"},{"taxonomy":"product_tag","embeddable":true,"href":"https:\/\/www.digamo.uy\/index.php\/wp-json\/wp\/v2\/product_tag?post=1005"}],"curies":[{"name":"wp","href":"https:\/\/api.w.org\/{rel}","templated":true}]}}