{"id":10165,"date":"2023-07-05T06:12:06","date_gmt":"2023-07-05T09:12:06","guid":{"rendered":"https:\/\/www.digamo.uy\/index.php\/producto\/producto\/"},"modified":"2024-08-15T20:44:11","modified_gmt":"2024-08-15T23:44:11","slug":"pelela-de-bebe-fast-car-safety-1st","status":"publish","type":"product","link":"https:\/\/www.digamo.uy\/index.php\/producto\/pelela-de-bebe-fast-car-safety-1st\/","title":{"rendered":"Pelela De Beb\u00e9 Fast Car &#8211; Safety 1st"},"content":{"rendered":"<p>Pelela Fast Car &#8211; Safety 1st (PT086 y PT090)<\/p>\n<p>Especificaciones:<br \/>\n\u2022Practica para limpieza m\u00e1s r\u00e1pida y higi\u00e9nica<br \/>\n\u2022Dise\u00f1o ergon\u00f3mico para una correcta aproximaci\u00f3n y posicionamiento<br \/>\n\u2022El labio anti-goteo evita el desorden al vaciar el contenido<br \/>\n\u2022Colocarlo en el suelo para mayor estabilidad<\/p>\n","protected":false},"excerpt":{"rendered":"<p>Pelela Fast Car &#8211; Safety 1st (PT086 y PT090) Especificaciones: \u2022Practica para limpieza m\u00e1s r\u00e1pida y higi\u00e9nica \u2022Dise\u00f1o ergon\u00f3mico para una correcta aproximaci\u00f3n y posicionamiento \u2022El labio anti-goteo evita el desorden al vaciar el contenido \u2022Colocarlo en el suelo para mayor estabilidad<\/p>\n","protected":false},"featured_media":25570,"comment_status":"open","ping_status":"closed","template":"","meta":[],"product_cat":[20,21,19],"product_tag":[],"class_list":{"0":"post-10165","1":"product","2":"type-product","3":"status-publish","4":"has-post-thumbnail","6":"product_cat-art-culos-de-beb-s-para-ba-o","7":"product_cat-beb-s","8":"product_cat-pelelas","10":"first","11":"instock","12":"shipping-taxable","13":"purchasable","14":"product-type-simple"},"_links":{"self":[{"href":"https:\/\/www.digamo.uy\/index.php\/wp-json\/wp\/v2\/product\/10165","targetHints":{"allow":["GET"]}}],"collection":[{"href":"https:\/\/www.digamo.uy\/index.php\/wp-json\/wp\/v2\/product"}],"about":[{"href":"https:\/\/www.digamo.uy\/index.php\/wp-json\/wp\/v2\/types\/product"}],"replies":[{"embeddable":true,"href":"https:\/\/www.digamo.uy\/index.php\/wp-json\/wp\/v2\/comments?post=10165"}],"wp:featuredmedia":[{"embeddable":true,"href":"https:\/\/www.digamo.uy\/index.php\/wp-json\/wp\/v2\/media\/25570"}],"wp:attachment":[{"href":"https:\/\/www.digamo.uy\/index.php\/wp-json\/wp\/v2\/media?parent=10165"}],"wp:term":[{"taxonomy":"product_cat","embeddable":true,"href":"https:\/\/www.digamo.uy\/index.php\/wp-json\/wp\/v2\/product_cat?post=10165"},{"taxonomy":"product_tag","embeddable":true,"href":"https:\/\/www.digamo.uy\/index.php\/wp-json\/wp\/v2\/product_tag?post=10165"}],"curies":[{"name":"wp","href":"https:\/\/api.w.org\/{rel}","templated":true}]}}