{"id":1025,"date":"2023-07-04T01:43:21","date_gmt":"2023-07-04T01:43:21","guid":{"rendered":"https:\/\/www.digamo.uy\/index.php\/producto\/producto\/"},"modified":"2023-07-04T01:43:27","modified_gmt":"2023-07-04T01:43:27","slug":"silla-de-auto-taz-360-gris-biuco-0-a-36kg-biuco","status":"publish","type":"product","link":"https:\/\/www.digamo.uy\/index.php\/producto\/silla-de-auto-taz-360-gris-biuco-0-a-36kg-biuco\/","title":{"rendered":"Silla De Auto &#8211; Taz 360 Gris Biuco 0 A 36kg &#8211; Biuco"},"content":{"rendered":"<p>Silla de auto &#8211; TAZ 360 Gris Biuco 0 a 36kg &#8211; Biuco<\/p>\n<p>Silla de Auto con rotaci\u00f3n 360 grados adecuado de 0 a 36kg<\/p>\n<p>Caracter\u00edsticas:<\/p>\n<p>Grupo 0 + 1 + 2 + 3, adecuado para edades de 0 a 12 a\u00f1os<br \/>\nRotaci\u00f3n de 360 \u00b0<br \/>\nArmaz\u00f3n resistente, material PP, moldeo por inyecci\u00f3n integrado.<br \/>\nInstalaci\u00f3n de ISOFIX<br \/>\nMaterial absorbente de energ\u00eda: EPS<br \/>\nReposacabezas ajustable en 11 posiciones, reclinable en 3 posiciones: \u00e1ngulo m\u00e1ximo mirando hacia adelante: 135 \u00b0, \u00e1ngulo m\u00e1ximo mirando hacia atr\u00e1s: 165 \u00b0.<br \/>\nCertificaci\u00f3n: ECE-R44, E8 Checa<br \/>\nProtector de tela en los ganchos isofix<br \/>\nAlmohadillas acolchonadas para mayor confort<\/p>\n","protected":false},"excerpt":{"rendered":"<p>Silla de auto &#8211; TAZ 360 Gris Biuco 0 a 36kg &#8211; Biuco Silla de Auto con rotaci\u00f3n 360 grados adecuado de 0 a 36kg Caracter\u00edsticas: Grupo 0 + 1 + 2 + 3, adecuado para edades de 0 a 12 a\u00f1os Rotaci\u00f3n de 360 \u00b0 Armaz\u00f3n resistente, material PP, [&hellip;]<\/p>\n","protected":false},"featured_media":1026,"comment_status":"open","ping_status":"closed","template":"","meta":[],"product_cat":[21,28,27],"product_tag":[],"class_list":{"0":"post-1025","1":"product","2":"type-product","3":"status-publish","4":"has-post-thumbnail","6":"product_cat-beb-s","7":"product_cat-paseo-del-beb","8":"product_cat-sillas-para-autos","10":"first","11":"instock","12":"shipping-taxable","13":"purchasable","14":"product-type-variable"},"_links":{"self":[{"href":"https:\/\/www.digamo.uy\/index.php\/wp-json\/wp\/v2\/product\/1025","targetHints":{"allow":["GET"]}}],"collection":[{"href":"https:\/\/www.digamo.uy\/index.php\/wp-json\/wp\/v2\/product"}],"about":[{"href":"https:\/\/www.digamo.uy\/index.php\/wp-json\/wp\/v2\/types\/product"}],"replies":[{"embeddable":true,"href":"https:\/\/www.digamo.uy\/index.php\/wp-json\/wp\/v2\/comments?post=1025"}],"wp:featuredmedia":[{"embeddable":true,"href":"https:\/\/www.digamo.uy\/index.php\/wp-json\/wp\/v2\/media\/1026"}],"wp:attachment":[{"href":"https:\/\/www.digamo.uy\/index.php\/wp-json\/wp\/v2\/media?parent=1025"}],"wp:term":[{"taxonomy":"product_cat","embeddable":true,"href":"https:\/\/www.digamo.uy\/index.php\/wp-json\/wp\/v2\/product_cat?post=1025"},{"taxonomy":"product_tag","embeddable":true,"href":"https:\/\/www.digamo.uy\/index.php\/wp-json\/wp\/v2\/product_tag?post=1025"}],"curies":[{"name":"wp","href":"https:\/\/api.w.org\/{rel}","templated":true}]}}