{"id":10282,"date":"2023-07-05T06:13:32","date_gmt":"2023-07-05T09:13:32","guid":{"rendered":"https:\/\/www.digamo.uy\/index.php\/producto\/producto\/"},"modified":"2024-08-15T20:47:48","modified_gmt":"2024-08-15T23:47:48","slug":"coche-andes-travel-system-con-silla-nido-infanti","status":"publish","type":"product","link":"https:\/\/www.digamo.uy\/index.php\/producto\/coche-andes-travel-system-con-silla-nido-infanti\/","title":{"rendered":"Coche Andes Travel System Con Silla Nido &#8211; Infanti"},"content":{"rendered":"<p>ANDES TRAVEL SYSTEM MANGO REVERSIBLE (CON BASE) MIST &#8211; INFANTI (SE69)<\/p>\n<p>Caracteristicas:<br \/>\n&#8211; Posee 3 reclinaciones fijas y mec\u00e1nicas<br \/>\n&#8211; Telas en algod\u00f3n<br \/>\n&#8211; Acolchado adicional extra\u00edble y lavable<br \/>\n&#8211; Zonas reflectantes<br \/>\n&#8211; De muy f\u00e1cil de transporte y de liviano peso<br \/>\n&#8211; Sistema de amortiguaci\u00f3n independiente<br \/>\n&#8211; Bandeja para padres rotativa con doble porta vaso y porta objetos central<br \/>\n&#8211; Bandeja para ni\u00f1os con porta vaso<br \/>\n&#8211; Para la seguridad posee arn\u00e9s de 5 puntas<br \/>\n&#8211; Descansa pies regulable en 6 posiciones<br \/>\n&#8211; Ruedas delanteras giratorias y bloqueables, para todo tipo de terreno<br \/>\n&#8211; Ruedas traseras con frenos<br \/>\n&#8211; Cambio de manillar<br \/>\n&#8211; Silla nido de aluminio y con indicador de instalaci\u00f3n. La misma cumple con los est\u00e1ndares de seguridad de la comunidad europea (ECE R44\/04)<br \/>\n&#8211; Anclaje central y met\u00e1lico<\/p>\n","protected":false},"excerpt":{"rendered":"<p>ANDES TRAVEL SYSTEM MANGO REVERSIBLE (CON BASE) MIST &#8211; INFANTI (SE69) Caracteristicas: &#8211; Posee 3 reclinaciones fijas y mec\u00e1nicas &#8211; Telas en algod\u00f3n &#8211; Acolchado adicional extra\u00edble y lavable &#8211; Zonas reflectantes &#8211; De muy f\u00e1cil de transporte y de liviano peso &#8211; Sistema de amortiguaci\u00f3n independiente &#8211; Bandeja para [&hellip;]<\/p>\n","protected":false},"featured_media":25672,"comment_status":"open","ping_status":"closed","template":"","meta":[],"product_cat":[21,104,28],"product_tag":[],"class_list":{"0":"post-10282","1":"product","2":"type-product","3":"status-publish","4":"has-post-thumbnail","6":"product_cat-beb-s","7":"product_cat-cochecitos-para-beb-s","8":"product_cat-paseo-del-beb","10":"first","11":"outofstock","12":"shipping-taxable","13":"purchasable","14":"product-type-simple"},"_links":{"self":[{"href":"https:\/\/www.digamo.uy\/index.php\/wp-json\/wp\/v2\/product\/10282","targetHints":{"allow":["GET"]}}],"collection":[{"href":"https:\/\/www.digamo.uy\/index.php\/wp-json\/wp\/v2\/product"}],"about":[{"href":"https:\/\/www.digamo.uy\/index.php\/wp-json\/wp\/v2\/types\/product"}],"replies":[{"embeddable":true,"href":"https:\/\/www.digamo.uy\/index.php\/wp-json\/wp\/v2\/comments?post=10282"}],"wp:featuredmedia":[{"embeddable":true,"href":"https:\/\/www.digamo.uy\/index.php\/wp-json\/wp\/v2\/media\/25672"}],"wp:attachment":[{"href":"https:\/\/www.digamo.uy\/index.php\/wp-json\/wp\/v2\/media?parent=10282"}],"wp:term":[{"taxonomy":"product_cat","embeddable":true,"href":"https:\/\/www.digamo.uy\/index.php\/wp-json\/wp\/v2\/product_cat?post=10282"},{"taxonomy":"product_tag","embeddable":true,"href":"https:\/\/www.digamo.uy\/index.php\/wp-json\/wp\/v2\/product_tag?post=10282"}],"curies":[{"name":"wp","href":"https:\/\/api.w.org\/{rel}","templated":true}]}}