{"id":10367,"date":"2023-07-05T09:14:26","date_gmt":"2023-07-05T09:14:26","guid":{"rendered":"https:\/\/www.digamo.uy\/index.php\/producto\/producto\/"},"modified":"2023-07-05T09:14:32","modified_gmt":"2023-07-05T09:14:32","slug":"silla-de-auto-barletta-infanti","status":"publish","type":"product","link":"https:\/\/www.digamo.uy\/index.php\/producto\/silla-de-auto-barletta-infanti\/","title":{"rendered":"Silla De Auto &#8211; Barletta &#8211; Infanti"},"content":{"rendered":"<p>Silla de auto &#8211; Barletta &#8211; Infanti (S500)<\/p>\n<p>Para disfrutar al m\u00e1ximo los paseos y viajes con el beb\u00e9, la silla Infanti Barletta ofrece gran seguridad mientras los padres conducen. <\/p>\n<p>Cuenta con cintur\u00f3n de seguridad de cinco puntas y doble acolchado. <\/p>\n<p>Adem\u00e1s tiene soporte apoya-cabeza y cuatro posiciones de reclinado que le otorgan una mayor comodidad al peque\u00f1o.<\/p>\n<p>&#8211; Butaca convertible de dise\u00f1o innovador, seguro y confortable.<br \/>\n&#8211; Fabricada con materiales de alta calidad y resistencia, y f\u00e1cil de limpiar.<br \/>\n&#8211; Funda doblemente acolchonada y de alta calidad, desmontable y lavable.<br \/>\n&#8211; 4 posiciones de reclinado con indicador.<br \/>\n&#8211; Soporte apoya-cabeza ajustable y acolchado lateral.<br \/>\n&#8211; Arn\u00e9s\/cintur\u00f3n de seguridad con 5 puntos de sujeci\u00f3n.<br \/>\n&#8211; Cintur\u00f3n regulable en tres alturas, con sistema de f\u00e1cil tensado.<br \/>\n&#8211; Amplio espacio interior y se ajusta a los costados seg\u00fan la contextura del beb\u00e9 o ni\u00f1o.<br \/>\n&#8211; Puede ser instalada mirando hacia adelante o hacia atr\u00e1s.<br \/>\n&#8211; Protector de hombros y pelvis.<br \/>\n&#8211; Bolsillo porta-objetos.<\/p>\n<p>&#8211; Recomendada desde reci\u00e9n nacidos hasta los 6 a\u00f1os, en tres etapas:<br \/>\nGrupos 0 y 0+: beb\u00e9s de 0 a 12-15 meses (0 a 13 kg.)<br \/>\nGrupo 1: beb\u00e9s de 9 meses a ni\u00f1os de 4 a\u00f1os (9 a 18 kg.)<br \/>\nGrupo 2: ni\u00f1os de 4 a 6 a\u00f1os (15 a 25 kg.)<\/p>\n<p>&#8211; F\u00e1cil armado, instalaci\u00f3n y reclinado: se coloca y retira en minutos, ajust\u00e1ndola con el cintur\u00f3n de tres puntas de los asientos traseros.<\/p>\n<p>&#8211; Medidas aproximadas: 43 cm x 49 cm x 59 cm (Largo x Ancho x Alto)<br \/>\n&#8211; Peso aproximado: 9,700 kg.<\/p>\n","protected":false},"excerpt":{"rendered":"<p>Silla de auto &#8211; Barletta &#8211; Infanti (S500) Para disfrutar al m\u00e1ximo los paseos y viajes con el beb\u00e9, la silla Infanti Barletta ofrece gran seguridad mientras los padres conducen. Cuenta con cintur\u00f3n de seguridad de cinco puntas y doble acolchado. Adem\u00e1s tiene soporte apoya-cabeza y cuatro posiciones de reclinado [&hellip;]<\/p>\n","protected":false},"featured_media":10368,"comment_status":"open","ping_status":"closed","template":"","meta":[],"product_cat":[21,28,27],"product_tag":[],"class_list":{"0":"post-10367","1":"product","2":"type-product","3":"status-publish","4":"has-post-thumbnail","6":"product_cat-beb-s","7":"product_cat-paseo-del-beb","8":"product_cat-sillas-para-autos","10":"first","11":"instock","12":"shipping-taxable","13":"purchasable","14":"product-type-simple"},"_links":{"self":[{"href":"https:\/\/www.digamo.uy\/index.php\/wp-json\/wp\/v2\/product\/10367","targetHints":{"allow":["GET"]}}],"collection":[{"href":"https:\/\/www.digamo.uy\/index.php\/wp-json\/wp\/v2\/product"}],"about":[{"href":"https:\/\/www.digamo.uy\/index.php\/wp-json\/wp\/v2\/types\/product"}],"replies":[{"embeddable":true,"href":"https:\/\/www.digamo.uy\/index.php\/wp-json\/wp\/v2\/comments?post=10367"}],"wp:featuredmedia":[{"embeddable":true,"href":"https:\/\/www.digamo.uy\/index.php\/wp-json\/wp\/v2\/media\/10368"}],"wp:attachment":[{"href":"https:\/\/www.digamo.uy\/index.php\/wp-json\/wp\/v2\/media?parent=10367"}],"wp:term":[{"taxonomy":"product_cat","embeddable":true,"href":"https:\/\/www.digamo.uy\/index.php\/wp-json\/wp\/v2\/product_cat?post=10367"},{"taxonomy":"product_tag","embeddable":true,"href":"https:\/\/www.digamo.uy\/index.php\/wp-json\/wp\/v2\/product_tag?post=10367"}],"curies":[{"name":"wp","href":"https:\/\/api.w.org\/{rel}","templated":true}]}}