{"id":1169,"date":"2023-07-03T22:47:19","date_gmt":"2023-07-04T01:47:19","guid":{"rendered":"https:\/\/www.digamo.uy\/index.php\/producto\/producto\/"},"modified":"2024-08-13T21:37:25","modified_gmt":"2024-08-14T00:37:25","slug":"elly-elefante-personaje-de-pocoyo-aventuras","status":"publish","type":"product","link":"https:\/\/www.digamo.uy\/index.php\/producto\/elly-elefante-personaje-de-pocoyo-aventuras\/","title":{"rendered":"Elly Elefante Personaje De Pocoy\u00f3 Aventuras"},"content":{"rendered":"<p>Elly Elefante personaje de serie Pocoy\u00f3 (3011)<br \/>\nAmigo de aventuras de la pandilla de Pocoy\u00f3<\/p>\n<p>Es el personaje principal, es un ni\u00f1o de 4 a\u00f1os que se viste completamente de azul, es travieso y animado, continuamente curioso, le gusta explorar e interactuar con sus amigos en diferentes aventuras, siempre aprende de todo lo que hace con sus amigos y adem\u00e1s es muy inteligente.<br \/>\nPocoy\u00f3 es un juguete l\u00fadico y divertido, hecho de vinilo no t\u00f3xico, es s\u00faper esponjoso y muy suave.<br \/>\nCon los mu\u00f1ecos de Pocoy\u00f3, el ni\u00f1o se divierte y aprende con toda seguridad y calidad. Contenido: 1 mu\u00f1eca de vinilo Material: Vinilo no t\u00f3xico \/ Pintura no t\u00f3xica<br \/>\nLas medidas son: Pocoyo mide 13cm, Pato mide 15 cm, Loula mide 11 cm, Elly mide 15 cm y mide Nina 13 cm, Fred mide 11 cm, Sonequita mide 9 cm<\/p>\n","protected":false},"excerpt":{"rendered":"<p>Elly Elefante personaje de serie Pocoy\u00f3 (3011) Amigo de aventuras de la pandilla de Pocoy\u00f3 Es el personaje principal, es un ni\u00f1o de 4 a\u00f1os que se viste completamente de azul, es travieso y animado, continuamente curioso, le gusta explorar e interactuar con sus amigos en diferentes aventuras, siempre aprende [&hellip;]<\/p>\n","protected":false},"featured_media":14687,"comment_status":"open","ping_status":"closed","template":"","meta":[],"product_cat":[61,21,53],"product_tag":[],"class_list":{"0":"post-1169","1":"product","2":"type-product","3":"status-publish","4":"has-post-thumbnail","6":"product_cat-andadores-y-veh-culos-de-beb-s","7":"product_cat-beb-s","8":"product_cat-otros","10":"first","11":"instock","12":"shipping-taxable","13":"purchasable","14":"product-type-simple"},"_links":{"self":[{"href":"https:\/\/www.digamo.uy\/index.php\/wp-json\/wp\/v2\/product\/1169","targetHints":{"allow":["GET"]}}],"collection":[{"href":"https:\/\/www.digamo.uy\/index.php\/wp-json\/wp\/v2\/product"}],"about":[{"href":"https:\/\/www.digamo.uy\/index.php\/wp-json\/wp\/v2\/types\/product"}],"replies":[{"embeddable":true,"href":"https:\/\/www.digamo.uy\/index.php\/wp-json\/wp\/v2\/comments?post=1169"}],"wp:featuredmedia":[{"embeddable":true,"href":"https:\/\/www.digamo.uy\/index.php\/wp-json\/wp\/v2\/media\/14687"}],"wp:attachment":[{"href":"https:\/\/www.digamo.uy\/index.php\/wp-json\/wp\/v2\/media?parent=1169"}],"wp:term":[{"taxonomy":"product_cat","embeddable":true,"href":"https:\/\/www.digamo.uy\/index.php\/wp-json\/wp\/v2\/product_cat?post=1169"},{"taxonomy":"product_tag","embeddable":true,"href":"https:\/\/www.digamo.uy\/index.php\/wp-json\/wp\/v2\/product_tag?post=1169"}],"curies":[{"name":"wp","href":"https:\/\/api.w.org\/{rel}","templated":true}]}}