{"id":12553,"date":"2024-06-02T18:37:56","date_gmt":"2024-06-02T21:37:56","guid":{"rendered":"https:\/\/www.digamo.uy\/index.php\/producto\/producto-65\/"},"modified":"2024-08-15T19:23:51","modified_gmt":"2024-08-15T22:23:51","slug":"producto-65","status":"publish","type":"product","link":"https:\/\/www.digamo.uy\/index.php\/producto\/producto-65\/","title":{"rendered":"Pelela De Beb\u00e9 Tipo Inodoro Asiento Acolchonado Color Celeste"},"content":{"rendered":"<p>F\u00e1cil de limpiar<br \/>\nCuenta con dep\u00f3sito extra\u00edble y con protector contra salpicaduras, lo que lo vuelve f\u00e1cil de limpiar para mantener la higiene y seguridad del beb\u00e9.<\/p>\n","protected":false},"excerpt":{"rendered":"<p>F\u00e1cil de limpiar Cuenta con dep\u00f3sito extra\u00edble y con protector contra salpicaduras, lo que lo vuelve f\u00e1cil de limpiar para mantener la higiene y seguridad del beb\u00e9.<\/p>\n","protected":false},"featured_media":24203,"comment_status":"open","ping_status":"closed","template":"","meta":[],"product_cat":[20,21,19],"product_tag":[],"class_list":{"0":"post-12553","1":"product","2":"type-product","3":"status-publish","4":"has-post-thumbnail","6":"product_cat-art-culos-de-beb-s-para-ba-o","7":"product_cat-beb-s","8":"product_cat-pelelas","10":"first","11":"instock","12":"shipping-taxable","13":"purchasable","14":"product-type-simple"},"_links":{"self":[{"href":"https:\/\/www.digamo.uy\/index.php\/wp-json\/wp\/v2\/product\/12553","targetHints":{"allow":["GET"]}}],"collection":[{"href":"https:\/\/www.digamo.uy\/index.php\/wp-json\/wp\/v2\/product"}],"about":[{"href":"https:\/\/www.digamo.uy\/index.php\/wp-json\/wp\/v2\/types\/product"}],"replies":[{"embeddable":true,"href":"https:\/\/www.digamo.uy\/index.php\/wp-json\/wp\/v2\/comments?post=12553"}],"wp:featuredmedia":[{"embeddable":true,"href":"https:\/\/www.digamo.uy\/index.php\/wp-json\/wp\/v2\/media\/24203"}],"wp:attachment":[{"href":"https:\/\/www.digamo.uy\/index.php\/wp-json\/wp\/v2\/media?parent=12553"}],"wp:term":[{"taxonomy":"product_cat","embeddable":true,"href":"https:\/\/www.digamo.uy\/index.php\/wp-json\/wp\/v2\/product_cat?post=12553"},{"taxonomy":"product_tag","embeddable":true,"href":"https:\/\/www.digamo.uy\/index.php\/wp-json\/wp\/v2\/product_tag?post=12553"}],"curies":[{"name":"wp","href":"https:\/\/api.w.org\/{rel}","templated":true}]}}