{"id":12694,"date":"2024-06-02T18:38:36","date_gmt":"2024-06-02T21:38:36","guid":{"rendered":"https:\/\/www.digamo.uy\/index.php\/producto\/producto-206\/"},"modified":"2024-08-15T19:29:55","modified_gmt":"2024-08-15T22:29:55","slug":"producto-206","status":"publish","type":"product","link":"https:\/\/www.digamo.uy\/index.php\/producto\/producto-206\/","title":{"rendered":"Bebote Mu\u00f1eca Reborn 36 Cm Bebe Con Accesorios Gorro"},"content":{"rendered":"<p>Bebote reborn 36 cm. con accesorios (14T09B)<\/p>\n<p>Hermoso beb\u00e9 reborn de 36 cm. con accesorios.<br \/>\nEs de excelente calidad, se le ven los pliegues en brazos y piernas caracter\u00edsticas de un beb\u00e9 real.<br \/>\nEste beb\u00e9 es de GOMA completa, se puede ba\u00f1ar.<br \/>\nIdeal para ni\u00f1os\/as de +24 meses.<br \/>\nIncluye:<br \/>\n&#8211; conjunto de ropa igual a la imagen<br \/>\n&#8211; sonajero<br \/>\n&#8211; plato con cubiertos<br \/>\n&#8211; Pelela<br \/>\n&#8211; pulseras<br \/>\nPresentaci\u00f3n: Viene en caja tal cual se ve en la imagen.<\/p>\n","protected":false},"excerpt":{"rendered":"<p>Bebote reborn 36 cm. con accesorios (14T09B) Hermoso beb\u00e9 reborn de 36 cm. con accesorios. Es de excelente calidad, se le ven los pliegues en brazos y piernas caracter\u00edsticas de un beb\u00e9 real. Este beb\u00e9 es de GOMA completa, se puede ba\u00f1ar. Ideal para ni\u00f1os\/as de +24 meses. Incluye: &#8211; [&hellip;]<\/p>\n","protected":false},"featured_media":24360,"comment_status":"open","ping_status":"closed","template":"","meta":[],"product_cat":[24,300,48],"product_tag":[],"class_list":{"0":"post-12694","1":"product","2":"type-product","3":"status-publish","4":"has-post-thumbnail","6":"product_cat-juegos-y-juguetes","7":"product_cat-mu-ecas-y-bebotes","8":"product_cat-mu-ecos-y-mu-ecas","10":"first","11":"instock","12":"shipping-taxable","13":"purchasable","14":"product-type-simple"},"_links":{"self":[{"href":"https:\/\/www.digamo.uy\/index.php\/wp-json\/wp\/v2\/product\/12694","targetHints":{"allow":["GET"]}}],"collection":[{"href":"https:\/\/www.digamo.uy\/index.php\/wp-json\/wp\/v2\/product"}],"about":[{"href":"https:\/\/www.digamo.uy\/index.php\/wp-json\/wp\/v2\/types\/product"}],"replies":[{"embeddable":true,"href":"https:\/\/www.digamo.uy\/index.php\/wp-json\/wp\/v2\/comments?post=12694"}],"wp:featuredmedia":[{"embeddable":true,"href":"https:\/\/www.digamo.uy\/index.php\/wp-json\/wp\/v2\/media\/24360"}],"wp:attachment":[{"href":"https:\/\/www.digamo.uy\/index.php\/wp-json\/wp\/v2\/media?parent=12694"}],"wp:term":[{"taxonomy":"product_cat","embeddable":true,"href":"https:\/\/www.digamo.uy\/index.php\/wp-json\/wp\/v2\/product_cat?post=12694"},{"taxonomy":"product_tag","embeddable":true,"href":"https:\/\/www.digamo.uy\/index.php\/wp-json\/wp\/v2\/product_tag?post=12694"}],"curies":[{"name":"wp","href":"https:\/\/api.w.org\/{rel}","templated":true}]}}