{"id":12827,"date":"2024-06-02T18:39:33","date_gmt":"2024-06-02T21:39:33","guid":{"rendered":"https:\/\/www.digamo.uy\/index.php\/producto\/producto-339\/"},"modified":"2024-08-15T19:37:35","modified_gmt":"2024-08-15T22:37:35","slug":"producto-339","status":"publish","type":"product","link":"https:\/\/www.digamo.uy\/index.php\/producto\/producto-339\/","title":{"rendered":"Tractor Cami\u00f3n Retro Arrastre Fabricado Con Biopl\u00e1sticos"},"content":{"rendered":"<p>&#8212;&#8211; Somos  DIGAMO.UY &#8212;&#8211;<\/p>\n<p>Tractor cami\u00f3n retro (933139)<\/p>\n<p>Los modelos de estos camiones est\u00e1n fabricados \u00edntegramente en biopl\u00e1stico para que los ni\u00f1os puedan jugar con seguridad desde el primer a\u00f1o de edad. &#8211; Los bordes lisos y el tama\u00f1o grueso hacen de este un gran producto para que los ni\u00f1os peque\u00f1os disfruten del juego imaginativo y sensorial, mientras desarrollan la coordinaci\u00f3n ojo-mano y desarrollan habilidades motoras. -Esta gama de veh\u00edculos de biopl\u00e1stico ecol\u00f3gico est\u00e1 hecha de paja de trigo reciclada, lo que da a los veh\u00edculos su aspecto moteado. Embalado en una caja reciclable.<br \/>\nProducto amigable con el medio ambiente y ecolog\u00eda fabricado con biopl\u00e1sticos<\/p>\n","protected":false},"excerpt":{"rendered":"<p>&#8212;&#8211; Somos DIGAMO.UY &#8212;&#8211; Tractor cami\u00f3n retro (933139) Los modelos de estos camiones est\u00e1n fabricados \u00edntegramente en biopl\u00e1stico para que los ni\u00f1os puedan jugar con seguridad desde el primer a\u00f1o de edad. &#8211; Los bordes lisos y el tama\u00f1o grueso hacen de este un gran producto para que los ni\u00f1os [&hellip;]<\/p>\n","protected":false},"featured_media":24583,"comment_status":"open","ping_status":"closed","template":"","meta":[],"product_cat":[24,50,49],"product_tag":[],"class_list":{"0":"post-12827","1":"product","2":"type-product","3":"status-publish","4":"has-post-thumbnail","6":"product_cat-juegos-y-juguetes","7":"product_cat-veh-culos-de-juguete","8":"product_cat-veh-culos-sin-control-remoto","10":"first","11":"instock","12":"shipping-taxable","13":"purchasable","14":"product-type-variable"},"_links":{"self":[{"href":"https:\/\/www.digamo.uy\/index.php\/wp-json\/wp\/v2\/product\/12827","targetHints":{"allow":["GET"]}}],"collection":[{"href":"https:\/\/www.digamo.uy\/index.php\/wp-json\/wp\/v2\/product"}],"about":[{"href":"https:\/\/www.digamo.uy\/index.php\/wp-json\/wp\/v2\/types\/product"}],"replies":[{"embeddable":true,"href":"https:\/\/www.digamo.uy\/index.php\/wp-json\/wp\/v2\/comments?post=12827"}],"wp:featuredmedia":[{"embeddable":true,"href":"https:\/\/www.digamo.uy\/index.php\/wp-json\/wp\/v2\/media\/24583"}],"wp:attachment":[{"href":"https:\/\/www.digamo.uy\/index.php\/wp-json\/wp\/v2\/media?parent=12827"}],"wp:term":[{"taxonomy":"product_cat","embeddable":true,"href":"https:\/\/www.digamo.uy\/index.php\/wp-json\/wp\/v2\/product_cat?post=12827"},{"taxonomy":"product_tag","embeddable":true,"href":"https:\/\/www.digamo.uy\/index.php\/wp-json\/wp\/v2\/product_tag?post=12827"}],"curies":[{"name":"wp","href":"https:\/\/api.w.org\/{rel}","templated":true}]}}