{"id":12836,"date":"2024-06-02T18:39:35","date_gmt":"2024-06-02T21:39:35","guid":{"rendered":"https:\/\/www.digamo.uy\/index.php\/producto\/producto-348\/"},"modified":"2024-08-15T19:25:49","modified_gmt":"2024-08-15T22:25:49","slug":"producto-348","status":"publish","type":"product","link":"https:\/\/www.digamo.uy\/index.php\/producto\/producto-348\/","title":{"rendered":"Andador Para Bebe Oso Osito Plegable Y Sonido Color Celeste"},"content":{"rendered":"<p>Adaptado a cada beb\u00e9<br \/>\nCuenta con 2 posiciones de altura, lo que permite adaptar el andador de acuerdo al crecimiento de tu peque\u00f1o. Esta regulaci\u00f3n, le garantiza aprender a caminar de manera segura.<\/p>\n","protected":false},"excerpt":{"rendered":"<p>Adaptado a cada beb\u00e9 Cuenta con 2 posiciones de altura, lo que permite adaptar el andador de acuerdo al crecimiento de tu peque\u00f1o. Esta regulaci\u00f3n, le garantiza aprender a caminar de manera segura.<\/p>\n","protected":false},"featured_media":24252,"comment_status":"open","ping_status":"closed","template":"","meta":[],"product_cat":[60,61,21],"product_tag":[],"class_list":{"0":"post-12836","1":"product","2":"type-product","3":"status-publish","4":"has-post-thumbnail","6":"product_cat-andadores-y-caminadores","7":"product_cat-andadores-y-veh-culos-de-beb-s","8":"product_cat-beb-s","10":"first","11":"instock","12":"shipping-taxable","13":"purchasable","14":"product-type-simple"},"_links":{"self":[{"href":"https:\/\/www.digamo.uy\/index.php\/wp-json\/wp\/v2\/product\/12836","targetHints":{"allow":["GET"]}}],"collection":[{"href":"https:\/\/www.digamo.uy\/index.php\/wp-json\/wp\/v2\/product"}],"about":[{"href":"https:\/\/www.digamo.uy\/index.php\/wp-json\/wp\/v2\/types\/product"}],"replies":[{"embeddable":true,"href":"https:\/\/www.digamo.uy\/index.php\/wp-json\/wp\/v2\/comments?post=12836"}],"wp:featuredmedia":[{"embeddable":true,"href":"https:\/\/www.digamo.uy\/index.php\/wp-json\/wp\/v2\/media\/24252"}],"wp:attachment":[{"href":"https:\/\/www.digamo.uy\/index.php\/wp-json\/wp\/v2\/media?parent=12836"}],"wp:term":[{"taxonomy":"product_cat","embeddable":true,"href":"https:\/\/www.digamo.uy\/index.php\/wp-json\/wp\/v2\/product_cat?post=12836"},{"taxonomy":"product_tag","embeddable":true,"href":"https:\/\/www.digamo.uy\/index.php\/wp-json\/wp\/v2\/product_tag?post=12836"}],"curies":[{"name":"wp","href":"https:\/\/api.w.org\/{rel}","templated":true}]}}