{"id":12900,"date":"2024-06-02T18:40:05","date_gmt":"2024-06-02T21:40:05","guid":{"rendered":"https:\/\/www.digamo.uy\/index.php\/producto\/producto-412\/"},"modified":"2024-08-15T19:27:47","modified_gmt":"2024-08-15T22:27:47","slug":"producto-412","status":"publish","type":"product","link":"https:\/\/www.digamo.uy\/index.php\/producto\/producto-412\/","title":{"rendered":"Bebote Mu\u00f1eca Reborn 41 Cm Con Accesorios Bebe Con Pa\u00f1uelo"},"content":{"rendered":"<p>Bebote reborn 41 cm. con accesorios pa\u00f1uelo (16T04C)<\/p>\n<p>Hermoso beb\u00e9 reborn de 41 cm.<br \/>\nEs de excelente calidad, se le ven los pliegues en brazos y piernas caracter\u00edsticas de un bebe real.<br \/>\nEste beb\u00e9 es de GOMA completa, se puede ba\u00f1ar.<br \/>\nAbre y cierra los ojos Ideal para ni\u00f1os\/as de +24 meses.<br \/>\nIncluye: &#8211; conjunto de ropa igual o similar a la im\u00e1gen<br \/>\n&#8211; peine<br \/>\n&#8211; espejo<br \/>\n&#8211; jabonera con jabon<br \/>\n&#8211; esponja<br \/>\n&#8211; colonia<br \/>\n&#8211; talco<br \/>\n&#8211; jabon liquido<\/p>\n<p>Presentaci\u00f3n:<br \/>\nViene en caja tal cual se ve en la imagen.<\/p>\n","protected":false},"excerpt":{"rendered":"<p>Bebote reborn 41 cm. con accesorios pa\u00f1uelo (16T04C) Hermoso beb\u00e9 reborn de 41 cm. Es de excelente calidad, se le ven los pliegues en brazos y piernas caracter\u00edsticas de un bebe real. Este beb\u00e9 es de GOMA completa, se puede ba\u00f1ar. Abre y cierra los ojos Ideal para ni\u00f1os\/as de [&hellip;]<\/p>\n","protected":false},"featured_media":24305,"comment_status":"open","ping_status":"closed","template":"","meta":[],"product_cat":[24,300,48],"product_tag":[],"class_list":{"0":"post-12900","1":"product","2":"type-product","3":"status-publish","4":"has-post-thumbnail","6":"product_cat-juegos-y-juguetes","7":"product_cat-mu-ecas-y-bebotes","8":"product_cat-mu-ecos-y-mu-ecas","10":"first","11":"outofstock","12":"shipping-taxable","13":"purchasable","14":"product-type-simple"},"_links":{"self":[{"href":"https:\/\/www.digamo.uy\/index.php\/wp-json\/wp\/v2\/product\/12900","targetHints":{"allow":["GET"]}}],"collection":[{"href":"https:\/\/www.digamo.uy\/index.php\/wp-json\/wp\/v2\/product"}],"about":[{"href":"https:\/\/www.digamo.uy\/index.php\/wp-json\/wp\/v2\/types\/product"}],"replies":[{"embeddable":true,"href":"https:\/\/www.digamo.uy\/index.php\/wp-json\/wp\/v2\/comments?post=12900"}],"wp:featuredmedia":[{"embeddable":true,"href":"https:\/\/www.digamo.uy\/index.php\/wp-json\/wp\/v2\/media\/24305"}],"wp:attachment":[{"href":"https:\/\/www.digamo.uy\/index.php\/wp-json\/wp\/v2\/media?parent=12900"}],"wp:term":[{"taxonomy":"product_cat","embeddable":true,"href":"https:\/\/www.digamo.uy\/index.php\/wp-json\/wp\/v2\/product_cat?post=12900"},{"taxonomy":"product_tag","embeddable":true,"href":"https:\/\/www.digamo.uy\/index.php\/wp-json\/wp\/v2\/product_tag?post=12900"}],"curies":[{"name":"wp","href":"https:\/\/api.w.org\/{rel}","templated":true}]}}