{"id":12902,"date":"2024-06-02T18:40:06","date_gmt":"2024-06-02T21:40:06","guid":{"rendered":"https:\/\/www.digamo.uy\/index.php\/producto\/producto-414\/"},"modified":"2024-08-15T19:27:00","modified_gmt":"2024-08-15T22:27:00","slug":"producto-414","status":"publish","type":"product","link":"https:\/\/www.digamo.uy\/index.php\/producto\/producto-414\/","title":{"rendered":"Silla Mecedora Con Vibraci\u00f3n Y Sonido Animales De La Selva Color Azul Le\u00f3n Y Koala"},"content":{"rendered":"<p>Como sabemos que los m\u00e1s peque\u00f1os tienen que tener lo mejor, con la mecedora Baby One 100317-BOU van a llenar la casa de sonrisas y felicidad. Este producto lo acompa\u00f1ar\u00e1 en la gran aventura de descubrir el mundo, brind\u00e1ndole confort en su vida diaria.<\/p>\n<p>Juguetes al alcance de la mano<br \/>\nLa barra de juguetes es desmontable, lo que posibilitar\u00e1 que tu beb\u00e9 est\u00e9 a gusto en todo momento y actividad que tenga que realizar.<\/p>\n","protected":false},"excerpt":{"rendered":"<p>Como sabemos que los m\u00e1s peque\u00f1os tienen que tener lo mejor, con la mecedora Baby One 100317-BOU van a llenar la casa de sonrisas y felicidad. Este producto lo acompa\u00f1ar\u00e1 en la gran aventura de descubrir el mundo, brind\u00e1ndole confort en su vida diaria. Juguetes al alcance de la mano [&hellip;]<\/p>\n","protected":false},"featured_media":24293,"comment_status":"open","ping_status":"closed","template":"","meta":[],"product_cat":[21,52,93,92],"product_tag":[],"class_list":{"0":"post-12902","1":"product","2":"type-product","3":"status-publish","4":"has-post-thumbnail","6":"product_cat-beb-s","7":"product_cat-juegos-y-juguetes-para-beb-s","8":"product_cat-mecedoras-y-saltarines","9":"product_cat-sillas-mecedoras","11":"first","12":"instock","13":"shipping-taxable","14":"purchasable","15":"product-type-simple"},"_links":{"self":[{"href":"https:\/\/www.digamo.uy\/index.php\/wp-json\/wp\/v2\/product\/12902","targetHints":{"allow":["GET"]}}],"collection":[{"href":"https:\/\/www.digamo.uy\/index.php\/wp-json\/wp\/v2\/product"}],"about":[{"href":"https:\/\/www.digamo.uy\/index.php\/wp-json\/wp\/v2\/types\/product"}],"replies":[{"embeddable":true,"href":"https:\/\/www.digamo.uy\/index.php\/wp-json\/wp\/v2\/comments?post=12902"}],"wp:featuredmedia":[{"embeddable":true,"href":"https:\/\/www.digamo.uy\/index.php\/wp-json\/wp\/v2\/media\/24293"}],"wp:attachment":[{"href":"https:\/\/www.digamo.uy\/index.php\/wp-json\/wp\/v2\/media?parent=12902"}],"wp:term":[{"taxonomy":"product_cat","embeddable":true,"href":"https:\/\/www.digamo.uy\/index.php\/wp-json\/wp\/v2\/product_cat?post=12902"},{"taxonomy":"product_tag","embeddable":true,"href":"https:\/\/www.digamo.uy\/index.php\/wp-json\/wp\/v2\/product_tag?post=12902"}],"curies":[{"name":"wp","href":"https:\/\/api.w.org\/{rel}","templated":true}]}}