{"id":13586,"date":"2024-08-13T20:47:12","date_gmt":"2024-08-13T23:47:12","guid":{"rendered":"https:\/\/www.digamo.uy\/index.php\/producto\/producto\/"},"modified":"2024-08-15T19:39:35","modified_gmt":"2024-08-15T22:39:35","slug":"movil-carrusel-animales-para-coche-y-silla-de-viaje-de-bebe","status":"publish","type":"product","link":"https:\/\/www.digamo.uy\/index.php\/producto\/movil-carrusel-animales-para-coche-y-silla-de-viaje-de-bebe\/","title":{"rendered":"Movil Carrusel Animales Para Coche Y Silla De Viaje De Bebe"},"content":{"rendered":"<p>Movil carrusel con pinza (T12095)<\/p>\n<p>Descripci\u00f3n general<br \/>\nPresentamos nuestro juguete de actividad suave dise\u00f1ado para beb\u00e9s, que es perfecto para la diversi\u00f3n y el desarrollo mientras viajan.<br \/>\nEl nuevo cochecito m\u00f3vil de Taf Toys es colorido e interactivo, dise\u00f1ado para entretener y estimular a los beb\u00e9s mientras est\u00e1n en sus cochecitos.<br \/>\nPresenta una variedad de elementos que incluyen el conejito Rylee, una zanahoria y juguetes colgantes de tulip\u00e1n, que cuelgan de un dosel verde, lo que fomenta el desarrollo de habilidades de seguimiento visual.<br \/>\nEl m\u00f3vil tambi\u00e9n incluye un timbre y un mordedor de hojas para que los beb\u00e9s exploren.<\/p>\n<p>Detalles<br \/>\nEste juguete le proporciona a su beb\u00e9 un relajante juguete con campanas que tambi\u00e9n funciona como mordedor.<br \/>\nSe fija f\u00e1cilmente con un clip extragrande, lo que facilita llevarlo a donde quiera que vaya.<br \/>\nEl juguete es liviano y est\u00e1 lleno de acci\u00f3n, lo que lo hace perfecto para divertirse al aire libre con mayor facilidad.<\/p>\n<p>Valores de desarrollo<br \/>\nJugar con este juguete de actividades ayuda a desarrollar los sentidos y las habilidades motoras de su beb\u00e9 al interactuar con los mu\u00f1ecos y las funciones colgantes.<\/p>\n<p>Jugar con juguetes colgantes apoya el desarrollo de los sentidos y las habilidades motoras del ni\u00f1o\/a<br \/>\nApto para ni\u00f1o\/as desde el nacimiento.<\/p>\n","protected":false},"excerpt":{"rendered":"<p>Movil carrusel con pinza (T12095) Descripci\u00f3n general Presentamos nuestro juguete de actividad suave dise\u00f1ado para beb\u00e9s, que es perfecto para la diversi\u00f3n y el desarrollo mientras viajan. El nuevo cochecito m\u00f3vil de Taf Toys es colorido e interactivo, dise\u00f1ado para entretener y estimular a los beb\u00e9s mientras est\u00e1n en sus [&hellip;]<\/p>\n","protected":false},"featured_media":24676,"comment_status":"open","ping_status":"closed","template":"","meta":[],"product_cat":[21,52,51],"product_tag":[],"class_list":{"0":"post-13586","1":"product","2":"type-product","3":"status-publish","4":"has-post-thumbnail","6":"product_cat-beb-s","7":"product_cat-juegos-y-juguetes-para-beb-s","8":"product_cat-m-viles-para-cunas","10":"first","11":"instock","12":"shipping-taxable","13":"purchasable","14":"product-type-simple"},"_links":{"self":[{"href":"https:\/\/www.digamo.uy\/index.php\/wp-json\/wp\/v2\/product\/13586","targetHints":{"allow":["GET"]}}],"collection":[{"href":"https:\/\/www.digamo.uy\/index.php\/wp-json\/wp\/v2\/product"}],"about":[{"href":"https:\/\/www.digamo.uy\/index.php\/wp-json\/wp\/v2\/types\/product"}],"replies":[{"embeddable":true,"href":"https:\/\/www.digamo.uy\/index.php\/wp-json\/wp\/v2\/comments?post=13586"}],"wp:featuredmedia":[{"embeddable":true,"href":"https:\/\/www.digamo.uy\/index.php\/wp-json\/wp\/v2\/media\/24676"}],"wp:attachment":[{"href":"https:\/\/www.digamo.uy\/index.php\/wp-json\/wp\/v2\/media?parent=13586"}],"wp:term":[{"taxonomy":"product_cat","embeddable":true,"href":"https:\/\/www.digamo.uy\/index.php\/wp-json\/wp\/v2\/product_cat?post=13586"},{"taxonomy":"product_tag","embeddable":true,"href":"https:\/\/www.digamo.uy\/index.php\/wp-json\/wp\/v2\/product_tag?post=13586"}],"curies":[{"name":"wp","href":"https:\/\/api.w.org\/{rel}","templated":true}]}}