{"id":154,"date":"2023-07-03T22:17:12","date_gmt":"2023-07-04T01:17:12","guid":{"rendered":"https:\/\/www.digamo.uy\/index.php\/producto\/producto\/"},"modified":"2024-08-15T19:45:41","modified_gmt":"2024-08-15T22:45:41","slug":"t-rex-ataque-devorador-jurassic-word-dominion","status":"publish","type":"product","link":"https:\/\/www.digamo.uy\/index.php\/producto\/t-rex-ataque-devorador-jurassic-word-dominion\/","title":{"rendered":"T-rex &#8211; Ataque Devorador &#8211; Jurassic Word Dominion"},"content":{"rendered":"<p>T-Rex &#8211; Ataque devorador &#8211; Jurassic Word Dominion<\/p>\n<p>Jurassic World Dominion llega a casa con aventuras y emociones con este Thrash &#8216;n Devour Tyrannosaurus Rex con un aspecto fresco y marmolado, articulaciones m\u00f3viles, sonidos realistas y movimientos emocionantes<\/p>\n<p>Mueve la cola hacia arriba y el T. Rex se dobla hacia abajo con las mand\u00edbulas anchas para CHOMP en figuras de acci\u00f3n humanas o dinosaurios de 10 cms. <\/p>\n<p>Mueve la cola hacia abajo y se traga las figuras humanas por completo. <\/p>\n<p>Presiona el bot\u00f3n de cola en esta figura de 54 cms de largo para un poderoso rugido de dinosaurio. <\/p>\n<p>Mueve la cola para controlar la figura y crear acciones y sonidos dram\u00e1ticos, incluso con figuras en su mand\u00edbula<\/p>\n<p>Mueve la cola hacia arriba para dejar caer a los dinosaurios y sacar las figuras humanas y comienza de nuevo con el juego de golpear y devorar<\/p>\n<p>Descarga la aplicaci\u00f3n gratuita Jurassic World Facts (Android e iOS) y ve que el juego de dinosaurios se vuelve REAL! <\/p>\n<p>Encuentra el c\u00f3digo de ADN oculto y escan\u00e9alo con cualquier dispositivo inteligente para iniciar las opciones de realidad aumentada. Dispositivo inteligente no incluido<\/p>\n<p>AR permite a los ni\u00f1os estudiar el dinosaurio en el laboratorio con un divertido aprendizaje visual y explorar diferentes modos, como la t\u00e9rmica y la radiograf\u00eda <\/p>\n<p>Luego, ll\u00e9valo al siguiente nivel y trae dinosaurios a nuestro mundo a trav\u00e9s de AR, haz que el dinosaurio aparezca en cualquier habitaci\u00f3n. \u00a1Correr!<\/p>\n<p>Es una gran adici\u00f3n al mundo jur\u00e1sico en casa de cualquier amante de los dinosaurios. \u00a1Prep\u00e1rate para Thrash &#8216;n Devour!<\/p>\n","protected":false},"excerpt":{"rendered":"<p>T-Rex &#8211; Ataque devorador &#8211; Jurassic Word Dominion Jurassic World Dominion llega a casa con aventuras y emociones con este Thrash &#8216;n Devour Tyrannosaurus Rex con un aspecto fresco y marmolado, articulaciones m\u00f3viles, sonidos realistas y movimientos emocionantes Mueve la cola hacia arriba y el T. Rex se dobla hacia [&hellip;]<\/p>\n","protected":false},"featured_media":24883,"comment_status":"open","ping_status":"closed","template":"","meta":[],"product_cat":[24,47,48],"product_tag":[],"class_list":{"0":"post-154","1":"product","2":"type-product","3":"status-publish","4":"has-post-thumbnail","6":"product_cat-juegos-y-juguetes","7":"product_cat-mu-ecos-y-figuras-de-acci-n","8":"product_cat-mu-ecos-y-mu-ecas","10":"first","11":"outofstock","12":"shipping-taxable","13":"purchasable","14":"product-type-simple"},"_links":{"self":[{"href":"https:\/\/www.digamo.uy\/index.php\/wp-json\/wp\/v2\/product\/154","targetHints":{"allow":["GET"]}}],"collection":[{"href":"https:\/\/www.digamo.uy\/index.php\/wp-json\/wp\/v2\/product"}],"about":[{"href":"https:\/\/www.digamo.uy\/index.php\/wp-json\/wp\/v2\/types\/product"}],"replies":[{"embeddable":true,"href":"https:\/\/www.digamo.uy\/index.php\/wp-json\/wp\/v2\/comments?post=154"}],"wp:featuredmedia":[{"embeddable":true,"href":"https:\/\/www.digamo.uy\/index.php\/wp-json\/wp\/v2\/media\/24883"}],"wp:attachment":[{"href":"https:\/\/www.digamo.uy\/index.php\/wp-json\/wp\/v2\/media?parent=154"}],"wp:term":[{"taxonomy":"product_cat","embeddable":true,"href":"https:\/\/www.digamo.uy\/index.php\/wp-json\/wp\/v2\/product_cat?post=154"},{"taxonomy":"product_tag","embeddable":true,"href":"https:\/\/www.digamo.uy\/index.php\/wp-json\/wp\/v2\/product_tag?post=154"}],"curies":[{"name":"wp","href":"https:\/\/api.w.org\/{rel}","templated":true}]}}