{"id":183,"date":"2023-07-03T22:18:04","date_gmt":"2023-07-04T01:18:04","guid":{"rendered":"https:\/\/www.digamo.uy\/index.php\/producto\/producto\/"},"modified":"2024-08-15T19:46:32","modified_gmt":"2024-08-15T22:46:32","slug":"bus-omnibus-xilofon-didactico-arrastre-sonidos","status":"publish","type":"product","link":"https:\/\/www.digamo.uy\/index.php\/producto\/bus-omnibus-xilofon-didactico-arrastre-sonidos\/","title":{"rendered":"Bus \u00d3mnibus Xilof\u00f3n Did\u00e1ctico Arrastre Sonidos"},"content":{"rendered":"<p>Bus \u00d3mnibus did\u00e1ctico con xilof\u00f3n (YL102224)<\/p>\n<p>Bus xilof\u00f3n did\u00e1ctico<br \/>\nEdad recomendada: a partir de 2 a\u00f1os<\/p>\n","protected":false},"excerpt":{"rendered":"<p>Bus \u00d3mnibus did\u00e1ctico con xilof\u00f3n (YL102224) Bus xilof\u00f3n did\u00e1ctico Edad recomendada: a partir de 2 a\u00f1os<\/p>\n","protected":false},"featured_media":24912,"comment_status":"open","ping_status":"closed","template":"","meta":[],"product_cat":[24,50,49],"product_tag":[],"class_list":{"0":"post-183","1":"product","2":"type-product","3":"status-publish","4":"has-post-thumbnail","6":"product_cat-juegos-y-juguetes","7":"product_cat-veh-culos-de-juguete","8":"product_cat-veh-culos-sin-control-remoto","10":"first","11":"instock","12":"shipping-taxable","13":"purchasable","14":"product-type-variable"},"_links":{"self":[{"href":"https:\/\/www.digamo.uy\/index.php\/wp-json\/wp\/v2\/product\/183","targetHints":{"allow":["GET"]}}],"collection":[{"href":"https:\/\/www.digamo.uy\/index.php\/wp-json\/wp\/v2\/product"}],"about":[{"href":"https:\/\/www.digamo.uy\/index.php\/wp-json\/wp\/v2\/types\/product"}],"replies":[{"embeddable":true,"href":"https:\/\/www.digamo.uy\/index.php\/wp-json\/wp\/v2\/comments?post=183"}],"wp:featuredmedia":[{"embeddable":true,"href":"https:\/\/www.digamo.uy\/index.php\/wp-json\/wp\/v2\/media\/24912"}],"wp:attachment":[{"href":"https:\/\/www.digamo.uy\/index.php\/wp-json\/wp\/v2\/media?parent=183"}],"wp:term":[{"taxonomy":"product_cat","embeddable":true,"href":"https:\/\/www.digamo.uy\/index.php\/wp-json\/wp\/v2\/product_cat?post=183"},{"taxonomy":"product_tag","embeddable":true,"href":"https:\/\/www.digamo.uy\/index.php\/wp-json\/wp\/v2\/product_tag?post=183"}],"curies":[{"name":"wp","href":"https:\/\/api.w.org\/{rel}","templated":true}]}}