{"id":2399,"date":"2023-07-04T15:18:10","date_gmt":"2023-07-04T18:18:10","guid":{"rendered":"https:\/\/www.digamo.uy\/index.php\/producto\/producto\/"},"modified":"2024-08-15T22:10:11","modified_gmt":"2024-08-16T01:10:11","slug":"coche-travel-system-duo-ride-infanti","status":"publish","type":"product","link":"https:\/\/www.digamo.uy\/index.php\/producto\/coche-travel-system-duo-ride-infanti\/","title":{"rendered":"Coche Travel System &#8211; Duo Ride &#8211; Infanti"},"content":{"rendered":"<p>Travel System &#8211; Duo Ride &#8211; Infanti (S813)<\/p>\n<p>Recomendado para hermanitos de 0 a 4 a\u00f1os &#8211; COCHE DOBLE + 2 BABY SILLAS C\/BASE<\/p>\n<p>Infanti reafirma aqu\u00ed su compromiso con el dise\u00f1o de m\u00e1xima calidad y seguridad, brindando confianza a padres e hijos. <\/p>\n<p>Pensando en la tranquilidad y comodidad, te trae ahora su travel-systrem para hermanitos DUO RIDE. <\/p>\n<p>Comprende un coche cuan doble, m\u00e1s dos baby-sillas con base para autos. <\/p>\n<p>Con \u00e9l podr\u00e1s hacer dormir o trasladar a tus peque\u00f1os de manera m\u00e1s suave y confortable todav\u00eda.<\/p>\n<p>Caracter\u00edsticas:<br \/>\n&#8211; Travel-system para dos ni\u00f1os, de dise\u00f1o innovador, seguro y confortable.<br \/>\n&#8211; Estructura de aluminio y moderno dise\u00f1o europeo.<br \/>\n&#8211; Fabricado con materiales de alta calidad y resistencia, f\u00e1cil de limpiar.<br \/>\n&#8211; Incluye dos baby-sillas de paseo, con sus dos bases para el auto.<br \/>\n&#8211; Asientos reversibles e independientes que pueden colocarse en varias posiciones: ambos de frente, ambos de espalda, frente a frente, espalda con espalda o solo un ni\u00f1o.<br \/>\n&#8211; Cuatro posiciones de reclinado.<br \/>\n&#8211; Toldos tipo europeo completos.<br \/>\n&#8211; Cinturones de seguridad de 5 puntas.<br \/>\n&#8211; Barrales delanteros acolchados y desmontables.<br \/>\n&#8211; Porta-vasos para padres.<br \/>\n&#8211; Apoyapi\u00e9s regulables.<br \/>\n&#8211; Ruedas con amortiguaci\u00f3n.<br \/>\n&#8211; Ruedas traseras grandes, desmontables, todo-terreno y con freno.<br \/>\n&#8211; Ruedas frontales opcionalmente pivotantes o fijas.<br \/>\n&#8211; Amplio canasto inferior porta-objetos.<br \/>\n&#8211; Cierre y armado muy simple. Pegado compacto para su traslado.<\/p>\n<p>Especificaciones:<br \/>\n&#8211; Peso recomendable coche: de 0 a 18kg (de 0 a 4 a\u00f1os).<br \/>\n&#8211; Peso recomendable baby-sillas: de 0 a 13kg (de 0 a 18 meses).<br \/>\n&#8211; Medidas coche cerrado (largo x ancho x alto): 39 x 45 x 87 cm<br \/>\n&#8211; Medidas de cada baby-silla (largo x ancho x alto): 66 x 46 x 55.<br \/>\n&#8211; Peso del choche: 13,900kg.<br \/>\n&#8211; Peso de cada baby-silla: 3,300kg.<\/p>\n<p>Color disponible: gris con negro.<\/p>\n","protected":false},"excerpt":{"rendered":"<p>Travel System &#8211; Duo Ride &#8211; Infanti (S813) Recomendado para hermanitos de 0 a 4 a\u00f1os &#8211; COCHE DOBLE + 2 BABY SILLAS C\/BASE Infanti reafirma aqu\u00ed su compromiso con el dise\u00f1o de m\u00e1xima calidad y seguridad, brindando confianza a padres e hijos. Pensando en la tranquilidad y comodidad, te [&hellip;]<\/p>\n","protected":false},"featured_media":27845,"comment_status":"open","ping_status":"closed","template":"","meta":[],"product_cat":[21,104,28],"product_tag":[],"class_list":{"0":"post-2399","1":"product","2":"type-product","3":"status-publish","4":"has-post-thumbnail","6":"product_cat-beb-s","7":"product_cat-cochecitos-para-beb-s","8":"product_cat-paseo-del-beb","10":"first","11":"outofstock","12":"shipping-taxable","13":"purchasable","14":"product-type-simple"},"_links":{"self":[{"href":"https:\/\/www.digamo.uy\/index.php\/wp-json\/wp\/v2\/product\/2399","targetHints":{"allow":["GET"]}}],"collection":[{"href":"https:\/\/www.digamo.uy\/index.php\/wp-json\/wp\/v2\/product"}],"about":[{"href":"https:\/\/www.digamo.uy\/index.php\/wp-json\/wp\/v2\/types\/product"}],"replies":[{"embeddable":true,"href":"https:\/\/www.digamo.uy\/index.php\/wp-json\/wp\/v2\/comments?post=2399"}],"wp:featuredmedia":[{"embeddable":true,"href":"https:\/\/www.digamo.uy\/index.php\/wp-json\/wp\/v2\/media\/27845"}],"wp:attachment":[{"href":"https:\/\/www.digamo.uy\/index.php\/wp-json\/wp\/v2\/media?parent=2399"}],"wp:term":[{"taxonomy":"product_cat","embeddable":true,"href":"https:\/\/www.digamo.uy\/index.php\/wp-json\/wp\/v2\/product_cat?post=2399"},{"taxonomy":"product_tag","embeddable":true,"href":"https:\/\/www.digamo.uy\/index.php\/wp-json\/wp\/v2\/product_tag?post=2399"}],"curies":[{"name":"wp","href":"https:\/\/api.w.org\/{rel}","templated":true}]}}