{"id":2425,"date":"2023-07-04T15:18:49","date_gmt":"2023-07-04T18:18:49","guid":{"rendered":"https:\/\/www.digamo.uy\/index.php\/producto\/producto\/"},"modified":"2024-08-15T22:11:03","modified_gmt":"2024-08-16T01:11:03","slug":"booster-savile-grand-prix-infanti","status":"publish","type":"product","link":"https:\/\/www.digamo.uy\/index.php\/producto\/booster-savile-grand-prix-infanti\/","title":{"rendered":"Booster &#8211; Savile Grand Prix &#8211; Infanti"},"content":{"rendered":"<p>Booster &#8211; Savile Grand Prix &#8211; Infanti (V6)<\/p>\n<p>Booster Savile V6 de Infanti para ni\u00f1os de 3 a 10 a\u00f1os o de 15 a 36 Kg.<\/p>\n<p>Caracter\u00edsticas:<br \/>\n&#8211; Arn\u00e9s de 5 puntas de sujeci\u00f3n<br \/>\n&#8211; Protecci\u00f3n lateral<br \/>\n&#8211; Apoya cabeza regulable en altura<br \/>\n&#8211; Apoya brazos<br \/>\n&#8211; Funda doble acolchado desmontable y lavable<\/p>\n<p>Especificaciones:<br \/>\nMedidas Largo: 86 cm X Ancho: 43 cm X Alto: 47 cm<br \/>\nPeso 5,5 kg<\/p>\n","protected":false},"excerpt":{"rendered":"<p>Booster &#8211; Savile Grand Prix &#8211; Infanti (V6) Booster Savile V6 de Infanti para ni\u00f1os de 3 a 10 a\u00f1os o de 15 a 36 Kg. Caracter\u00edsticas: &#8211; Arn\u00e9s de 5 puntas de sujeci\u00f3n &#8211; Protecci\u00f3n lateral &#8211; Apoya cabeza regulable en altura &#8211; Apoya brazos &#8211; Funda doble acolchado [&hellip;]<\/p>\n","protected":false},"featured_media":27872,"comment_status":"open","ping_status":"closed","template":"","meta":[],"product_cat":[21,28,27],"product_tag":[],"class_list":{"0":"post-2425","1":"product","2":"type-product","3":"status-publish","4":"has-post-thumbnail","6":"product_cat-beb-s","7":"product_cat-paseo-del-beb","8":"product_cat-sillas-para-autos","10":"first","11":"outofstock","12":"shipping-taxable","13":"purchasable","14":"product-type-simple"},"_links":{"self":[{"href":"https:\/\/www.digamo.uy\/index.php\/wp-json\/wp\/v2\/product\/2425","targetHints":{"allow":["GET"]}}],"collection":[{"href":"https:\/\/www.digamo.uy\/index.php\/wp-json\/wp\/v2\/product"}],"about":[{"href":"https:\/\/www.digamo.uy\/index.php\/wp-json\/wp\/v2\/types\/product"}],"replies":[{"embeddable":true,"href":"https:\/\/www.digamo.uy\/index.php\/wp-json\/wp\/v2\/comments?post=2425"}],"wp:featuredmedia":[{"embeddable":true,"href":"https:\/\/www.digamo.uy\/index.php\/wp-json\/wp\/v2\/media\/27872"}],"wp:attachment":[{"href":"https:\/\/www.digamo.uy\/index.php\/wp-json\/wp\/v2\/media?parent=2425"}],"wp:term":[{"taxonomy":"product_cat","embeddable":true,"href":"https:\/\/www.digamo.uy\/index.php\/wp-json\/wp\/v2\/product_cat?post=2425"},{"taxonomy":"product_tag","embeddable":true,"href":"https:\/\/www.digamo.uy\/index.php\/wp-json\/wp\/v2\/product_tag?post=2425"}],"curies":[{"name":"wp","href":"https:\/\/api.w.org\/{rel}","templated":true}]}}