{"id":2434,"date":"2023-07-04T15:18:59","date_gmt":"2023-07-04T18:18:59","guid":{"rendered":"https:\/\/www.digamo.uy\/index.php\/producto\/producto\/"},"modified":"2024-08-15T22:10:50","modified_gmt":"2024-08-16T01:10:50","slug":"booster-savile-vario-infanti","status":"publish","type":"product","link":"https:\/\/www.digamo.uy\/index.php\/producto\/booster-savile-vario-infanti\/","title":{"rendered":"Booster &#8211; Savile Vario &#8211; Infanti"},"content":{"rendered":"<p>Booster &#8211; Savile Vario &#8211; Infanti (N101)<\/p>\n<p>Silla de auto grupo 2 y 3, para ni\u00f1os desde 15 a 36 kg.<br \/>\n\u00d3ptima protecci\u00f3n contra impactos laterales. Mantiene la cabeza, cuello y espalda alineado para minimizar lesiones.<br \/>\nGrupo 2 (15 a 25 kg), Grupo 3 (25 a 36 kg).<br \/>\nFijaci\u00f3n con el cintur\u00f3n de seguridad del auto.<br \/>\nApoya cabeza regulable en altura en 3 posiciones.<br \/>\nSe convierte f\u00e1cilmente en una silla de elevaci\u00f3n sin respaldar.<\/p>\n<p>Caracter\u00edsticas<br \/>\n&#8211; C\u00f3modo y seguro.<br \/>\n&#8211; Peso recomendado del ni\u00f1o: 15 a 36 kg.<br \/>\n&#8211; Edad recomendada 3 a 12 a\u00f1os.<br \/>\n&#8211; F\u00e1cil instalaci\u00f3n en el auto.<br \/>\n&#8211; Se utiliza con el cintur\u00f3n del coche de 3 puntas.<br \/>\n&#8211; F\u00e1cil de lavar.<br \/>\n&#8211; Funda acolchonada desmontable.<br \/>\n&#8211; Apoya cabeza regulable en altura.<br \/>\n&#8211; Apoya brazos.<br \/>\n&#8211; Respaldo desmontable.<br \/>\n&#8211; Uso solo como silla de elevaci\u00f3n entre los 25 y 36 kg aproximadamente.<br \/>\n&#8211; Porta vaso en los laterales.<\/p>\n<p>Especificaciones:<br \/>\n&#8211; Medidas de la silla: altura m\u00ednima 65 cm, altura m\u00e1xima 72 cm, ancho 42 cm, profundidad 43 cm. (aproximadamente)<br \/>\n&#8211; Recomendado para ni\u00f1os de 15 a 36 kg.<br \/>\n&#8211; Grupo 2: peso 15 a 25 kg, de 3 a 6 a\u00f1os.<br \/>\n&#8211; Grupo 3: peso 22 a 36 kg, de 6 a 12 a\u00f1os.<br \/>\n&#8211; Cumple con la ley N\u00ba 19.061.<br \/>\n&#8211; Certificado por la norma Europea ECE R44\/04.<\/p>\n<p>IMPORTANTE: Consultar stock antes de confirmar su compra.<\/p>\n","protected":false},"excerpt":{"rendered":"<p>Booster &#8211; Savile Vario &#8211; Infanti (N101) Silla de auto grupo 2 y 3, para ni\u00f1os desde 15 a 36 kg. \u00d3ptima protecci\u00f3n contra impactos laterales. Mantiene la cabeza, cuello y espalda alineado para minimizar lesiones. Grupo 2 (15 a 25 kg), Grupo 3 (25 a 36 kg). Fijaci\u00f3n con [&hellip;]<\/p>\n","protected":false},"featured_media":27865,"comment_status":"open","ping_status":"closed","template":"","meta":[],"product_cat":[21,28,27],"product_tag":[],"class_list":{"0":"post-2434","1":"product","2":"type-product","3":"status-publish","4":"has-post-thumbnail","6":"product_cat-beb-s","7":"product_cat-paseo-del-beb","8":"product_cat-sillas-para-autos","10":"first","11":"outofstock","12":"shipping-taxable","13":"purchasable","14":"product-type-simple"},"_links":{"self":[{"href":"https:\/\/www.digamo.uy\/index.php\/wp-json\/wp\/v2\/product\/2434","targetHints":{"allow":["GET"]}}],"collection":[{"href":"https:\/\/www.digamo.uy\/index.php\/wp-json\/wp\/v2\/product"}],"about":[{"href":"https:\/\/www.digamo.uy\/index.php\/wp-json\/wp\/v2\/types\/product"}],"replies":[{"embeddable":true,"href":"https:\/\/www.digamo.uy\/index.php\/wp-json\/wp\/v2\/comments?post=2434"}],"wp:featuredmedia":[{"embeddable":true,"href":"https:\/\/www.digamo.uy\/index.php\/wp-json\/wp\/v2\/media\/27865"}],"wp:attachment":[{"href":"https:\/\/www.digamo.uy\/index.php\/wp-json\/wp\/v2\/media?parent=2434"}],"wp:term":[{"taxonomy":"product_cat","embeddable":true,"href":"https:\/\/www.digamo.uy\/index.php\/wp-json\/wp\/v2\/product_cat?post=2434"},{"taxonomy":"product_tag","embeddable":true,"href":"https:\/\/www.digamo.uy\/index.php\/wp-json\/wp\/v2\/product_tag?post=2434"}],"curies":[{"name":"wp","href":"https:\/\/api.w.org\/{rel}","templated":true}]}}