{"id":2446,"date":"2023-07-04T15:19:17","date_gmt":"2023-07-04T18:19:17","guid":{"rendered":"https:\/\/www.digamo.uy\/index.php\/producto\/producto\/"},"modified":"2024-08-15T22:11:22","modified_gmt":"2024-08-16T01:11:22","slug":"booster-respaldo-cosco","status":"publish","type":"product","link":"https:\/\/www.digamo.uy\/index.php\/producto\/booster-respaldo-cosco\/","title":{"rendered":"Booster Respaldo &#8211; Cosco"},"content":{"rendered":"<p>Booster respaldo &#8211; Cosco (22209)<\/p>\n<p>El cosco high back booster es un asiento sensacional dise\u00f1ado teniendo en cuenta la comodidad y la seguridad. <\/p>\n<p>Es una combinaci\u00f3n de respaldo alto y asiento elevador de posicionamiento del cintur\u00f3n. <\/p>\n<p>Esto asegura un ni\u00f1o que pesa 10 &#8211; 36 Kgs. <\/p>\n<p>Este asiento para el autom\u00f3vil est\u00e1 equipado con un pestillo para una f\u00e1cil instalaci\u00f3n y uso con el sistema de arn\u00e9s de 5 puntos. <\/p>\n<p>Cuando el ni\u00f1o supera las 18 Kgs y 105 cm, el asiento del auto se convierte en un refuerzo de posicionamiento del cintur\u00f3n para el ni\u00f1o de 18 &#8211; 36 Kgs.<\/p>\n<p>Caracter\u00edsticas:<br \/>\n&#8211; Perfil delgado y dise\u00f1o liviano<br \/>\n&#8211; Almohadilla del asiento acolchado<br \/>\n&#8211; Portavasos extra\u00edble<br \/>\n&#8211; Arn\u00e9s de 5 puntos<br \/>\n&#8211; Ajuste del arn\u00e9s delantero<\/p>\n<p>IMPORTANTE: Consultar stock antes de confirmar su compra.<\/p>\n","protected":false},"excerpt":{"rendered":"<p>Booster respaldo &#8211; Cosco (22209) El cosco high back booster es un asiento sensacional dise\u00f1ado teniendo en cuenta la comodidad y la seguridad. Es una combinaci\u00f3n de respaldo alto y asiento elevador de posicionamiento del cintur\u00f3n. Esto asegura un ni\u00f1o que pesa 10 &#8211; 36 Kgs. Este asiento para el [&hellip;]<\/p>\n","protected":false},"featured_media":27883,"comment_status":"open","ping_status":"closed","template":"","meta":[],"product_cat":[21,28,27],"product_tag":[],"class_list":{"0":"post-2446","1":"product","2":"type-product","3":"status-publish","4":"has-post-thumbnail","6":"product_cat-beb-s","7":"product_cat-paseo-del-beb","8":"product_cat-sillas-para-autos","10":"first","11":"outofstock","12":"shipping-taxable","13":"purchasable","14":"product-type-simple"},"_links":{"self":[{"href":"https:\/\/www.digamo.uy\/index.php\/wp-json\/wp\/v2\/product\/2446","targetHints":{"allow":["GET"]}}],"collection":[{"href":"https:\/\/www.digamo.uy\/index.php\/wp-json\/wp\/v2\/product"}],"about":[{"href":"https:\/\/www.digamo.uy\/index.php\/wp-json\/wp\/v2\/types\/product"}],"replies":[{"embeddable":true,"href":"https:\/\/www.digamo.uy\/index.php\/wp-json\/wp\/v2\/comments?post=2446"}],"wp:featuredmedia":[{"embeddable":true,"href":"https:\/\/www.digamo.uy\/index.php\/wp-json\/wp\/v2\/media\/27883"}],"wp:attachment":[{"href":"https:\/\/www.digamo.uy\/index.php\/wp-json\/wp\/v2\/media?parent=2446"}],"wp:term":[{"taxonomy":"product_cat","embeddable":true,"href":"https:\/\/www.digamo.uy\/index.php\/wp-json\/wp\/v2\/product_cat?post=2446"},{"taxonomy":"product_tag","embeddable":true,"href":"https:\/\/www.digamo.uy\/index.php\/wp-json\/wp\/v2\/product_tag?post=2446"}],"curies":[{"name":"wp","href":"https:\/\/api.w.org\/{rel}","templated":true}]}}