{"id":2461,"date":"2023-07-04T15:19:44","date_gmt":"2023-07-04T18:19:44","guid":{"rendered":"https:\/\/www.digamo.uy\/index.php\/producto\/producto\/"},"modified":"2024-08-15T22:12:29","modified_gmt":"2024-08-16T01:12:29","slug":"coche-de-bebe-travel-system-sin-base-purpura-pompeya-infanti","status":"publish","type":"product","link":"https:\/\/www.digamo.uy\/index.php\/producto\/coche-de-bebe-travel-system-sin-base-purpura-pompeya-infanti\/","title":{"rendered":"Coche De Bebe Travel System Sin Base Purpura Pompeya Infanti"},"content":{"rendered":"<p>Travel System &#8211; Pompeya &#8211; Infanti Joie (SE30)<\/p>\n<p>Caracter\u00edsticas:<br \/>\n&#8211; Anclaje central y met\u00e1lico.<br \/>\n&#8211; 3 reclinaciones fijas y mec\u00e1nicas.<br \/>\n&#8211; Telas suaves con algod\u00f3n.<br \/>\n&#8211; Acolchado adicional extra\u00edble y lavable.<br \/>\n&#8211; Zonas reflectantes.<br \/>\n&#8211; Liviano y f\u00e1cil de transportar.<br \/>\n&#8211; Sistema de amortiguaci\u00f3n independiente.<br \/>\n&#8211; Bandeja para padres con doble porta vaso.<br \/>\n&#8211; Bandeja para ni\u00f1os con porta vaso.<br \/>\n&#8211; Arn\u00e9s de 5 puntas.<br \/>\n&#8211; Descansa pies regulable en 6 posiciones.<br \/>\n&#8211; Ruedas delanteras giratorias y bloqueables, para todo tipo de terreno.<br \/>\n&#8211; Frenos en ruedas traseras.<\/p>\n","protected":false},"excerpt":{"rendered":"<p>Travel System &#8211; Pompeya &#8211; Infanti Joie (SE30) Caracter\u00edsticas: &#8211; Anclaje central y met\u00e1lico. &#8211; 3 reclinaciones fijas y mec\u00e1nicas. &#8211; Telas suaves con algod\u00f3n. &#8211; Acolchado adicional extra\u00edble y lavable. &#8211; Zonas reflectantes. &#8211; Liviano y f\u00e1cil de transportar. &#8211; Sistema de amortiguaci\u00f3n independiente. &#8211; Bandeja para padres con [&hellip;]<\/p>\n","protected":false},"featured_media":27910,"comment_status":"open","ping_status":"closed","template":"","meta":[],"product_cat":[21,104,28],"product_tag":[],"class_list":{"0":"post-2461","1":"product","2":"type-product","3":"status-publish","4":"has-post-thumbnail","6":"product_cat-beb-s","7":"product_cat-cochecitos-para-beb-s","8":"product_cat-paseo-del-beb","10":"first","11":"outofstock","12":"shipping-taxable","13":"purchasable","14":"product-type-simple"},"_links":{"self":[{"href":"https:\/\/www.digamo.uy\/index.php\/wp-json\/wp\/v2\/product\/2461","targetHints":{"allow":["GET"]}}],"collection":[{"href":"https:\/\/www.digamo.uy\/index.php\/wp-json\/wp\/v2\/product"}],"about":[{"href":"https:\/\/www.digamo.uy\/index.php\/wp-json\/wp\/v2\/types\/product"}],"replies":[{"embeddable":true,"href":"https:\/\/www.digamo.uy\/index.php\/wp-json\/wp\/v2\/comments?post=2461"}],"wp:featuredmedia":[{"embeddable":true,"href":"https:\/\/www.digamo.uy\/index.php\/wp-json\/wp\/v2\/media\/27910"}],"wp:attachment":[{"href":"https:\/\/www.digamo.uy\/index.php\/wp-json\/wp\/v2\/media?parent=2461"}],"wp:term":[{"taxonomy":"product_cat","embeddable":true,"href":"https:\/\/www.digamo.uy\/index.php\/wp-json\/wp\/v2\/product_cat?post=2461"},{"taxonomy":"product_tag","embeddable":true,"href":"https:\/\/www.digamo.uy\/index.php\/wp-json\/wp\/v2\/product_tag?post=2461"}],"curies":[{"name":"wp","href":"https:\/\/api.w.org\/{rel}","templated":true}]}}