{"id":2472,"date":"2023-07-04T15:19:56","date_gmt":"2023-07-04T18:19:56","guid":{"rendered":"https:\/\/www.digamo.uy\/index.php\/producto\/producto\/"},"modified":"2024-08-15T22:12:42","modified_gmt":"2024-08-16T01:12:42","slug":"coche-travel-system-boston-infanti-joie","status":"publish","type":"product","link":"https:\/\/www.digamo.uy\/index.php\/producto\/coche-travel-system-boston-infanti-joie\/","title":{"rendered":"Coche Travel System &#8211; Boston &#8211; Infanti Joie"},"content":{"rendered":"<p>Travel System &#8211; Boston &#8211; Infanti Joie (GB16T)<\/p>\n<p>Caracter\u00edsticas:<br \/>\n&#8211; Cierre autom\u00e1tico<br \/>\n&#8211; Marco de aluminioultra liviano<br \/>\n&#8211; Plegado compacto<br \/>\n&#8211; Se pliega con mois\u00e9s<br \/>\n&#8211; Mango ergonom\u00e9trico<br \/>\n&#8211; Manillas ajustable<br \/>\n&#8211; Silla de auto con instalaci\u00f3n reversible<br \/>\n&#8211; Multiposiciones de reclinado<br \/>\n&#8211; Toldo Europeo<br \/>\n&#8211; Canasto Amplio<br \/>\n&#8211; Mois\u00e9s con instalaci\u00f3n reversible<br \/>\n&#8211; Incluye Silla Nido para el auto con base con \u201cleg support\u00bb<\/p>\n<p>Especificaciones:<br \/>\n&#8211; Peso recomendado silla: 0 a 9 kilos<br \/>\n&#8211; Peso recomendado coche: 0 a 15 kilos<\/p>\n","protected":false},"excerpt":{"rendered":"<p>Travel System &#8211; Boston &#8211; Infanti Joie (GB16T) Caracter\u00edsticas: &#8211; Cierre autom\u00e1tico &#8211; Marco de aluminioultra liviano &#8211; Plegado compacto &#8211; Se pliega con mois\u00e9s &#8211; Mango ergonom\u00e9trico &#8211; Manillas ajustable &#8211; Silla de auto con instalaci\u00f3n reversible &#8211; Multiposiciones de reclinado &#8211; Toldo Europeo &#8211; Canasto Amplio &#8211; Mois\u00e9s [&hellip;]<\/p>\n","protected":false},"featured_media":27920,"comment_status":"open","ping_status":"closed","template":"","meta":[],"product_cat":[21,104,28],"product_tag":[],"class_list":{"0":"post-2472","1":"product","2":"type-product","3":"status-publish","4":"has-post-thumbnail","6":"product_cat-beb-s","7":"product_cat-cochecitos-para-beb-s","8":"product_cat-paseo-del-beb","10":"first","11":"outofstock","12":"shipping-taxable","13":"purchasable","14":"product-type-simple"},"_links":{"self":[{"href":"https:\/\/www.digamo.uy\/index.php\/wp-json\/wp\/v2\/product\/2472","targetHints":{"allow":["GET"]}}],"collection":[{"href":"https:\/\/www.digamo.uy\/index.php\/wp-json\/wp\/v2\/product"}],"about":[{"href":"https:\/\/www.digamo.uy\/index.php\/wp-json\/wp\/v2\/types\/product"}],"replies":[{"embeddable":true,"href":"https:\/\/www.digamo.uy\/index.php\/wp-json\/wp\/v2\/comments?post=2472"}],"wp:featuredmedia":[{"embeddable":true,"href":"https:\/\/www.digamo.uy\/index.php\/wp-json\/wp\/v2\/media\/27920"}],"wp:attachment":[{"href":"https:\/\/www.digamo.uy\/index.php\/wp-json\/wp\/v2\/media?parent=2472"}],"wp:term":[{"taxonomy":"product_cat","embeddable":true,"href":"https:\/\/www.digamo.uy\/index.php\/wp-json\/wp\/v2\/product_cat?post=2472"},{"taxonomy":"product_tag","embeddable":true,"href":"https:\/\/www.digamo.uy\/index.php\/wp-json\/wp\/v2\/product_tag?post=2472"}],"curies":[{"name":"wp","href":"https:\/\/api.w.org\/{rel}","templated":true}]}}