{"id":2480,"date":"2023-07-04T15:20:12","date_gmt":"2023-07-04T18:20:12","guid":{"rendered":"https:\/\/www.digamo.uy\/index.php\/producto\/producto\/"},"modified":"2024-08-15T22:12:14","modified_gmt":"2024-08-16T01:12:14","slug":"coche-travel-system-tucson-infanti-joie","status":"publish","type":"product","link":"https:\/\/www.digamo.uy\/index.php\/producto\/coche-travel-system-tucson-infanti-joie\/","title":{"rendered":"Coche Travel System &#8211; Tucson &#8211; Infanti Joie"},"content":{"rendered":"<p>Travel System &#8211; Tucson &#8211; Infanti Joie (G750)<\/p>\n<p>Caracter\u00edsticas:<br \/>\n&#8211; Cintur\u00f3n de 5 puntas.<br \/>\n&#8211; Reductor de cabezas.<br \/>\n&#8211; Tela s\u00faper acolchonada.<br \/>\n&#8211; Plegado f\u00e1cil con una mano.<br \/>\n&#8211; Cubre pies.\u00a0\u00a0\u00a0\u00a0\u00a0\u00a0\u00a0\u00a0\u00a0\u00a0\u00a0\u00a0\u00a0\u00a0\u00a0\u00a0\u00a0\u00a0\u00a0\u00a0\u00a0\u00a0\u00a0\u00a0\u00a0\u00a0\u00a0\u00a0\u00a0\u00a0\u00a0\u00a0\u00a0\u00a0\u00a0 \u00a0\u00a0\u00a0\u00a0\u00a0\u00a0\u00a0\u00a0\u00a0\u00a0\u00a0\u00a0\u00a0\u00a0\u00a0\u00a0\u00a0\u00a0\u00a0\u00a0\u00a0\u00a0\u00a0\u00a0\u00a0\u00a0\u00a0\u00a0\u00a0\u00a0\u00a0\u00a0\u00a0\u00a0\u00a0\u00a0\u00a0\u00a0\u00a0\u00a0\u00a0\u00a0\u00a0\u00a0\u00a0\u00a0\u00a0\u00a0\u00a0\u00a0\u00a0\u00a0\u00a0\u00a0\u00a0\u00a0\u00a0\u00a0\u00a0\u00a0\u00a0\u00a0\u00a0\u00a0\u00a0\u00a0\u00a0\u00a0\u00a0\u00a0\u00a0\u00a0\u00a0<br \/>\n&#8211; Seis grandes ruedas<br \/>\n&#8211; Ruedas delanteras con amortiguaci\u00f3n<br \/>\n&#8211; Ruedas delanteras con opci\u00f3n fija o giratoria.<br \/>\n&#8211; Frenos en ruedas delanteras.<br \/>\n&#8211; Freno trasero autom\u00e1tico.<br \/>\n&#8211; Tres posiciones de reclinado<br \/>\n&#8211; Se hace Cuna\u00a0\u00a0\u00a0\u00a0\u00a0\u00a0\u00a0\u00a0\u00a0\u00a0\u00a0\u00a0\u00a0\u00a0\u00a0\u00a0\u00a0\u00a0\u00a0\u00a0\u00a0\u00a0\u00a0\u00a0\u00a0\u00a0\u00a0\u00a0\u00a0\u00a0\u00a0\u00a0\u00a0\u00a0\u00a0\u00a0\u00a0\u00a0\u00a0\u00a0\u00a0\u00a0<br \/>\n&#8211; Capota con visor y accesorio para celular\u00a0\u00a0\u00a0\u00a0\u00a0\u00a0\u00a0\u00a0\u00a0\u00a0\u00a0\u00a0\u00a0\u00a0\u00a0\u00a0\u00a0\u00a0\u00a0\u00a0\u00a0\u00a0\u00a0\u00a0\u00a0\u00a0\u00a0\u00a0\u00a0\u00a0\u00a0\u00a0\u00a0\u00a0\u00a0\u00a0<br \/>\n&#8211; Canasto porta objetos extra grandes con resorte lateral para lograr una mayor facilidad de carga<br \/>\n&#8211; Bandeja con porta vasos<br \/>\n&#8211; Apoya pies con 3 posiciones<br \/>\n&#8211; Bandeja removible, con bisagra<br \/>\n&#8211; Luego del cerrado permanece parado<br \/>\n&#8211; Baby silla con Base para auto<\/p>\n","protected":false},"excerpt":{"rendered":"<p>Travel System &#8211; Tucson &#8211; Infanti Joie (G750) Caracter\u00edsticas: &#8211; Cintur\u00f3n de 5 puntas. &#8211; Reductor de cabezas. &#8211; Tela s\u00faper acolchonada. &#8211; Plegado f\u00e1cil con una mano. &#8211; Cubre pies.\u00a0\u00a0\u00a0\u00a0\u00a0\u00a0\u00a0\u00a0\u00a0\u00a0\u00a0\u00a0\u00a0\u00a0\u00a0\u00a0\u00a0\u00a0\u00a0\u00a0\u00a0\u00a0\u00a0\u00a0\u00a0\u00a0\u00a0\u00a0\u00a0\u00a0\u00a0\u00a0\u00a0\u00a0\u00a0 \u00a0\u00a0\u00a0\u00a0\u00a0\u00a0\u00a0\u00a0\u00a0\u00a0\u00a0\u00a0\u00a0\u00a0\u00a0\u00a0\u00a0\u00a0\u00a0\u00a0\u00a0\u00a0\u00a0\u00a0\u00a0\u00a0\u00a0\u00a0\u00a0\u00a0\u00a0\u00a0\u00a0\u00a0\u00a0\u00a0\u00a0\u00a0\u00a0\u00a0\u00a0\u00a0\u00a0\u00a0\u00a0\u00a0\u00a0\u00a0\u00a0\u00a0\u00a0\u00a0\u00a0\u00a0\u00a0\u00a0\u00a0\u00a0\u00a0\u00a0\u00a0\u00a0\u00a0\u00a0\u00a0\u00a0\u00a0\u00a0\u00a0\u00a0\u00a0\u00a0\u00a0 &#8211; Seis grandes ruedas &#8211; Ruedas delanteras con amortiguaci\u00f3n &#8211; Ruedas delanteras con opci\u00f3n fija o giratoria. &#8211; [&hellip;]<\/p>\n","protected":false},"featured_media":27904,"comment_status":"open","ping_status":"closed","template":"","meta":[],"product_cat":[21,104,28],"product_tag":[],"class_list":{"0":"post-2480","1":"product","2":"type-product","3":"status-publish","4":"has-post-thumbnail","6":"product_cat-beb-s","7":"product_cat-cochecitos-para-beb-s","8":"product_cat-paseo-del-beb","10":"first","11":"outofstock","12":"shipping-taxable","13":"purchasable","14":"product-type-simple"},"_links":{"self":[{"href":"https:\/\/www.digamo.uy\/index.php\/wp-json\/wp\/v2\/product\/2480","targetHints":{"allow":["GET"]}}],"collection":[{"href":"https:\/\/www.digamo.uy\/index.php\/wp-json\/wp\/v2\/product"}],"about":[{"href":"https:\/\/www.digamo.uy\/index.php\/wp-json\/wp\/v2\/types\/product"}],"replies":[{"embeddable":true,"href":"https:\/\/www.digamo.uy\/index.php\/wp-json\/wp\/v2\/comments?post=2480"}],"wp:featuredmedia":[{"embeddable":true,"href":"https:\/\/www.digamo.uy\/index.php\/wp-json\/wp\/v2\/media\/27904"}],"wp:attachment":[{"href":"https:\/\/www.digamo.uy\/index.php\/wp-json\/wp\/v2\/media?parent=2480"}],"wp:term":[{"taxonomy":"product_cat","embeddable":true,"href":"https:\/\/www.digamo.uy\/index.php\/wp-json\/wp\/v2\/product_cat?post=2480"},{"taxonomy":"product_tag","embeddable":true,"href":"https:\/\/www.digamo.uy\/index.php\/wp-json\/wp\/v2\/product_tag?post=2480"}],"curies":[{"name":"wp","href":"https:\/\/api.w.org\/{rel}","templated":true}]}}