{"id":2487,"date":"2023-07-04T15:20:22","date_gmt":"2023-07-04T18:20:22","guid":{"rendered":"https:\/\/www.digamo.uy\/index.php\/producto\/producto\/"},"modified":"2024-08-15T22:11:53","modified_gmt":"2024-08-16T01:11:53","slug":"travel-system-pisa-infanti-joie","status":"publish","type":"product","link":"https:\/\/www.digamo.uy\/index.php\/producto\/travel-system-pisa-infanti-joie\/","title":{"rendered":"Travel System &#8211; Pisa &#8211; Infanti Joie"},"content":{"rendered":"<p>Travel System &#8211; Pisa &#8211; Infanti Joie (G316)<\/p>\n<p>Coche y silla nido con la que siempre podr\u00e1s mantener a tu hijo c\u00f3modo y protegido.<br \/>\nEl mango del coche es reversible para que puedas pasear al beb\u00e9 mir\u00e1ndolo o dejando que disfrute del paisaje.<br \/>\nSu canasto es amplio y c\u00f3modo e incorpora un apoya pies.<br \/>\nEl toldo llega hasta la bandeja para que puedas cubrir completamente al beb\u00e9 de ser necesario.<\/p>\n<p>Caracter\u00edsticas:<br \/>\nDel coche<br \/>\n&#8211; Peso recomendado del ni\u00f1o 0 a 18 kg.<br \/>\n&#8211; Edad 0 a 4 a\u00f1os.<br \/>\n&#8211; Mango rebatible.<br \/>\n&#8211; F\u00e1cil plegado.<br \/>\n&#8211; Arn\u00e9s de 3 puntas.<br \/>\n&#8211; Tela acolchonada con protector lateral, desmontable y lavable.<br \/>\n&#8211; Cubrepi\u00e9s para coche o baby silla.<br \/>\n&#8211; 2 ruedas delanteras con amortiguaci\u00f3n, opcionalmente fijas o giratorias.<br \/>\n&#8211; Se hace cuna.<br \/>\n&#8211; 3 posiciones de reclinado.<br \/>\n&#8211; Capota con doble visor que cubre totalmente el compartimento del beb\u00e9, cubre al bebe de sol, viento y lluvia.<br \/>\n&#8211; Canasto porta objetos con capacidad de hasta 5 kg.<br \/>\n&#8211; Bandeja desmontable con apoya vasos.<br \/>\n&#8211; Apoya pie regulable en dos posiciones.<br \/>\n&#8211; Sistema de plegado con una mano.<\/p>\n<p>De la baby silla<br \/>\n&#8211; Silla de autom\u00f3vil del Grupo 0+.<br \/>\n&#8211; En sentido contrario a la marcha desde el nacimiento hasta los 13 kg.<br \/>\n&#8211; Protecci\u00f3n en impactos laterales.<br \/>\n&#8211; Fundas extra\u00edbles y lavables a m\u00e1quina.<br \/>\n&#8211; Asa de transporte ergon\u00f3mica y multiposiciones.<br \/>\n&#8211; Capota extra\u00edble.<br \/>\n&#8211; Base curva que permite el balanceo y la relajaci\u00f3n.<br \/>\n&#8211; Puede instalarse con la base (no incluida) o con el cintur\u00f3n de seguridad de 3 puntos del veh\u00edculo.<br \/>\n&#8211; Arn\u00e9s de 3 puntos con protectores de hombros y hebilla.<\/p>\n<p>Especificaciones:<br \/>\n&#8211; Medidas abierto del coche, largo 125 x ancho 55 x alto 102 cm aproximado.<br \/>\n&#8211; Medidas plegado del coche, largo 78 x ancho 52 x alto 102 cm aproximado.<br \/>\n&#8211; Recomendado para ni\u00f1os de 0 a 18 kg.<br \/>\n&#8211; Baby silla grupo 0+: peso m\u00e1ximo 13 kg, reci\u00e9n nacido a 15 meses.<br \/>\n&#8211; Cumple con la ley N\u00ba 19.061.<\/p>\n<p>IMPORTANTE: Consultar stock antes de confirmar su compra.<\/p>\n","protected":false},"excerpt":{"rendered":"<p>Travel System &#8211; Pisa &#8211; Infanti Joie (G316) Coche y silla nido con la que siempre podr\u00e1s mantener a tu hijo c\u00f3modo y protegido. El mango del coche es reversible para que puedas pasear al beb\u00e9 mir\u00e1ndolo o dejando que disfrute del paisaje. Su canasto es amplio y c\u00f3modo e [&hellip;]<\/p>\n","protected":false},"featured_media":27895,"comment_status":"open","ping_status":"closed","template":"","meta":[],"product_cat":[21,104,28],"product_tag":[],"class_list":{"0":"post-2487","1":"product","2":"type-product","3":"status-publish","4":"has-post-thumbnail","6":"product_cat-beb-s","7":"product_cat-cochecitos-para-beb-s","8":"product_cat-paseo-del-beb","10":"first","11":"outofstock","12":"shipping-taxable","13":"purchasable","14":"product-type-simple"},"_links":{"self":[{"href":"https:\/\/www.digamo.uy\/index.php\/wp-json\/wp\/v2\/product\/2487","targetHints":{"allow":["GET"]}}],"collection":[{"href":"https:\/\/www.digamo.uy\/index.php\/wp-json\/wp\/v2\/product"}],"about":[{"href":"https:\/\/www.digamo.uy\/index.php\/wp-json\/wp\/v2\/types\/product"}],"replies":[{"embeddable":true,"href":"https:\/\/www.digamo.uy\/index.php\/wp-json\/wp\/v2\/comments?post=2487"}],"wp:featuredmedia":[{"embeddable":true,"href":"https:\/\/www.digamo.uy\/index.php\/wp-json\/wp\/v2\/media\/27895"}],"wp:attachment":[{"href":"https:\/\/www.digamo.uy\/index.php\/wp-json\/wp\/v2\/media?parent=2487"}],"wp:term":[{"taxonomy":"product_cat","embeddable":true,"href":"https:\/\/www.digamo.uy\/index.php\/wp-json\/wp\/v2\/product_cat?post=2487"},{"taxonomy":"product_tag","embeddable":true,"href":"https:\/\/www.digamo.uy\/index.php\/wp-json\/wp\/v2\/product_tag?post=2487"}],"curies":[{"name":"wp","href":"https:\/\/api.w.org\/{rel}","templated":true}]}}