{"id":2540,"date":"2023-07-04T15:21:24","date_gmt":"2023-07-04T18:21:24","guid":{"rendered":"https:\/\/www.digamo.uy\/index.php\/producto\/producto\/"},"modified":"2024-08-15T22:13:47","modified_gmt":"2024-08-16T01:13:47","slug":"silla-butaca-para-auto-tilt-infanti-joie","status":"publish","type":"product","link":"https:\/\/www.digamo.uy\/index.php\/producto\/silla-butaca-para-auto-tilt-infanti-joie\/","title":{"rendered":"Silla Butaca Para Auto &#8211; Tilt &#8211; Infanti Joie"},"content":{"rendered":"<p>Butaca para auto &#8211; Tilt &#8211; Infanti Joie (C0902STR)<\/p>\n<p>Caracter\u00edsticas:<br \/>\n&#8211; Arn\u00e9s para hombros con 3 alturas regulables para una mayor sujeci\u00f3n.<br \/>\n&#8211; Protectores de hombro con material antideslizantes.<br \/>\n&#8211; Coj\u00edn reductor ergon\u00f3mico y desmontable, para permitir inclinaci\u00f3n completa desde el nacimiento del bebe.\u00a0<br \/>\n&#8211; Mecanismo suave con 3 posiciones de inclinaci\u00f3n para que el ni\u00f1o pueda dormir (posici\u00f3n acostada, inclinaci\u00f3n media y posici\u00f3n vertical).<br \/>\n&#8211; Instalaci\u00f3n f\u00e1cil y segura en cualquier lado del veh\u00edculo gracias a su dispositivo doble de bloqueo.<br \/>\n&#8211; Ganchos laterales para mantener abierto el arn\u00e9s durante la colocaci\u00f3n del ni\u00f1o.<\/p>\n<p>Edad recomendada: 0 a 4 a\u00f1os.<br \/>\nPeso recomendado: 0 a 18 kilos.<br \/>\nPermite orientaci\u00f3n en sentido contrario de la marcha.\u00a0<\/p>\n<p>Especificaciones:<br \/>\nPeso: 6,7 kg aprox.\u00a0<br \/>\nLargo: 71 cm aprox.\u00a0<br \/>\nAlto: 65 cm aprox.<br \/>\nAncho: 48cm aprox.<\/p>\n","protected":false},"excerpt":{"rendered":"<p>Butaca para auto &#8211; Tilt &#8211; Infanti Joie (C0902STR) Caracter\u00edsticas: &#8211; Arn\u00e9s para hombros con 3 alturas regulables para una mayor sujeci\u00f3n. &#8211; Protectores de hombro con material antideslizantes. &#8211; Coj\u00edn reductor ergon\u00f3mico y desmontable, para permitir inclinaci\u00f3n completa desde el nacimiento del bebe.\u00a0 &#8211; Mecanismo suave con 3 posiciones [&hellip;]<\/p>\n","protected":false},"featured_media":27962,"comment_status":"open","ping_status":"closed","template":"","meta":[],"product_cat":[21,28,27],"product_tag":[],"class_list":{"0":"post-2540","1":"product","2":"type-product","3":"status-publish","4":"has-post-thumbnail","6":"product_cat-beb-s","7":"product_cat-paseo-del-beb","8":"product_cat-sillas-para-autos","10":"first","11":"outofstock","12":"shipping-taxable","13":"purchasable","14":"product-type-simple"},"_links":{"self":[{"href":"https:\/\/www.digamo.uy\/index.php\/wp-json\/wp\/v2\/product\/2540","targetHints":{"allow":["GET"]}}],"collection":[{"href":"https:\/\/www.digamo.uy\/index.php\/wp-json\/wp\/v2\/product"}],"about":[{"href":"https:\/\/www.digamo.uy\/index.php\/wp-json\/wp\/v2\/types\/product"}],"replies":[{"embeddable":true,"href":"https:\/\/www.digamo.uy\/index.php\/wp-json\/wp\/v2\/comments?post=2540"}],"wp:featuredmedia":[{"embeddable":true,"href":"https:\/\/www.digamo.uy\/index.php\/wp-json\/wp\/v2\/media\/27962"}],"wp:attachment":[{"href":"https:\/\/www.digamo.uy\/index.php\/wp-json\/wp\/v2\/media?parent=2540"}],"wp:term":[{"taxonomy":"product_cat","embeddable":true,"href":"https:\/\/www.digamo.uy\/index.php\/wp-json\/wp\/v2\/product_cat?post=2540"},{"taxonomy":"product_tag","embeddable":true,"href":"https:\/\/www.digamo.uy\/index.php\/wp-json\/wp\/v2\/product_tag?post=2540"}],"curies":[{"name":"wp","href":"https:\/\/api.w.org\/{rel}","templated":true}]}}