{"id":25533,"date":"2024-08-15T20:42:53","date_gmt":"2024-08-15T23:42:53","guid":{"rendered":"https:\/\/www.digamo.uy\/index.php\/producto\/producto\/"},"modified":"2024-08-15T20:42:58","modified_gmt":"2024-08-15T23:42:58","slug":"coche-travel-system-4-runner-jogger-infanti","status":"publish","type":"product","link":"https:\/\/www.digamo.uy\/index.php\/producto\/coche-travel-system-4-runner-jogger-infanti\/","title":{"rendered":"Coche Travel System &#8211; 4 Runner Jogger &#8211; Infanti"},"content":{"rendered":"<p>Travel System &#8211; 4 Runner Jogger &#8211; Infanti (P5016E)<\/p>\n<p>Coche travel system 4Runner red Infanti, liviano y f\u00e1cil de transportar todo terreno. Incluye silla nido que no necesita adaptadores para anclar al coche.<\/p>\n<p>Caracter\u00edsticas:<\/p>\n<p>-Plegado compacto<\/p>\n<p>-Reclinaci\u00f3n multiposici\u00f3n<\/p>\n<p>-Manillar ajustable en altura<\/p>\n<p>-Chasis de aluminio ligero .<\/p>\n<p>-Portavasos para padres<\/p>\n<p>-Mayor estabilidad.<\/p>\n<p>-Telas acolchadas suaves de algod\u00f3n.<\/p>\n<p>-Toldo retr\u00e1ctil y con ventanilla.<\/p>\n<p>-Sistema de arn\u00e9s de 5 puntas.<\/p>\n<p>-Freno de 1 toque<\/p>\n<p>-Ruedas Neum\u00e1ticas. Suspensi\u00f3n en sus 3 ruedas.<\/p>\n<p>-Bloqueo de ruedas delanteras.<\/p>\n<p>Especificaciones:<\/p>\n<p>-Edad recomendada : 0 a 4 A\u00f1os<\/p>\n<p>-Peso recomendado silla : 0 a 13 kilos<\/p>\n<p>-Peso recomendado coche: 0 a 31 kilos<\/p>\n<p>-Medidas:<br \/>\n-Alto: 110 cm<br \/>\n-Largo: 65 cm<br \/>\n-Ancho: 45 cm<\/p>\n<p>Peso: 10,5 kg<\/p>\n<p>IMPORTANTE: Consultar stock antes de confirmar su compra.<\/p>\n","protected":false},"excerpt":{"rendered":"<p>Travel System &#8211; 4 Runner Jogger &#8211; Infanti (P5016E) Coche travel system 4Runner red Infanti, liviano y f\u00e1cil de transportar todo terreno. Incluye silla nido que no necesita adaptadores para anclar al coche. Caracter\u00edsticas: -Plegado compacto -Reclinaci\u00f3n multiposici\u00f3n -Manillar ajustable en altura -Chasis de aluminio ligero . -Portavasos para padres [&hellip;]<\/p>\n","protected":false},"featured_media":25534,"comment_status":"open","ping_status":"closed","template":"","meta":[],"product_cat":[21,104,28],"product_tag":[],"class_list":{"0":"post-25533","1":"product","2":"type-product","3":"status-publish","4":"has-post-thumbnail","6":"product_cat-beb-s","7":"product_cat-cochecitos-para-beb-s","8":"product_cat-paseo-del-beb","10":"first","11":"outofstock","12":"shipping-taxable","13":"purchasable","14":"product-type-simple"},"_links":{"self":[{"href":"https:\/\/www.digamo.uy\/index.php\/wp-json\/wp\/v2\/product\/25533","targetHints":{"allow":["GET"]}}],"collection":[{"href":"https:\/\/www.digamo.uy\/index.php\/wp-json\/wp\/v2\/product"}],"about":[{"href":"https:\/\/www.digamo.uy\/index.php\/wp-json\/wp\/v2\/types\/product"}],"replies":[{"embeddable":true,"href":"https:\/\/www.digamo.uy\/index.php\/wp-json\/wp\/v2\/comments?post=25533"}],"wp:featuredmedia":[{"embeddable":true,"href":"https:\/\/www.digamo.uy\/index.php\/wp-json\/wp\/v2\/media\/25534"}],"wp:attachment":[{"href":"https:\/\/www.digamo.uy\/index.php\/wp-json\/wp\/v2\/media?parent=25533"}],"wp:term":[{"taxonomy":"product_cat","embeddable":true,"href":"https:\/\/www.digamo.uy\/index.php\/wp-json\/wp\/v2\/product_cat?post=25533"},{"taxonomy":"product_tag","embeddable":true,"href":"https:\/\/www.digamo.uy\/index.php\/wp-json\/wp\/v2\/product_tag?post=25533"}],"curies":[{"name":"wp","href":"https:\/\/api.w.org\/{rel}","templated":true}]}}