{"id":2556,"date":"2023-07-04T18:21:44","date_gmt":"2023-07-04T18:21:44","guid":{"rendered":"https:\/\/www.digamo.uy\/index.php\/producto\/producto\/"},"modified":"2023-07-04T18:21:50","modified_gmt":"2023-07-04T18:21:50","slug":"silla-de-comer-mimzy-snacker-infanti-joie","status":"publish","type":"product","link":"https:\/\/www.digamo.uy\/index.php\/producto\/silla-de-comer-mimzy-snacker-infanti-joie\/","title":{"rendered":"Silla De Comer &#8211; Mimzy Snacker &#8211; Infanti Joie"},"content":{"rendered":"<p>Silla de comer &#8211; Mimzy Snacker &#8211; Infanti Joie (H1127AAABC)<\/p>\n<p>Una soluci\u00f3n dise\u00f1ada y desarrollada para convertir a tu hijo en el centro de atenci\u00f3n. <\/p>\n<p>Con m\u00faltiples ajustes, Mimzy crecer\u00e1 con tu hijo de 6 meses a 3 a\u00f1os<\/p>\n<p>El estilo y funcional chasis de perfil bajo proporciona un f\u00e1cil acceso y un ajuste perfecto.<\/p>\n<p>Acabados impecables.<\/p>\n<p>Suaves y limpias l\u00edneas que combinan con los dise\u00f1os.<\/p>\n<p>Delicado para el beb\u00e9<\/p>\n<p>El suave arn\u00e9s de retenci\u00f3n es muy suave con la piel del beb\u00e9 al mismo tiempo que le mantiene a salvo y seguro.<\/p>\n<p>Caracter\u00edsticas:<br \/>\n&#8211; Peso recomendado del ni\u00f1o, hasta 15 kg.<br \/>\n&#8211; Edad de 6 meses a 3 a\u00f1os.<br \/>\n&#8211; Plegado r\u00e1pido con una sala mano (mismo sistema del coche Travel System Litetrax).<br \/>\n&#8211; Galardonada con el premio\u00a0 Mother &#038; Baby \u201c2014\u201d.<br \/>\n&#8211; Cumple con los est\u00e1ndares de seguridad de la comunidad europea (EN14988-2012).<br \/>\n&#8211; Bandeja con porta vasos desmontable y lavable.<br \/>\n&#8211; 3 posiciones reclinado del asiento.<br \/>\n&#8211; Plegado ultra compacto.<br \/>\n&#8211; Queda de pie cuando la pliegas.<br \/>\n&#8211; Almohadilla del asiento extra\u00edble y f\u00e1cil de limpiar.<br \/>\n&#8211; La bandeja es regulable en 3 diferentes profundidades y se puede guardar en patas traseras de la silla.<br \/>\n&#8211; Gran canasta de almacenaje.<br \/>\n&#8211; Apoya pies.<br \/>\n&#8211; C\u00f3modo arn\u00e9s de 5 puntas con el sistema Soft-Touch.<br \/>\n&#8211; Robusta ya que tiene uniones solidas y seguras.<br \/>\n&#8211; Estructura de tubos met\u00e1licos de gran espesor.<br \/>\n&#8211; Base ancha con metal y patas pl\u00e1sticas antideslizantes.<br \/>\n&#8211; Brazos laterales para proteger al bebe.<br \/>\n&#8211; Separador de piernas incorporado en la bandeja.<br \/>\n&#8211; Acogedor y suave respaldo.<\/p>\n<p>Especificaciones:<br \/>\n&#8211; Medidas abierto ancho 61,3 x prof 87,5 x alto 101,1 cm.<br \/>\n&#8211; Medidas plegado ancho 61,3 x prof 30,4 x alto 91,6cm.<br \/>\n&#8211; Peso 6,1 kg.<\/p>\n","protected":false},"excerpt":{"rendered":"<p>Silla de comer &#8211; Mimzy Snacker &#8211; Infanti Joie (H1127AAABC) Una soluci\u00f3n dise\u00f1ada y desarrollada para convertir a tu hijo en el centro de atenci\u00f3n. Con m\u00faltiples ajustes, Mimzy crecer\u00e1 con tu hijo de 6 meses a 3 a\u00f1os El estilo y funcional chasis de perfil bajo proporciona un f\u00e1cil [&hellip;]<\/p>\n","protected":false},"featured_media":2557,"comment_status":"open","ping_status":"closed","template":"","meta":[],"product_cat":[21,99,206],"product_tag":[],"class_list":{"0":"post-2556","1":"product","2":"type-product","3":"status-publish","4":"has-post-thumbnail","6":"product_cat-beb-s","7":"product_cat-lactancia-y-alimentaci-n","8":"product_cat-sillas-de-comer","10":"first","11":"instock","12":"shipping-taxable","13":"purchasable","14":"product-type-simple"},"_links":{"self":[{"href":"https:\/\/www.digamo.uy\/index.php\/wp-json\/wp\/v2\/product\/2556","targetHints":{"allow":["GET"]}}],"collection":[{"href":"https:\/\/www.digamo.uy\/index.php\/wp-json\/wp\/v2\/product"}],"about":[{"href":"https:\/\/www.digamo.uy\/index.php\/wp-json\/wp\/v2\/types\/product"}],"replies":[{"embeddable":true,"href":"https:\/\/www.digamo.uy\/index.php\/wp-json\/wp\/v2\/comments?post=2556"}],"wp:featuredmedia":[{"embeddable":true,"href":"https:\/\/www.digamo.uy\/index.php\/wp-json\/wp\/v2\/media\/2557"}],"wp:attachment":[{"href":"https:\/\/www.digamo.uy\/index.php\/wp-json\/wp\/v2\/media?parent=2556"}],"wp:term":[{"taxonomy":"product_cat","embeddable":true,"href":"https:\/\/www.digamo.uy\/index.php\/wp-json\/wp\/v2\/product_cat?post=2556"},{"taxonomy":"product_tag","embeddable":true,"href":"https:\/\/www.digamo.uy\/index.php\/wp-json\/wp\/v2\/product_tag?post=2556"}],"curies":[{"name":"wp","href":"https:\/\/api.w.org\/{rel}","templated":true}]}}