{"id":25592,"date":"2024-08-15T20:44:46","date_gmt":"2024-08-15T23:44:46","guid":{"rendered":"https:\/\/www.digamo.uy\/index.php\/producto\/producto\/"},"modified":"2024-08-15T20:44:52","modified_gmt":"2024-08-15T23:44:52","slug":"baby-silla-para-auto-comfy-con-base-para-auto-safety-1st","status":"publish","type":"product","link":"https:\/\/www.digamo.uy\/index.php\/producto\/baby-silla-para-auto-comfy-con-base-para-auto-safety-1st\/","title":{"rendered":"Baby Silla Para Auto Comfy (con Base Para Auto) Safety 1st"},"content":{"rendered":"<p>Baby Silla para auto Comfy (con base para auto)-Safety 1st (IC026)<\/p>\n<p>Caracteristicas:<br \/>\n&#8211; Indicada para beb\u00e9s de 2 a 10 kg., hasta 74 cm. de altura.<br \/>\n&#8211; Se ubica con el beb\u00e9 mirando para atr\u00e1s, de espaldas al sentido de circulaci\u00f3n.<br \/>\n&#8211; INCLUYE base ajustable y desmontable PARA EL AUTO.<br \/>\n&#8211; Se sujeta al veh\u00edculo mediante los cinturones de seguridad o mediante anclajes LATCH.<br \/>\n&#8211; Cuenta con soporte ajustable para la cabeza del ni\u00f1o.<br \/>\n&#8211; Protecciones laterales.<br \/>\n&#8211; Sistema de arn\u00e9s de 5 puntos con ajuste delantero.<br \/>\n&#8211; Almohadilla extra\u00edble y lavable.<br \/>\n&#8211; Facilita las transiciones hacia y desde del auto.<br \/>\n&#8211; Dise\u00f1o extra liviano para facilitar el transporte.<br \/>\n&#8211; Capota rebatible.<br \/>\n&#8211; Cumple con la Ley 19.061.<br \/>\n&#8211; Medidas (ancho x alto x profundidad): 43 x 60 x 76 cm.<br \/>\n&#8211; Peso: 6 kg<br \/>\nColores: Negro, rosado y violeta.<\/p>\n<p>IMPORTANTE: Consultar stock antes de confirmar su compra.<\/p>\n","protected":false},"excerpt":{"rendered":"<p>Baby Silla para auto Comfy (con base para auto)-Safety 1st (IC026) Caracteristicas: &#8211; Indicada para beb\u00e9s de 2 a 10 kg., hasta 74 cm. de altura. &#8211; Se ubica con el beb\u00e9 mirando para atr\u00e1s, de espaldas al sentido de circulaci\u00f3n. &#8211; INCLUYE base ajustable y desmontable PARA EL AUTO. [&hellip;]<\/p>\n","protected":false},"featured_media":25593,"comment_status":"open","ping_status":"closed","template":"","meta":[],"product_cat":[21,28,27],"product_tag":[],"class_list":{"0":"post-25592","1":"product","2":"type-product","3":"status-publish","4":"has-post-thumbnail","6":"product_cat-beb-s","7":"product_cat-paseo-del-beb","8":"product_cat-sillas-para-autos","10":"first","11":"outofstock","12":"shipping-taxable","13":"purchasable","14":"product-type-simple"},"_links":{"self":[{"href":"https:\/\/www.digamo.uy\/index.php\/wp-json\/wp\/v2\/product\/25592","targetHints":{"allow":["GET"]}}],"collection":[{"href":"https:\/\/www.digamo.uy\/index.php\/wp-json\/wp\/v2\/product"}],"about":[{"href":"https:\/\/www.digamo.uy\/index.php\/wp-json\/wp\/v2\/types\/product"}],"replies":[{"embeddable":true,"href":"https:\/\/www.digamo.uy\/index.php\/wp-json\/wp\/v2\/comments?post=25592"}],"wp:featuredmedia":[{"embeddable":true,"href":"https:\/\/www.digamo.uy\/index.php\/wp-json\/wp\/v2\/media\/25593"}],"wp:attachment":[{"href":"https:\/\/www.digamo.uy\/index.php\/wp-json\/wp\/v2\/media?parent=25592"}],"wp:term":[{"taxonomy":"product_cat","embeddable":true,"href":"https:\/\/www.digamo.uy\/index.php\/wp-json\/wp\/v2\/product_cat?post=25592"},{"taxonomy":"product_tag","embeddable":true,"href":"https:\/\/www.digamo.uy\/index.php\/wp-json\/wp\/v2\/product_tag?post=25592"}],"curies":[{"name":"wp","href":"https:\/\/api.w.org\/{rel}","templated":true}]}}