{"id":25619,"date":"2024-08-15T20:45:45","date_gmt":"2024-08-15T23:45:45","guid":{"rendered":"https:\/\/www.digamo.uy\/index.php\/producto\/producto\/"},"modified":"2024-08-15T20:45:49","modified_gmt":"2024-08-15T23:45:49","slug":"coche-paraguita-palermo-ultraliviano-infanti","status":"publish","type":"product","link":"https:\/\/www.digamo.uy\/index.php\/producto\/coche-paraguita-palermo-ultraliviano-infanti\/","title":{"rendered":"Coche Parag\u00fcita Palermo Ultraliviano &#8211; Infanti"},"content":{"rendered":"<p>*** PRECIO OFERTA USD 99 (antes USD 140) ***<\/p>\n<p>Coche Parag\u00fcita Palermo Ultraliviano &#8211; Infanti (RM197)<\/p>\n<p>Caracteristicas:<br \/>\n&#8211; Canasto porta objetos.<br \/>\n&#8211; Mango ergon\u00f3mico.<br \/>\n&#8211; Freno en ruedas traseras.<br \/>\n&#8211; Plegado tipo bast\u00f3n.<br \/>\n&#8211; 4 posiciones de reclinado.<br \/>\n&#8211; Toldo europeo retr\u00e1ctil con extensi\u00f3n.<br \/>\n&#8211; 4 ruedas dobles y frenos traseros.<br \/>\n&#8211; Las ruedas delanteras giran en 360\u00ba.<br \/>\n&#8211; Cintur\u00f3n con protector para los hombros.<br \/>\n&#8211; Para la seguridad: arn\u00e9s de 5 puntas.<br \/>\n&#8211; Amortiguador en ruedas delanteras y traseras.<br \/>\n&#8211; Bolsillo porta objetos.<br \/>\n&#8211; Apoyapi\u00e9s con 2 posiciones.<br \/>\n&#8211; Barra desmontable.<br \/>\n&#8211; Estructura ultra liviana.<br \/>\n&#8211; Peso 10 Kg.<br \/>\n&#8211; Se recomienda para ni\u00f1os de hasta 18 kilos.<\/p>\n","protected":false},"excerpt":{"rendered":"<p>*** PRECIO OFERTA USD 99 (antes USD 140) *** Coche Parag\u00fcita Palermo Ultraliviano &#8211; Infanti (RM197) Caracteristicas: &#8211; Canasto porta objetos. &#8211; Mango ergon\u00f3mico. &#8211; Freno en ruedas traseras. &#8211; Plegado tipo bast\u00f3n. &#8211; 4 posiciones de reclinado. &#8211; Toldo europeo retr\u00e1ctil con extensi\u00f3n. &#8211; 4 ruedas dobles y frenos [&hellip;]<\/p>\n","protected":false},"featured_media":25620,"comment_status":"open","ping_status":"closed","template":"","meta":[],"product_cat":[21,104,28],"product_tag":[],"class_list":{"0":"post-25619","1":"product","2":"type-product","3":"status-publish","4":"has-post-thumbnail","6":"product_cat-beb-s","7":"product_cat-cochecitos-para-beb-s","8":"product_cat-paseo-del-beb","10":"first","11":"outofstock","12":"shipping-taxable","13":"purchasable","14":"product-type-simple"},"_links":{"self":[{"href":"https:\/\/www.digamo.uy\/index.php\/wp-json\/wp\/v2\/product\/25619","targetHints":{"allow":["GET"]}}],"collection":[{"href":"https:\/\/www.digamo.uy\/index.php\/wp-json\/wp\/v2\/product"}],"about":[{"href":"https:\/\/www.digamo.uy\/index.php\/wp-json\/wp\/v2\/types\/product"}],"replies":[{"embeddable":true,"href":"https:\/\/www.digamo.uy\/index.php\/wp-json\/wp\/v2\/comments?post=25619"}],"wp:featuredmedia":[{"embeddable":true,"href":"https:\/\/www.digamo.uy\/index.php\/wp-json\/wp\/v2\/media\/25620"}],"wp:attachment":[{"href":"https:\/\/www.digamo.uy\/index.php\/wp-json\/wp\/v2\/media?parent=25619"}],"wp:term":[{"taxonomy":"product_cat","embeddable":true,"href":"https:\/\/www.digamo.uy\/index.php\/wp-json\/wp\/v2\/product_cat?post=25619"},{"taxonomy":"product_tag","embeddable":true,"href":"https:\/\/www.digamo.uy\/index.php\/wp-json\/wp\/v2\/product_tag?post=25619"}],"curies":[{"name":"wp","href":"https:\/\/api.w.org\/{rel}","templated":true}]}}