{"id":25648,"date":"2024-08-15T20:46:49","date_gmt":"2024-08-15T23:46:49","guid":{"rendered":"https:\/\/www.digamo.uy\/index.php\/producto\/producto\/"},"modified":"2024-08-15T20:46:55","modified_gmt":"2024-08-15T23:46:55","slug":"coche-bebe-tizzy-jogger-3-ruedas-sillita-nido-infanti","status":"publish","type":"product","link":"https:\/\/www.digamo.uy\/index.php\/producto\/coche-bebe-tizzy-jogger-3-ruedas-sillita-nido-infanti\/","title":{"rendered":"Coche Bebe Tizzy Jogger 3 Ruedas + Sillita Nido &#8211; Infanti"},"content":{"rendered":"<p>Coche bebe Tizzy Jogger 3 ruedas &#8211; Infanti (P60)<\/p>\n<p>Caracteristicas:<br \/>\n -Posee 3 ruedas todo terreno.<br \/>\n -Reclinado total.<br \/>\n -Mango ergon\u00f3mico.<br \/>\n -Toldo con visor y filtro UV.<br \/>\n -Freno autom\u00e1tico en ruedas traseras.<br \/>\n -Amortiguaci\u00f3n en ruedas traseras.<br \/>\n -Rueda delantera que puede ser fija o giratoria.<br \/>\n -Bandeja guarda bultos<br \/>\n -F\u00e1cil plegado con una sola mano.<br \/>\n -Apoya pies regulable.<br \/>\n -Arnes de 5 puntas.<br \/>\n -4 Posiciones de reclinado.<br \/>\n -Silla nido.<\/p>\n<p>Edad de 0 a 4 a\u00f1os o hasta 18 kilos.<br \/>\nColores: rojo y verde<\/p>\n","protected":false},"excerpt":{"rendered":"<p>Coche bebe Tizzy Jogger 3 ruedas &#8211; Infanti (P60) Caracteristicas: -Posee 3 ruedas todo terreno. -Reclinado total. -Mango ergon\u00f3mico. -Toldo con visor y filtro UV. -Freno autom\u00e1tico en ruedas traseras. -Amortiguaci\u00f3n en ruedas traseras. -Rueda delantera que puede ser fija o giratoria. -Bandeja guarda bultos -F\u00e1cil plegado con una sola [&hellip;]<\/p>\n","protected":false},"featured_media":25649,"comment_status":"open","ping_status":"closed","template":"","meta":[],"product_cat":[21,104,28],"product_tag":[],"class_list":{"0":"post-25648","1":"product","2":"type-product","3":"status-publish","4":"has-post-thumbnail","6":"product_cat-beb-s","7":"product_cat-cochecitos-para-beb-s","8":"product_cat-paseo-del-beb","10":"first","11":"outofstock","12":"shipping-taxable","13":"purchasable","14":"product-type-simple"},"_links":{"self":[{"href":"https:\/\/www.digamo.uy\/index.php\/wp-json\/wp\/v2\/product\/25648","targetHints":{"allow":["GET"]}}],"collection":[{"href":"https:\/\/www.digamo.uy\/index.php\/wp-json\/wp\/v2\/product"}],"about":[{"href":"https:\/\/www.digamo.uy\/index.php\/wp-json\/wp\/v2\/types\/product"}],"replies":[{"embeddable":true,"href":"https:\/\/www.digamo.uy\/index.php\/wp-json\/wp\/v2\/comments?post=25648"}],"wp:featuredmedia":[{"embeddable":true,"href":"https:\/\/www.digamo.uy\/index.php\/wp-json\/wp\/v2\/media\/25649"}],"wp:attachment":[{"href":"https:\/\/www.digamo.uy\/index.php\/wp-json\/wp\/v2\/media?parent=25648"}],"wp:term":[{"taxonomy":"product_cat","embeddable":true,"href":"https:\/\/www.digamo.uy\/index.php\/wp-json\/wp\/v2\/product_cat?post=25648"},{"taxonomy":"product_tag","embeddable":true,"href":"https:\/\/www.digamo.uy\/index.php\/wp-json\/wp\/v2\/product_tag?post=25648"}],"curies":[{"name":"wp","href":"https:\/\/api.w.org\/{rel}","templated":true}]}}