{"id":25653,"date":"2024-08-15T20:47:02","date_gmt":"2024-08-15T23:47:02","guid":{"rendered":"https:\/\/www.digamo.uy\/index.php\/producto\/producto\/"},"modified":"2024-08-15T20:47:09","modified_gmt":"2024-08-15T23:47:09","slug":"coche-andes-mango-reversible-mist-infanti","status":"publish","type":"product","link":"https:\/\/www.digamo.uy\/index.php\/producto\/coche-andes-mango-reversible-mist-infanti\/","title":{"rendered":"Coche Andes Mango Reversible Mist &#8211; Infanti"},"content":{"rendered":"<p>Coche Andes Mango Reversible Mist &#8211; INFANTI (E69MIR)<\/p>\n<p>Posee 4 posiciones de reclinado, mango rebatible, bandeja para ni\u00f1o con posa vaso (desmontable), apoya pies reclinable, freno autom\u00e1tico y canasto porta objetos, entre otras caracter\u00edsticas. <\/p>\n<p>Es de f\u00e1cil plegado.<\/p>\n<p>Medidas Abierto: 108 x 50 x 67 cm<br \/>\nMedidas Cerrado: 106 x 33 x 32 cm<\/p>\n<p>Edad de 0 a 4 a\u00f1os o hasta 18 kilos.<\/p>\n<p>Colores: rojo<\/p>\n","protected":false},"excerpt":{"rendered":"<p>Coche Andes Mango Reversible Mist &#8211; INFANTI (E69MIR) Posee 4 posiciones de reclinado, mango rebatible, bandeja para ni\u00f1o con posa vaso (desmontable), apoya pies reclinable, freno autom\u00e1tico y canasto porta objetos, entre otras caracter\u00edsticas. Es de f\u00e1cil plegado. Medidas Abierto: 108 x 50 x 67 cm Medidas Cerrado: 106 x [&hellip;]<\/p>\n","protected":false},"featured_media":25654,"comment_status":"open","ping_status":"closed","template":"","meta":[],"product_cat":[21,104,28],"product_tag":[],"class_list":{"0":"post-25653","1":"product","2":"type-product","3":"status-publish","4":"has-post-thumbnail","6":"product_cat-beb-s","7":"product_cat-cochecitos-para-beb-s","8":"product_cat-paseo-del-beb","10":"first","11":"outofstock","12":"shipping-taxable","13":"purchasable","14":"product-type-simple"},"_links":{"self":[{"href":"https:\/\/www.digamo.uy\/index.php\/wp-json\/wp\/v2\/product\/25653","targetHints":{"allow":["GET"]}}],"collection":[{"href":"https:\/\/www.digamo.uy\/index.php\/wp-json\/wp\/v2\/product"}],"about":[{"href":"https:\/\/www.digamo.uy\/index.php\/wp-json\/wp\/v2\/types\/product"}],"replies":[{"embeddable":true,"href":"https:\/\/www.digamo.uy\/index.php\/wp-json\/wp\/v2\/comments?post=25653"}],"wp:featuredmedia":[{"embeddable":true,"href":"https:\/\/www.digamo.uy\/index.php\/wp-json\/wp\/v2\/media\/25654"}],"wp:attachment":[{"href":"https:\/\/www.digamo.uy\/index.php\/wp-json\/wp\/v2\/media?parent=25653"}],"wp:term":[{"taxonomy":"product_cat","embeddable":true,"href":"https:\/\/www.digamo.uy\/index.php\/wp-json\/wp\/v2\/product_cat?post=25653"},{"taxonomy":"product_tag","embeddable":true,"href":"https:\/\/www.digamo.uy\/index.php\/wp-json\/wp\/v2\/product_tag?post=25653"}],"curies":[{"name":"wp","href":"https:\/\/api.w.org\/{rel}","templated":true}]}}