{"id":25695,"date":"2024-08-15T20:48:22","date_gmt":"2024-08-15T23:48:22","guid":{"rendered":"https:\/\/www.digamo.uy\/index.php\/producto\/producto\/"},"modified":"2024-08-15T20:48:31","modified_gmt":"2024-08-15T23:48:31","slug":"coche-paraguita-neo-reclinable-infanti","status":"publish","type":"product","link":"https:\/\/www.digamo.uy\/index.php\/producto\/coche-paraguita-neo-reclinable-infanti\/","title":{"rendered":"Coche Parag\u00fcita Neo Reclinable &#8211; Infanti"},"content":{"rendered":"<p>**** DISPONIBLE EN AZUL\/GRIS ****<\/p>\n<p>Coche Parag\u00fcita Neo Reclinable &#8211; Infanti (MB109)<\/p>\n<p>Caracteristicas:<br \/>\n*Reclinaciones fijas y mec\u00e1nicas<br \/>\n*Manillar de goma para facilitar el transporte<br \/>\n*Barra apoya brazos con apertura central para facilitar el ingreso del beb\u00e9<br \/>\n*Toldo completo con cierre<br \/>\n*Respaldo r\u00edgido RECLINABLE EN 6 POSICIONES distintas para pasear c\u00f3modamente.<br \/>\n*Apoya-piernas regulable en 2 posiciones, permitiendo as\u00ed llevar una postura correcta.<br \/>\n*Suspensi\u00f3n independiente en todas las ruedas<br \/>\n* 8 ruedas de PVC.<br \/>\n* Frenos en ruedas traseras.<br \/>\n* Ruedas delanteras giratorias.<br \/>\n* Plegado compacto para su traslado.<br \/>\n* Asa para transporte.<br \/>\n* Amplio canasto porta objetos.<br \/>\nEspecificaciones:<br \/>\n&#8211; Peso producto 7 kg (aprox).<br \/>\n&#8211; Medidas armado: largo 80 cm x ancho 49 cm x alto 102 cm (aprox).<br \/>\n&#8211; Medidas plegado: largo 30 cm x ancho 24 cm x alto 103 cm (aprox).<br \/>\n&#8211; Recomendado para ni\u00f1os hasta 18 kg.<br \/>\nColores: rojo con negro, violeta con gris y azul con gris.<\/p>\n","protected":false},"excerpt":{"rendered":"<p>**** DISPONIBLE EN AZUL\/GRIS **** Coche Parag\u00fcita Neo Reclinable &#8211; Infanti (MB109) Caracteristicas: *Reclinaciones fijas y mec\u00e1nicas *Manillar de goma para facilitar el transporte *Barra apoya brazos con apertura central para facilitar el ingreso del beb\u00e9 *Toldo completo con cierre *Respaldo r\u00edgido RECLINABLE EN 6 POSICIONES distintas para pasear c\u00f3modamente. [&hellip;]<\/p>\n","protected":false},"featured_media":25696,"comment_status":"open","ping_status":"closed","template":"","meta":[],"product_cat":[21,104,28],"product_tag":[],"class_list":{"0":"post-25695","1":"product","2":"type-product","3":"status-publish","4":"has-post-thumbnail","6":"product_cat-beb-s","7":"product_cat-cochecitos-para-beb-s","8":"product_cat-paseo-del-beb","10":"first","11":"outofstock","12":"shipping-taxable","13":"purchasable","14":"product-type-simple"},"_links":{"self":[{"href":"https:\/\/www.digamo.uy\/index.php\/wp-json\/wp\/v2\/product\/25695","targetHints":{"allow":["GET"]}}],"collection":[{"href":"https:\/\/www.digamo.uy\/index.php\/wp-json\/wp\/v2\/product"}],"about":[{"href":"https:\/\/www.digamo.uy\/index.php\/wp-json\/wp\/v2\/types\/product"}],"replies":[{"embeddable":true,"href":"https:\/\/www.digamo.uy\/index.php\/wp-json\/wp\/v2\/comments?post=25695"}],"wp:featuredmedia":[{"embeddable":true,"href":"https:\/\/www.digamo.uy\/index.php\/wp-json\/wp\/v2\/media\/25696"}],"wp:attachment":[{"href":"https:\/\/www.digamo.uy\/index.php\/wp-json\/wp\/v2\/media?parent=25695"}],"wp:term":[{"taxonomy":"product_cat","embeddable":true,"href":"https:\/\/www.digamo.uy\/index.php\/wp-json\/wp\/v2\/product_cat?post=25695"},{"taxonomy":"product_tag","embeddable":true,"href":"https:\/\/www.digamo.uy\/index.php\/wp-json\/wp\/v2\/product_tag?post=25695"}],"curies":[{"name":"wp","href":"https:\/\/api.w.org\/{rel}","templated":true}]}}