{"id":25823,"date":"2024-08-15T20:52:08","date_gmt":"2024-08-15T23:52:08","guid":{"rendered":"https:\/\/www.digamo.uy\/index.php\/producto\/producto\/"},"modified":"2024-08-15T20:52:17","modified_gmt":"2024-08-15T23:52:17","slug":"coche-simba-t4-koelstra","status":"publish","type":"product","link":"https:\/\/www.digamo.uy\/index.php\/producto\/coche-simba-t4-koelstra\/","title":{"rendered":"Coche &#8211; Simba T4 &#8211; Koelstra"},"content":{"rendered":"<p>Coche &#8211; Simba T4 &#8211; Koelstra<\/p>\n<p>Est\u00e1 fabricada con un bastidor robusto de aluminio y es, por tanto, ligero (7,2 Kgs)<\/p>\n<p>R\u00e1pido, peque\u00f1o, plegable, seg\u00fan el principio de paraguas. <\/p>\n<p>Ruedas delanteras bloqueables, giratorias para la m\u00e1xima maniobrabilidad con bloqueo autom\u00e1tico y la suspensi\u00f3n en cada rueda<\/p>\n<p>El respaldo se puede mover en 4 etapas de sentado a una posici\u00f3n tumbada y el reposapi\u00e9s puede ser totalmente horizontal.<\/p>\n<p>Cinturones de seguridad ajustables de 5 puntas, regulable en altura<\/p>\n<p>Extra capota extensible. Protecci\u00f3n contra sol y el viento<\/p>\n<p>Colores disponibles: Gris \/ Negro<\/p>\n","protected":false},"excerpt":{"rendered":"<p>Coche &#8211; Simba T4 &#8211; Koelstra Est\u00e1 fabricada con un bastidor robusto de aluminio y es, por tanto, ligero (7,2 Kgs) R\u00e1pido, peque\u00f1o, plegable, seg\u00fan el principio de paraguas. Ruedas delanteras bloqueables, giratorias para la m\u00e1xima maniobrabilidad con bloqueo autom\u00e1tico y la suspensi\u00f3n en cada rueda El respaldo se puede [&hellip;]<\/p>\n","protected":false},"featured_media":25824,"comment_status":"open","ping_status":"closed","template":"","meta":[],"product_cat":[21,104,28],"product_tag":[],"class_list":{"0":"post-25823","1":"product","2":"type-product","3":"status-publish","4":"has-post-thumbnail","6":"product_cat-beb-s","7":"product_cat-cochecitos-para-beb-s","8":"product_cat-paseo-del-beb","10":"first","11":"outofstock","12":"shipping-taxable","13":"purchasable","14":"product-type-simple"},"_links":{"self":[{"href":"https:\/\/www.digamo.uy\/index.php\/wp-json\/wp\/v2\/product\/25823","targetHints":{"allow":["GET"]}}],"collection":[{"href":"https:\/\/www.digamo.uy\/index.php\/wp-json\/wp\/v2\/product"}],"about":[{"href":"https:\/\/www.digamo.uy\/index.php\/wp-json\/wp\/v2\/types\/product"}],"replies":[{"embeddable":true,"href":"https:\/\/www.digamo.uy\/index.php\/wp-json\/wp\/v2\/comments?post=25823"}],"wp:featuredmedia":[{"embeddable":true,"href":"https:\/\/www.digamo.uy\/index.php\/wp-json\/wp\/v2\/media\/25824"}],"wp:attachment":[{"href":"https:\/\/www.digamo.uy\/index.php\/wp-json\/wp\/v2\/media?parent=25823"}],"wp:term":[{"taxonomy":"product_cat","embeddable":true,"href":"https:\/\/www.digamo.uy\/index.php\/wp-json\/wp\/v2\/product_cat?post=25823"},{"taxonomy":"product_tag","embeddable":true,"href":"https:\/\/www.digamo.uy\/index.php\/wp-json\/wp\/v2\/product_tag?post=25823"}],"curies":[{"name":"wp","href":"https:\/\/api.w.org\/{rel}","templated":true}]}}