{"id":25834,"date":"2024-08-15T20:52:24","date_gmt":"2024-08-15T23:52:24","guid":{"rendered":"https:\/\/www.digamo.uy\/index.php\/producto\/producto\/"},"modified":"2024-08-15T20:52:32","modified_gmt":"2024-08-15T23:52:32","slug":"coche-de-paseo-pompeya-infanti","status":"publish","type":"product","link":"https:\/\/www.digamo.uy\/index.php\/producto\/coche-de-paseo-pompeya-infanti\/","title":{"rendered":"Coche De Paseo &#8211; Pompeya &#8211; Infanti"},"content":{"rendered":"<p>Coche de paseo &#8211; Pompeya &#8211; Infanti (E30)<\/p>\n<p>Este modelo de coche infantil es muy c\u00f3modo para tus hijos, ya que cuenta con 3 posiciones de reclinaci\u00f3n, anclaje central y met\u00e1lico y zonas reflectantes para mayor visibilidad. <\/p>\n<p>Es plegable, liviano y f\u00e1cil de transportar.<\/p>\n<p>Si tu hijo se sube al coche y se queda dormido al instante, ten la tranquilidad de que se mantendr\u00e1 as\u00ed, ya que tiene sistema de amortiguaci\u00f3n independiente, que se complementa con sus 6 ruedas giratorias y bloqueables, para que el paseo sea suave.<\/p>\n<p>Es sumamente seguro, porque cuenta con arn\u00e9s de 5 puntas y frenos en las ruedas traseras. <\/p>\n<p>&#8211; Peso recomendado del ni\u00f1o de 0 a 18 kg.<\/p>\n<p>&#8211; Para utilizar entre los 0 a 4 a\u00f1os.<\/p>\n<p>&#8211; Arn\u00e9s de 5 puntas.<\/p>\n<p>&#8211; 3 posiciones de reclinado.<\/p>\n<p>&#8211; F\u00e1cil plegado.<\/p>\n<p>&#8211; Capota regulable con visor.<\/p>\n<p>&#8211; Telas suaves con algod\u00f3n.<\/p>\n<p>&#8211; Acolchado adicional extra\u00edble y lavable.<\/p>\n<p>&#8211; 2 ruedas delanteras dobles y 2 traseras simples.<\/p>\n<p>&#8211; Ruedas delanteras opcionalmente fijas o giratorias.<\/p>\n<p>&#8211; Bandeja para padres.<\/p>\n<p>&#8211; Descansa pies regulables.<\/p>\n<p>&#8211; Freno autom\u00e1tico en ruedas traseras.<\/p>\n<p>&#8211; Protector pl\u00e1stico con doble refractario.<\/p>\n<p>Especificaciones:<\/p>\n<p>&#8211; Peso del coche aproximado 13.5 kilos.<\/p>\n<p>&#8211; Dimensiones del coche armado: 100 x 40 x 96 cms (Alto x Ancho x Largo)<\/p>\n","protected":false},"excerpt":{"rendered":"<p>Coche de paseo &#8211; Pompeya &#8211; Infanti (E30) Este modelo de coche infantil es muy c\u00f3modo para tus hijos, ya que cuenta con 3 posiciones de reclinaci\u00f3n, anclaje central y met\u00e1lico y zonas reflectantes para mayor visibilidad. Es plegable, liviano y f\u00e1cil de transportar. Si tu hijo se sube al [&hellip;]<\/p>\n","protected":false},"featured_media":25835,"comment_status":"open","ping_status":"closed","template":"","meta":[],"product_cat":[21,104,28],"product_tag":[],"class_list":{"0":"post-25834","1":"product","2":"type-product","3":"status-publish","4":"has-post-thumbnail","6":"product_cat-beb-s","7":"product_cat-cochecitos-para-beb-s","8":"product_cat-paseo-del-beb","10":"first","11":"outofstock","12":"shipping-taxable","13":"purchasable","14":"product-type-simple"},"_links":{"self":[{"href":"https:\/\/www.digamo.uy\/index.php\/wp-json\/wp\/v2\/product\/25834","targetHints":{"allow":["GET"]}}],"collection":[{"href":"https:\/\/www.digamo.uy\/index.php\/wp-json\/wp\/v2\/product"}],"about":[{"href":"https:\/\/www.digamo.uy\/index.php\/wp-json\/wp\/v2\/types\/product"}],"replies":[{"embeddable":true,"href":"https:\/\/www.digamo.uy\/index.php\/wp-json\/wp\/v2\/comments?post=25834"}],"wp:featuredmedia":[{"embeddable":true,"href":"https:\/\/www.digamo.uy\/index.php\/wp-json\/wp\/v2\/media\/25835"}],"wp:attachment":[{"href":"https:\/\/www.digamo.uy\/index.php\/wp-json\/wp\/v2\/media?parent=25834"}],"wp:term":[{"taxonomy":"product_cat","embeddable":true,"href":"https:\/\/www.digamo.uy\/index.php\/wp-json\/wp\/v2\/product_cat?post=25834"},{"taxonomy":"product_tag","embeddable":true,"href":"https:\/\/www.digamo.uy\/index.php\/wp-json\/wp\/v2\/product_tag?post=25834"}],"curies":[{"name":"wp","href":"https:\/\/api.w.org\/{rel}","templated":true}]}}