{"id":25854,"date":"2024-08-15T20:52:52","date_gmt":"2024-08-15T23:52:52","guid":{"rendered":"https:\/\/www.digamo.uy\/index.php\/producto\/producto\/"},"modified":"2024-08-15T20:53:04","modified_gmt":"2024-08-15T23:53:04","slug":"coche-cuna-con-mecedora-genova-infanti","status":"publish","type":"product","link":"https:\/\/www.digamo.uy\/index.php\/producto\/coche-cuna-con-mecedora-genova-infanti\/","title":{"rendered":"Coche Cuna Con Mecedora &#8211; Genova &#8211; Infanti"},"content":{"rendered":"<p>Coche cuna con mecedora &#8211; Genova &#8211; Infanti (A516)<\/p>\n<p>Coche de paseo y cuna, de dise\u00f1o innovador, seguro y confortable.<\/p>\n<p>Fabricado con materiales de alta calidad y resistencia, es f\u00e1cil de limpiar.<\/p>\n<p>Telas suaves de algod\u00f3n y acolchonado adicional desmontable y lavable.<\/p>\n<p>3 posiciones de reclinado que lo transforman en cuna.<\/p>\n<p>Arco inferior rebatible que lo convierte en mecedora.<\/p>\n<p>Manillar reversible que permite llevar al bebe de frente o de espalda.<\/p>\n<p>Liviano y c\u00f3modo de maniobrar, f\u00e1cil plegado.<\/p>\n<p>Toldo completo doble, tipo europeo, que baja totalmente.<\/p>\n<p>Arn\u00e9s\/cintur\u00f3n de seguridad de 3 puntas.<\/p>\n<p>Bandeja para ni\u00f1os con porta vaso, desmontable.<\/p>\n<p>Apoyapi\u00e9 regulable en 3 posiciones y canasto porta objetos inferior.<\/p>\n<p>Cubrepi\u00e9 desmontable.<\/p>\n<p>2 ruedas delanteras dobles, fijas o giratorias, para todo tipo de terreno.<\/p>\n<p>Ruedas traseras simples con freno autom\u00e1tico.<\/p>\n<p>Especificaciones:<\/p>\n<p>&#8211; Peso recomendado: de 0 a 18 Kgs (de 0 a 4 a\u00f1os aprox.)<br \/>\n&#8211; Medidas abierto: 58 x 45 x 72 cms (largo x ancho x alto)<br \/>\n&#8211; Peso: 11.8 Kgs.<\/p>\n<p>IMPORTANTE: Consultar stock antes de confirmar su compra.<\/p>\n","protected":false},"excerpt":{"rendered":"<p>Coche cuna con mecedora &#8211; Genova &#8211; Infanti (A516) Coche de paseo y cuna, de dise\u00f1o innovador, seguro y confortable. Fabricado con materiales de alta calidad y resistencia, es f\u00e1cil de limpiar. Telas suaves de algod\u00f3n y acolchonado adicional desmontable y lavable. 3 posiciones de reclinado que lo transforman en [&hellip;]<\/p>\n","protected":false},"featured_media":25855,"comment_status":"open","ping_status":"closed","template":"","meta":[],"product_cat":[21,104,28],"product_tag":[],"class_list":{"0":"post-25854","1":"product","2":"type-product","3":"status-publish","4":"has-post-thumbnail","6":"product_cat-beb-s","7":"product_cat-cochecitos-para-beb-s","8":"product_cat-paseo-del-beb","10":"first","11":"outofstock","12":"shipping-taxable","13":"purchasable","14":"product-type-simple"},"_links":{"self":[{"href":"https:\/\/www.digamo.uy\/index.php\/wp-json\/wp\/v2\/product\/25854","targetHints":{"allow":["GET"]}}],"collection":[{"href":"https:\/\/www.digamo.uy\/index.php\/wp-json\/wp\/v2\/product"}],"about":[{"href":"https:\/\/www.digamo.uy\/index.php\/wp-json\/wp\/v2\/types\/product"}],"replies":[{"embeddable":true,"href":"https:\/\/www.digamo.uy\/index.php\/wp-json\/wp\/v2\/comments?post=25854"}],"wp:featuredmedia":[{"embeddable":true,"href":"https:\/\/www.digamo.uy\/index.php\/wp-json\/wp\/v2\/media\/25855"}],"wp:attachment":[{"href":"https:\/\/www.digamo.uy\/index.php\/wp-json\/wp\/v2\/media?parent=25854"}],"wp:term":[{"taxonomy":"product_cat","embeddable":true,"href":"https:\/\/www.digamo.uy\/index.php\/wp-json\/wp\/v2\/product_cat?post=25854"},{"taxonomy":"product_tag","embeddable":true,"href":"https:\/\/www.digamo.uy\/index.php\/wp-json\/wp\/v2\/product_tag?post=25854"}],"curies":[{"name":"wp","href":"https:\/\/api.w.org\/{rel}","templated":true}]}}