{"id":2586,"date":"2023-07-04T15:22:21","date_gmt":"2023-07-04T18:22:21","guid":{"rendered":"https:\/\/www.digamo.uy\/index.php\/producto\/producto\/"},"modified":"2024-08-15T22:14:43","modified_gmt":"2024-08-16T01:14:43","slug":"booster-vantage-safety-1st","status":"publish","type":"product","link":"https:\/\/www.digamo.uy\/index.php\/producto\/booster-vantage-safety-1st\/","title":{"rendered":"Booster &#8211; Vantage &#8211; Safety 1st"},"content":{"rendered":"<p>Booster &#8211; Vantage &#8211; Safety 1st (BCO043AZR)<\/p>\n<p>La silla de elevaci\u00f3n con respaldo alto, est\u00e1 dise\u00f1ada para ni\u00f1os con un peso entre los 10 y 45 kg, y con una altura entre 85 y 132 cm.<\/p>\n<p>Silla de auto grupo 1 \/ 2 \/ 3, para ni\u00f1os desde 9 a 36 kg.<\/p>\n<p>Grupo 1 (9 a 18 kg), Grupo 2 (15 a 25 kg), Grupo 3 (25 a 36 kg).<\/p>\n<p>Reposa cabeza ajustable en 2 posiciones, que hacen que sea f\u00e1cil de darle a su hijo el mejor ajuste.<\/p>\n<p>Cuenta con gu\u00edas para el cintur\u00f3n del coche a la altura de los hombros, apoya brazos acolchados, porta vaso y objetos.<\/p>\n<p>Caracter\u00edsticas<br \/>\n&#8211; Para el autom\u00f3vil.<br \/>\n&#8211; Protecci\u00f3n contra impacto.<br \/>\n&#8211; Cintur\u00f3n arn\u00e9s de seguridad con 5 puntas y altura regulable.<br \/>\n&#8211; Porta vaso y objetos.<br \/>\n&#8211; Gu\u00eda de correa de hombro, de 5 posiciones.<br \/>\n&#8211; Apoya brazos acolchados.<br \/>\n&#8211; Reposa cabeza ajustable en 2 posiciones.<br \/>\n&#8211; Funda removible y lavable.<br \/>\n&#8211; Se coloca viendo hacia el frente y permite que lo utilicen ni\u00f1os con un peso entre los 10 y 45 kilos y una altura entre los 85 y 132 cent\u00edmetros.<br \/>\n&#8211; Anclaje latch para isofix con Top Tether (anclaje superior)<\/p>\n<p>Especificaciones:<br \/>\n&#8211; Recomendado para ni\u00f1os hasta 45 kg y 132 cm de altura.<br \/>\n&#8211; Peso de la caja 6.4 kg.<br \/>\n&#8211; Dimensiones de la caja 52 cm x 50 cm x 71 cm.<br \/>\n&#8211; Dimensiones armado 47 cm x 48 cm x 67,6 cm.<br \/>\n&#8211; Grupo 1: peso 9 a 18 kg, de 9 meses a 4 a\u00f1os.<br \/>\n&#8211; Grupo 2: peso 15 a 25 kg, de 4 a 6 a\u00f1os.<br \/>\n&#8211; Grupo 3: peso 22 a 36 kg, de 6 a 11 a\u00f1os.<br \/>\n&#8211; Cumple con la ley N\u00ba 19.061.<\/p>\n<p>IMPORTANTE: Consultar stock antes de confirmar su compra.<\/p>\n","protected":false},"excerpt":{"rendered":"<p>Booster &#8211; Vantage &#8211; Safety 1st (BCO043AZR) La silla de elevaci\u00f3n con respaldo alto, est\u00e1 dise\u00f1ada para ni\u00f1os con un peso entre los 10 y 45 kg, y con una altura entre 85 y 132 cm. Silla de auto grupo 1 \/ 2 \/ 3, para ni\u00f1os desde 9 a [&hellip;]<\/p>\n","protected":false},"featured_media":27993,"comment_status":"open","ping_status":"closed","template":"","meta":[],"product_cat":[21,28,27],"product_tag":[],"class_list":{"0":"post-2586","1":"product","2":"type-product","3":"status-publish","4":"has-post-thumbnail","6":"product_cat-beb-s","7":"product_cat-paseo-del-beb","8":"product_cat-sillas-para-autos","10":"first","11":"outofstock","12":"shipping-taxable","13":"purchasable","14":"product-type-simple"},"_links":{"self":[{"href":"https:\/\/www.digamo.uy\/index.php\/wp-json\/wp\/v2\/product\/2586","targetHints":{"allow":["GET"]}}],"collection":[{"href":"https:\/\/www.digamo.uy\/index.php\/wp-json\/wp\/v2\/product"}],"about":[{"href":"https:\/\/www.digamo.uy\/index.php\/wp-json\/wp\/v2\/types\/product"}],"replies":[{"embeddable":true,"href":"https:\/\/www.digamo.uy\/index.php\/wp-json\/wp\/v2\/comments?post=2586"}],"wp:featuredmedia":[{"embeddable":true,"href":"https:\/\/www.digamo.uy\/index.php\/wp-json\/wp\/v2\/media\/27993"}],"wp:attachment":[{"href":"https:\/\/www.digamo.uy\/index.php\/wp-json\/wp\/v2\/media?parent=2586"}],"wp:term":[{"taxonomy":"product_cat","embeddable":true,"href":"https:\/\/www.digamo.uy\/index.php\/wp-json\/wp\/v2\/product_cat?post=2586"},{"taxonomy":"product_tag","embeddable":true,"href":"https:\/\/www.digamo.uy\/index.php\/wp-json\/wp\/v2\/product_tag?post=2586"}],"curies":[{"name":"wp","href":"https:\/\/api.w.org\/{rel}","templated":true}]}}