{"id":2589,"date":"2023-07-04T15:22:29","date_gmt":"2023-07-04T18:22:29","guid":{"rendered":"https:\/\/www.digamo.uy\/index.php\/producto\/producto\/"},"modified":"2024-08-15T22:14:57","modified_gmt":"2024-08-16T01:14:57","slug":"booster-new-summit-65-safety-1st","status":"publish","type":"product","link":"https:\/\/www.digamo.uy\/index.php\/producto\/booster-new-summit-65-safety-1st\/","title":{"rendered":"Booster &#8211; New Summit 65 &#8211; Safety 1st"},"content":{"rendered":"<p>Booster &#8211; New Summit 65 &#8211; Safety 1st (BC097)<\/p>\n<p>Dele a su ni\u00f1o una manera c\u00f3moda y segura de viajar con el asiento de seguridad Summit 65 Booster de Safety 1st.<\/p>\n<p>Dise\u00f1ado para mantener a los ni\u00f1os m\u00e1s seguros.<\/p>\n<p>El c\u00f3modo portavasos le da a su ni\u00f1o un lugar pr\u00e1ctico para guardar una bebida mientras est\u00e1 en la carretera.<\/p>\n<p>Los apoya brazos rotativos facilitan que los ni\u00f1os mayores puedan subir y bajarse del asiento.<\/p>\n<p>Caracter\u00edsticas:<br \/>\n&#8211; 2 modos de uso: con el arn\u00e9s de la butaca de 10 a 29 kg y con el cintur\u00f3n del coche de 18 a 45 kg.<br \/>\n&#8211; Protecci\u00f3n contra impactos laterales.<br \/>\n&#8211; Arn\u00e9s de 5 puntos con ajuste frontal.<br \/>\n&#8211; Gu\u00edas ajustables de la correa del hombro.<br \/>\n&#8211; Cabezal ajustable.<br \/>\n&#8211; Apoya brazos pivotantes para facilitar la entrada y facilitar el asiento.<br \/>\n&#8211; Equipado con sistema LATCH (compatible con coches que traigan sistema Isofix).<br \/>\n&#8211; Cumple o excede los est\u00e1ndares de seguridad federales USA y ASTM.<\/p>\n<p>Especificaciones:<br \/>\n&#8211; Peso 6,7 kg.<br \/>\n&#8211; Dimensiones armada 50,8 cm x 67,5 cm x 46,5 cm.<\/p>\n<p>Colores disponibles: chocolate\/rosado y gris\/negro.<\/p>\n","protected":false},"excerpt":{"rendered":"<p>Booster &#8211; New Summit 65 &#8211; Safety 1st (BC097) Dele a su ni\u00f1o una manera c\u00f3moda y segura de viajar con el asiento de seguridad Summit 65 Booster de Safety 1st. Dise\u00f1ado para mantener a los ni\u00f1os m\u00e1s seguros. El c\u00f3modo portavasos le da a su ni\u00f1o un lugar pr\u00e1ctico [&hellip;]<\/p>\n","protected":false},"featured_media":27995,"comment_status":"open","ping_status":"closed","template":"","meta":[],"product_cat":[21,28,27],"product_tag":[],"class_list":{"0":"post-2589","1":"product","2":"type-product","3":"status-publish","4":"has-post-thumbnail","6":"product_cat-beb-s","7":"product_cat-paseo-del-beb","8":"product_cat-sillas-para-autos","10":"first","11":"outofstock","12":"shipping-taxable","13":"purchasable","14":"product-type-simple"},"_links":{"self":[{"href":"https:\/\/www.digamo.uy\/index.php\/wp-json\/wp\/v2\/product\/2589","targetHints":{"allow":["GET"]}}],"collection":[{"href":"https:\/\/www.digamo.uy\/index.php\/wp-json\/wp\/v2\/product"}],"about":[{"href":"https:\/\/www.digamo.uy\/index.php\/wp-json\/wp\/v2\/types\/product"}],"replies":[{"embeddable":true,"href":"https:\/\/www.digamo.uy\/index.php\/wp-json\/wp\/v2\/comments?post=2589"}],"wp:featuredmedia":[{"embeddable":true,"href":"https:\/\/www.digamo.uy\/index.php\/wp-json\/wp\/v2\/media\/27995"}],"wp:attachment":[{"href":"https:\/\/www.digamo.uy\/index.php\/wp-json\/wp\/v2\/media?parent=2589"}],"wp:term":[{"taxonomy":"product_cat","embeddable":true,"href":"https:\/\/www.digamo.uy\/index.php\/wp-json\/wp\/v2\/product_cat?post=2589"},{"taxonomy":"product_tag","embeddable":true,"href":"https:\/\/www.digamo.uy\/index.php\/wp-json\/wp\/v2\/product_tag?post=2589"}],"curies":[{"name":"wp","href":"https:\/\/api.w.org\/{rel}","templated":true}]}}