{"id":26094,"date":"2024-08-15T21:00:24","date_gmt":"2024-08-16T00:00:24","guid":{"rendered":"https:\/\/www.digamo.uy\/index.php\/producto\/producto\/"},"modified":"2024-08-15T21:00:32","modified_gmt":"2024-08-16T00:00:32","slug":"silla-de-auto-sena-babyauto","status":"publish","type":"product","link":"https:\/\/www.digamo.uy\/index.php\/producto\/silla-de-auto-sena-babyauto\/","title":{"rendered":"Silla De Auto &#8211; Sena &#8211; Babyauto"},"content":{"rendered":"<p>Silla De Auto &#8211; Sena &#8211; Babyauto<\/p>\n<p>Se posiciona mirando hacia detr\u00e1s para los reci\u00e9n nacidos (del nacimiento a 10 kg), a partir de entonces se puede posicionar mirando adelante (9 kg &#8211; 25 kg)<\/p>\n<p>Sistema de ajuste \u00fanico del arn\u00e9s: reduce la inercia del ni\u00f1o en caso de parada brusca.<\/p>\n<p>Sistema de arn\u00e9s audible: dise\u00f1ado para facilitar el ajuste del arn\u00e9s al ni\u00f1o.<\/p>\n<p>Arn\u00e9s reforzado con c\u00f3modo acolchamiento.<\/p>\n<p>Acolchamiento interior que puede ser utilizado tanto hacia adelante como hacia atr\u00e1s, para procurar un confort extra a los m\u00e1s peque\u00f1os.<\/p>\n<p>Diferentes niveles de inclinaci\u00f3n (cuando est\u00e1 posicionada hacia adelante).<\/p>\n<p>La inclinaci\u00f3n y el acolchamiento extra para reci\u00e9n nacidos permite una posici\u00f3n m\u00e1s natural para dormir (cuando est\u00e1 posicionada hacia atr\u00e1s).<\/p>\n<p>Arn\u00e9s regulable en altura.<\/p>\n<p>Acolchado extra confortable, completamente desenfundable y lavable.<\/p>\n<p>Protecci\u00f3n lateral contra impactos, gracias a sus laterales reforzados y acolchados.<\/p>\n","protected":false},"excerpt":{"rendered":"<p>Silla De Auto &#8211; Sena &#8211; Babyauto Se posiciona mirando hacia detr\u00e1s para los reci\u00e9n nacidos (del nacimiento a 10 kg), a partir de entonces se puede posicionar mirando adelante (9 kg &#8211; 25 kg) Sistema de ajuste \u00fanico del arn\u00e9s: reduce la inercia del ni\u00f1o en caso de parada [&hellip;]<\/p>\n","protected":false},"featured_media":26095,"comment_status":"open","ping_status":"closed","template":"","meta":[],"product_cat":[21,28,27],"product_tag":[],"class_list":{"0":"post-26094","1":"product","2":"type-product","3":"status-publish","4":"has-post-thumbnail","6":"product_cat-beb-s","7":"product_cat-paseo-del-beb","8":"product_cat-sillas-para-autos","10":"first","11":"outofstock","12":"shipping-taxable","13":"purchasable","14":"product-type-simple"},"_links":{"self":[{"href":"https:\/\/www.digamo.uy\/index.php\/wp-json\/wp\/v2\/product\/26094","targetHints":{"allow":["GET"]}}],"collection":[{"href":"https:\/\/www.digamo.uy\/index.php\/wp-json\/wp\/v2\/product"}],"about":[{"href":"https:\/\/www.digamo.uy\/index.php\/wp-json\/wp\/v2\/types\/product"}],"replies":[{"embeddable":true,"href":"https:\/\/www.digamo.uy\/index.php\/wp-json\/wp\/v2\/comments?post=26094"}],"wp:featuredmedia":[{"embeddable":true,"href":"https:\/\/www.digamo.uy\/index.php\/wp-json\/wp\/v2\/media\/26095"}],"wp:attachment":[{"href":"https:\/\/www.digamo.uy\/index.php\/wp-json\/wp\/v2\/media?parent=26094"}],"wp:term":[{"taxonomy":"product_cat","embeddable":true,"href":"https:\/\/www.digamo.uy\/index.php\/wp-json\/wp\/v2\/product_cat?post=26094"},{"taxonomy":"product_tag","embeddable":true,"href":"https:\/\/www.digamo.uy\/index.php\/wp-json\/wp\/v2\/product_tag?post=26094"}],"curies":[{"name":"wp","href":"https:\/\/api.w.org\/{rel}","templated":true}]}}