{"id":26381,"date":"2024-08-15T21:08:49","date_gmt":"2024-08-16T00:08:49","guid":{"rendered":"https:\/\/www.digamo.uy\/index.php\/producto\/producto\/"},"modified":"2024-08-15T21:08:54","modified_gmt":"2024-08-16T00:08:54","slug":"hot-wheels-color-shifters","status":"publish","type":"product","link":"https:\/\/www.digamo.uy\/index.php\/producto\/hot-wheels-color-shifters\/","title":{"rendered":"Hot Wheels &#8211; Color Shifters"},"content":{"rendered":"<p>Hot Wheels &#8211; Color Shifters (BHR15)<\/p>\n<p>Este veh\u00edculo cambia de color f\u00e1cilmente al ponerlo en agua caliente. <\/p>\n<p>Para que vuelva a su color original s\u00f3lo debes ponerlo en agua fr\u00eda y su tono volver\u00e1 a cambiar. <\/p>\n<p>S\u00f3lo hace falta rociarlo, no es necesario sumergir el coche entero para conseguir el cambio de color. <\/p>\n<p>Este veh\u00edculo es ideal para las pistas con agua de Hot Wheels. <\/p>\n<p>Escala 1:64<\/p>\n<p>Modelos disponibles:<\/p>\n<p>&#8211; Baja Bone Shaker<\/p>\n<p>&#8211; \u00b477 Dodge Custom Van<\/p>\n<p>Precio corresponde a 1 auto.<\/p>\n<p>Combo 2 autitos USD 22<\/p>\n","protected":false},"excerpt":{"rendered":"<p>Hot Wheels &#8211; Color Shifters (BHR15) Este veh\u00edculo cambia de color f\u00e1cilmente al ponerlo en agua caliente. Para que vuelva a su color original s\u00f3lo debes ponerlo en agua fr\u00eda y su tono volver\u00e1 a cambiar. S\u00f3lo hace falta rociarlo, no es necesario sumergir el coche entero para conseguir el [&hellip;]<\/p>\n","protected":false},"featured_media":26382,"comment_status":"open","ping_status":"closed","template":"","meta":[],"product_cat":[24,50,49],"product_tag":[],"class_list":{"0":"post-26381","1":"product","2":"type-product","3":"status-publish","4":"has-post-thumbnail","6":"product_cat-juegos-y-juguetes","7":"product_cat-veh-culos-de-juguete","8":"product_cat-veh-culos-sin-control-remoto","10":"first","11":"outofstock","12":"shipping-taxable","13":"purchasable","14":"product-type-simple"},"_links":{"self":[{"href":"https:\/\/www.digamo.uy\/index.php\/wp-json\/wp\/v2\/product\/26381","targetHints":{"allow":["GET"]}}],"collection":[{"href":"https:\/\/www.digamo.uy\/index.php\/wp-json\/wp\/v2\/product"}],"about":[{"href":"https:\/\/www.digamo.uy\/index.php\/wp-json\/wp\/v2\/types\/product"}],"replies":[{"embeddable":true,"href":"https:\/\/www.digamo.uy\/index.php\/wp-json\/wp\/v2\/comments?post=26381"}],"wp:featuredmedia":[{"embeddable":true,"href":"https:\/\/www.digamo.uy\/index.php\/wp-json\/wp\/v2\/media\/26382"}],"wp:attachment":[{"href":"https:\/\/www.digamo.uy\/index.php\/wp-json\/wp\/v2\/media?parent=26381"}],"wp:term":[{"taxonomy":"product_cat","embeddable":true,"href":"https:\/\/www.digamo.uy\/index.php\/wp-json\/wp\/v2\/product_cat?post=26381"},{"taxonomy":"product_tag","embeddable":true,"href":"https:\/\/www.digamo.uy\/index.php\/wp-json\/wp\/v2\/product_tag?post=26381"}],"curies":[{"name":"wp","href":"https:\/\/api.w.org\/{rel}","templated":true}]}}