{"id":2647,"date":"2023-07-04T15:23:58","date_gmt":"2023-07-04T18:23:58","guid":{"rendered":"https:\/\/www.digamo.uy\/index.php\/producto\/producto\/"},"modified":"2024-08-15T22:16:11","modified_gmt":"2024-08-16T01:16:11","slug":"silla-de-comer-snack-go-safety-1st","status":"publish","type":"product","link":"https:\/\/www.digamo.uy\/index.php\/producto\/silla-de-comer-snack-go-safety-1st\/","title":{"rendered":"Silla De Comer &#8211; Snack &#038; Go &#8211; Safety 1st"},"content":{"rendered":"<p>Silla de Comer &#8211; Snack &#038; Go &#8211; Safety 1st (BO043)<\/p>\n<p>La silla de comer Snack and Go de Safety da a los padres m\u00faltiples maneras para dar de comer a su ni\u00f1o durante el crecimiento.<\/p>\n<p>Los ni\u00f1os m\u00e1s peque\u00f1os empiezan con un asiento completo que incluye apoya brazos y la bandeja. <\/p>\n<p>A medida que crecen, es f\u00e1cil adaptarse mejor a las necesidades de tu hijo.<\/p>\n<p>5 Modos de uso durante el crecimiento de tu ni\u00f1o:<br \/>\n&#8211; Asiento con apoya brazos y bandeja.<br \/>\n&#8211; Asiento con apoya brazos completo sin la bandeja.<br \/>\n&#8211; Asiento completo sin apoya brazos.<br \/>\n&#8211; Sin respaldo con los apoya brazos.<br \/>\n&#8211; Sin respaldo, sin apoya brazos.<\/p>\n<p>Se pliega para facilitar su viaje y almacenamiento<br \/>\n2 niveles de ajuste de altura<br \/>\n3 niveles de ajuste de la bandeja<\/p>\n<p>Uso recomendado: de 6 meses a 4 a\u00f1os<\/p>\n<p>Color disponible: Rosado<\/p>\n","protected":false},"excerpt":{"rendered":"<p>Silla de Comer &#8211; Snack &#038; Go &#8211; Safety 1st (BO043) La silla de comer Snack and Go de Safety da a los padres m\u00faltiples maneras para dar de comer a su ni\u00f1o durante el crecimiento. Los ni\u00f1os m\u00e1s peque\u00f1os empiezan con un asiento completo que incluye apoya brazos y [&hellip;]<\/p>\n","protected":false},"featured_media":28030,"comment_status":"open","ping_status":"closed","template":"","meta":[],"product_cat":[21,99,206],"product_tag":[],"class_list":{"0":"post-2647","1":"product","2":"type-product","3":"status-publish","4":"has-post-thumbnail","6":"product_cat-beb-s","7":"product_cat-lactancia-y-alimentaci-n","8":"product_cat-sillas-de-comer","10":"first","11":"outofstock","12":"shipping-taxable","13":"purchasable","14":"product-type-simple"},"_links":{"self":[{"href":"https:\/\/www.digamo.uy\/index.php\/wp-json\/wp\/v2\/product\/2647","targetHints":{"allow":["GET"]}}],"collection":[{"href":"https:\/\/www.digamo.uy\/index.php\/wp-json\/wp\/v2\/product"}],"about":[{"href":"https:\/\/www.digamo.uy\/index.php\/wp-json\/wp\/v2\/types\/product"}],"replies":[{"embeddable":true,"href":"https:\/\/www.digamo.uy\/index.php\/wp-json\/wp\/v2\/comments?post=2647"}],"wp:featuredmedia":[{"embeddable":true,"href":"https:\/\/www.digamo.uy\/index.php\/wp-json\/wp\/v2\/media\/28030"}],"wp:attachment":[{"href":"https:\/\/www.digamo.uy\/index.php\/wp-json\/wp\/v2\/media?parent=2647"}],"wp:term":[{"taxonomy":"product_cat","embeddable":true,"href":"https:\/\/www.digamo.uy\/index.php\/wp-json\/wp\/v2\/product_cat?post=2647"},{"taxonomy":"product_tag","embeddable":true,"href":"https:\/\/www.digamo.uy\/index.php\/wp-json\/wp\/v2\/product_tag?post=2647"}],"curies":[{"name":"wp","href":"https:\/\/api.w.org\/{rel}","templated":true}]}}