{"id":26530,"date":"2024-08-15T21:12:58","date_gmt":"2024-08-16T00:12:58","guid":{"rendered":"https:\/\/www.digamo.uy\/index.php\/producto\/producto\/"},"modified":"2024-08-15T21:13:08","modified_gmt":"2024-08-16T00:13:08","slug":"large-green-building-duplo-lego","status":"publish","type":"product","link":"https:\/\/www.digamo.uy\/index.php\/producto\/large-green-building-duplo-lego\/","title":{"rendered":"Large Green Building &#8211; Duplo &#8211; Lego"},"content":{"rendered":"<p>Large green building &#8211; Duplo &#8211; LEGO (2304)<\/p>\n<p>El formato grande permite al ni\u00f1o construir<\/p>\n<p>El formato grande permite al ni\u00f1o construir y expandir el mundo que ha creado<\/p>\n<p>Construir todo aquello que pueda imaginar<\/p>\n<p>Los productos Lego Duplo se dise\u00f1an espec\u00edficamente para ser divertidos y f\u00e1ciles de usar en las manos de los m\u00e1s peque\u00f1os.<\/p>\n<p>El paquete incluye base verde de 38 cm x 38 cm aproximadamente (no incluye ladrillos ni accesorios)<\/p>\n<p>IMPORTANTE: Consultar stock antes de confirmar su compra.<\/p>\n","protected":false},"excerpt":{"rendered":"<p>Large green building &#8211; Duplo &#8211; LEGO (2304) El formato grande permite al ni\u00f1o construir El formato grande permite al ni\u00f1o construir y expandir el mundo que ha creado Construir todo aquello que pueda imaginar Los productos Lego Duplo se dise\u00f1an espec\u00edficamente para ser divertidos y f\u00e1ciles de usar en [&hellip;]<\/p>\n","protected":false},"featured_media":26531,"comment_status":"open","ping_status":"closed","template":"","meta":[],"product_cat":[45,24,46],"product_tag":[],"class_list":{"0":"post-26530","1":"product","2":"type-product","3":"status-publish","4":"has-post-thumbnail","6":"product_cat-bloques-y-figuras-para-armar","7":"product_cat-juegos-y-juguetes","8":"product_cat-juguetes-de-construcci-n","10":"first","11":"outofstock","12":"shipping-taxable","13":"purchasable","14":"product-type-simple"},"_links":{"self":[{"href":"https:\/\/www.digamo.uy\/index.php\/wp-json\/wp\/v2\/product\/26530","targetHints":{"allow":["GET"]}}],"collection":[{"href":"https:\/\/www.digamo.uy\/index.php\/wp-json\/wp\/v2\/product"}],"about":[{"href":"https:\/\/www.digamo.uy\/index.php\/wp-json\/wp\/v2\/types\/product"}],"replies":[{"embeddable":true,"href":"https:\/\/www.digamo.uy\/index.php\/wp-json\/wp\/v2\/comments?post=26530"}],"wp:featuredmedia":[{"embeddable":true,"href":"https:\/\/www.digamo.uy\/index.php\/wp-json\/wp\/v2\/media\/26531"}],"wp:attachment":[{"href":"https:\/\/www.digamo.uy\/index.php\/wp-json\/wp\/v2\/media?parent=26530"}],"wp:term":[{"taxonomy":"product_cat","embeddable":true,"href":"https:\/\/www.digamo.uy\/index.php\/wp-json\/wp\/v2\/product_cat?post=26530"},{"taxonomy":"product_tag","embeddable":true,"href":"https:\/\/www.digamo.uy\/index.php\/wp-json\/wp\/v2\/product_tag?post=26530"}],"curies":[{"name":"wp","href":"https:\/\/api.w.org\/{rel}","templated":true}]}}