{"id":2666,"date":"2023-07-04T15:24:25","date_gmt":"2023-07-04T18:24:25","guid":{"rendered":"https:\/\/www.digamo.uy\/index.php\/producto\/producto\/"},"modified":"2024-08-15T22:16:53","modified_gmt":"2024-08-16T01:16:53","slug":"silla-de-comer-portatil-booster-de-luxe-safety-1st","status":"publish","type":"product","link":"https:\/\/www.digamo.uy\/index.php\/producto\/silla-de-comer-portatil-booster-de-luxe-safety-1st\/","title":{"rendered":"Silla De Comer Port\u00e1til- Booster De Luxe &#8211; Safety 1st"},"content":{"rendered":"<p>Silla de Comer Port\u00e1til &#8211; Booster de Luxe &#8211; Safety 1st (BO069DEC)<\/p>\n<p>Asiento sin costuras y f\u00e1cil de limpiar.<\/p>\n<p>Dise\u00f1o c\u00f3modo y ergon\u00f3mico del asiento.<\/p>\n<p>Bandeja apta para lavavajillas.<\/p>\n<p>Incluye topper f\u00e1cil de limpiar para proteger la silla para adultos.<\/p>\n<p>Las correas ajustables de la silla guardan el asiento seguro en la silla del adulto.<\/p>\n<p>Arn\u00e9s para ni\u00f1os de 3 puntos para mayor seguridad.<\/p>\n","protected":false},"excerpt":{"rendered":"<p>Silla de Comer Port\u00e1til &#8211; Booster de Luxe &#8211; Safety 1st (BO069DEC) Asiento sin costuras y f\u00e1cil de limpiar. Dise\u00f1o c\u00f3modo y ergon\u00f3mico del asiento. Bandeja apta para lavavajillas. Incluye topper f\u00e1cil de limpiar para proteger la silla para adultos. Las correas ajustables de la silla guardan el asiento seguro [&hellip;]<\/p>\n","protected":false},"featured_media":28050,"comment_status":"open","ping_status":"closed","template":"","meta":[],"product_cat":[21,99,206],"product_tag":[],"class_list":{"0":"post-2666","1":"product","2":"type-product","3":"status-publish","4":"has-post-thumbnail","6":"product_cat-beb-s","7":"product_cat-lactancia-y-alimentaci-n","8":"product_cat-sillas-de-comer","10":"first","11":"instock","12":"shipping-taxable","13":"purchasable","14":"product-type-simple"},"_links":{"self":[{"href":"https:\/\/www.digamo.uy\/index.php\/wp-json\/wp\/v2\/product\/2666","targetHints":{"allow":["GET"]}}],"collection":[{"href":"https:\/\/www.digamo.uy\/index.php\/wp-json\/wp\/v2\/product"}],"about":[{"href":"https:\/\/www.digamo.uy\/index.php\/wp-json\/wp\/v2\/types\/product"}],"replies":[{"embeddable":true,"href":"https:\/\/www.digamo.uy\/index.php\/wp-json\/wp\/v2\/comments?post=2666"}],"wp:featuredmedia":[{"embeddable":true,"href":"https:\/\/www.digamo.uy\/index.php\/wp-json\/wp\/v2\/media\/28050"}],"wp:attachment":[{"href":"https:\/\/www.digamo.uy\/index.php\/wp-json\/wp\/v2\/media?parent=2666"}],"wp:term":[{"taxonomy":"product_cat","embeddable":true,"href":"https:\/\/www.digamo.uy\/index.php\/wp-json\/wp\/v2\/product_cat?post=2666"},{"taxonomy":"product_tag","embeddable":true,"href":"https:\/\/www.digamo.uy\/index.php\/wp-json\/wp\/v2\/product_tag?post=2666"}],"curies":[{"name":"wp","href":"https:\/\/api.w.org\/{rel}","templated":true}]}}