{"id":2675,"date":"2023-07-04T15:24:43","date_gmt":"2023-07-04T18:24:43","guid":{"rendered":"https:\/\/www.digamo.uy\/index.php\/producto\/producto\/"},"modified":"2024-08-20T19:45:03","modified_gmt":"2024-08-20T22:45:03","slug":"termometro-electronico-oido-comida-bano-safety-1st","status":"publish","type":"product","link":"https:\/\/www.digamo.uy\/index.php\/producto\/termometro-electronico-oido-comida-bano-safety-1st\/","title":{"rendered":"Term\u00f3metro Electr\u00f3nico &#8211; Oido \/ Comida \/ Ba\u00f1o &#8211; Safety 1st"},"content":{"rendered":"<p>Term\u00f3metro Electr\u00f3nico &#8211; Oido \/ Comida \/ Ba\u00f1o &#8211; Safety 1st (TH058)<\/p>\n<p>Term\u00f3metro multitarea para la seguridad del ni\u00f1o, una soluci\u00f3n avanzada.<br \/>\nToma la temperatura del ni\u00f1o en la oreja, controle la temperatura de los alimentos y del agua del ba\u00f1o.<\/p>\n<p>Caracter\u00edsticas:<br \/>\n&#8211; R\u00e1pida y precisa lectura, 1 segundo.<br \/>\n&#8211; Gran pantalla digital con retroiluminaci\u00f3n.<br \/>\n&#8211; Bot\u00f3n Fever Light, brilla de color rojo cuando la fiebre es detectada.<br \/>\n&#8211; Recordatorio, 12 memorias.<br \/>\n&#8211; Recordatorio de limpieza \u201cClean Me\u201d.<br \/>\n&#8211; Apagado autom\u00e1tico al dejar de usar.<br \/>\n&#8211; Protector de term\u00f3metro cuando no se utiliza.<br \/>\n&#8211; Temperaturas en Fahrenheit o Celsius.<br \/>\n&#8211; Tabla de fiebre en la parte posterior del term\u00f3metro.<br \/>\n&#8211; Utiliza 2 pilas AAA.<\/p>\n<p>Ideal para ni\u00f1os a partir de 1 a\u00f1o.<br \/>\nManual de instrucciones.<\/p>\n","protected":false},"excerpt":{"rendered":"<p>Term\u00f3metro Electr\u00f3nico &#8211; Oido \/ Comida \/ Ba\u00f1o &#8211; Safety 1st (TH058) Term\u00f3metro multitarea para la seguridad del ni\u00f1o, una soluci\u00f3n avanzada. Toma la temperatura del ni\u00f1o en la oreja, controle la temperatura de los alimentos y del agua del ba\u00f1o. Caracter\u00edsticas: &#8211; R\u00e1pida y precisa lectura, 1 segundo. &#8211; [&hellip;]<\/p>\n","protected":false},"featured_media":28056,"comment_status":"open","ping_status":"closed","template":"","meta":[],"product_cat":[21,208,209],"product_tag":[],"class_list":{"0":"post-2675","1":"product","2":"type-product","3":"status-publish","4":"has-post-thumbnail","6":"product_cat-beb-s","7":"product_cat-chupetes-term-metros","8":"product_cat-salud-del-beb","10":"first","11":"outofstock","12":"shipping-taxable","13":"purchasable","14":"product-type-simple"},"_links":{"self":[{"href":"https:\/\/www.digamo.uy\/index.php\/wp-json\/wp\/v2\/product\/2675","targetHints":{"allow":["GET"]}}],"collection":[{"href":"https:\/\/www.digamo.uy\/index.php\/wp-json\/wp\/v2\/product"}],"about":[{"href":"https:\/\/www.digamo.uy\/index.php\/wp-json\/wp\/v2\/types\/product"}],"replies":[{"embeddable":true,"href":"https:\/\/www.digamo.uy\/index.php\/wp-json\/wp\/v2\/comments?post=2675"}],"wp:featuredmedia":[{"embeddable":true,"href":"https:\/\/www.digamo.uy\/index.php\/wp-json\/wp\/v2\/media\/28056"}],"wp:attachment":[{"href":"https:\/\/www.digamo.uy\/index.php\/wp-json\/wp\/v2\/media?parent=2675"}],"wp:term":[{"taxonomy":"product_cat","embeddable":true,"href":"https:\/\/www.digamo.uy\/index.php\/wp-json\/wp\/v2\/product_cat?post=2675"},{"taxonomy":"product_tag","embeddable":true,"href":"https:\/\/www.digamo.uy\/index.php\/wp-json\/wp\/v2\/product_tag?post=2675"}],"curies":[{"name":"wp","href":"https:\/\/api.w.org\/{rel}","templated":true}]}}