{"id":2680,"date":"2023-07-04T18:24:51","date_gmt":"2023-07-04T18:24:51","guid":{"rendered":"https:\/\/www.digamo.uy\/index.php\/producto\/producto\/"},"modified":"2023-07-04T18:24:54","modified_gmt":"2023-07-04T18:24:54","slug":"termometro-electronico-no-touch-safety-1st","status":"publish","type":"product","link":"https:\/\/www.digamo.uy\/index.php\/producto\/termometro-electronico-no-touch-safety-1st\/","title":{"rendered":"Term\u00f3metro Electr\u00f3nico &#8211; No Touch &#8211; Safety 1st"},"content":{"rendered":"<p>Term\u00f3metro digital de proximidad &#8211; Safety 1st (TH059)<\/p>\n<p>Deje que su ni\u00f1o enfermo descanse, gracias al term\u00f3metro digital sin necesidad de contacto con el ni\u00f1o.<br \/>\nUsted puede conseguir f\u00e1cilmente una lectura r\u00e1pida, mientras que su hijo permanece en silencio mientras duerme.<br \/>\nLa gran pantalla retro iluminada es f\u00e1cil de leer e incluye un icono de la fiebre para que le avise cuando se detecta una temperatura alta.<\/p>\n<p>Caracter\u00edsticas<br \/>\n&#8211; Destellos de luz de proximidad, el term\u00f3metro emite un pitido cuando el term\u00f3metro est\u00e1 colocado correctamente, para una lectura exacta.<br \/>\n&#8211; Sin necesidad de despertar a un ni\u00f1o dormido.<br \/>\n&#8211; Tambi\u00e9n mide la temperatura de comida y ba\u00f1o.<br \/>\n&#8211; Gran display digital retro iluminado.<br \/>\n&#8211; Icono de la fiebre, le permite saber cu\u00e1ndo la fiebre es detectado.<br \/>\n&#8211; Memoria de 10 temperaturas.<br \/>\n&#8211; Apagado autom\u00e1tico.<br \/>\n&#8211; Fahrenheit o Celsius.<\/p>\n<p>&#8211; 2 bater\u00edas reemplazables \u00abAAA\u00bb, no incluido.<br \/>\n&#8211; Ideal para ni\u00f1os hasta 1 a\u00f1o, o m\u00e1s.<br \/>\n&#8211; Manual de instrucciones.<\/p>\n","protected":false},"excerpt":{"rendered":"<p>Term\u00f3metro digital de proximidad &#8211; Safety 1st (TH059) Deje que su ni\u00f1o enfermo descanse, gracias al term\u00f3metro digital sin necesidad de contacto con el ni\u00f1o. Usted puede conseguir f\u00e1cilmente una lectura r\u00e1pida, mientras que su hijo permanece en silencio mientras duerme. La gran pantalla retro iluminada es f\u00e1cil de leer [&hellip;]<\/p>\n","protected":false},"featured_media":2681,"comment_status":"open","ping_status":"closed","template":"","meta":[],"product_cat":[21,208,209],"product_tag":[],"class_list":{"0":"post-2680","1":"product","2":"type-product","3":"status-publish","4":"has-post-thumbnail","6":"product_cat-beb-s","7":"product_cat-chupetes-term-metros","8":"product_cat-salud-del-beb","10":"first","11":"instock","12":"shipping-taxable","13":"purchasable","14":"product-type-simple"},"_links":{"self":[{"href":"https:\/\/www.digamo.uy\/index.php\/wp-json\/wp\/v2\/product\/2680","targetHints":{"allow":["GET"]}}],"collection":[{"href":"https:\/\/www.digamo.uy\/index.php\/wp-json\/wp\/v2\/product"}],"about":[{"href":"https:\/\/www.digamo.uy\/index.php\/wp-json\/wp\/v2\/types\/product"}],"replies":[{"embeddable":true,"href":"https:\/\/www.digamo.uy\/index.php\/wp-json\/wp\/v2\/comments?post=2680"}],"wp:featuredmedia":[{"embeddable":true,"href":"https:\/\/www.digamo.uy\/index.php\/wp-json\/wp\/v2\/media\/2681"}],"wp:attachment":[{"href":"https:\/\/www.digamo.uy\/index.php\/wp-json\/wp\/v2\/media?parent=2680"}],"wp:term":[{"taxonomy":"product_cat","embeddable":true,"href":"https:\/\/www.digamo.uy\/index.php\/wp-json\/wp\/v2\/product_cat?post=2680"},{"taxonomy":"product_tag","embeddable":true,"href":"https:\/\/www.digamo.uy\/index.php\/wp-json\/wp\/v2\/product_tag?post=2680"}],"curies":[{"name":"wp","href":"https:\/\/api.w.org\/{rel}","templated":true}]}}