{"id":26842,"date":"2024-08-15T21:22:33","date_gmt":"2024-08-16T00:22:33","guid":{"rendered":"https:\/\/www.digamo.uy\/index.php\/producto\/producto\/"},"modified":"2024-08-15T21:22:41","modified_gmt":"2024-08-16T00:22:41","slug":"caminador-lanza-pelotas-pic-n-pop-ball-blaster-tomy-toys","status":"publish","type":"product","link":"https:\/\/www.digamo.uy\/index.php\/producto\/caminador-lanza-pelotas-pic-n-pop-ball-blaster-tomy-toys\/","title":{"rendered":"Caminador Lanza Pelotas -pic &#8216;n Pop Ball Blaster-tomy Toys"},"content":{"rendered":"<p>Caminador Lanza Pelotas -Pic &#8216;N Pop Ball Blaster-Tomy Toys (E71161)<\/p>\n<p>El TOMY Pic &#8216;N Pop Ball Blaster es un juguete distinto para caminar que hace que tu peque\u00f1o se mueva. <\/p>\n<p>Con un clic del bot\u00f3n se lanza una bola de colores desde el conducto, tu peque\u00f1o persigue las bolas y simplemente rueda sobre ellas para recogerlas m\u00e1gicamente y comenzar la diversi\u00f3n una vez m\u00e1s. <\/p>\n<p>Este juguete f\u00e1cil de usar pone a tu beb\u00e9 a los pies del ni\u00f1o y le ense\u00f1a causa y efecto. <\/p>\n<p>El Pic&#8217;N Pop Ball Blaster es ideal para uso en interiores o exteriores.<\/p>\n<p>Popper \u00fanico y divertido que pone a los m\u00e1s peque\u00f1os en movimiento!<\/p>\n<p>Al hacer clic en el bot\u00f3n, se lanza una bola colorida desde el paraca\u00eddas.<\/p>\n<p>Pase la pelota con el popper y la pelota ser\u00e1 levantada m\u00e1gicamente, listo para que la diversi\u00f3n comience nuevamente.<\/p>\n<p>Pic &#8216;N Pop viene con cinco bolas coloridas<\/p>\n<p>El Tomy PIC &#8216;n&#8217; Pop es una \u00fanica unidad de popper que consigue ni\u00f1os en movimiento. <\/p>\n<p>Pulsar arriba, listo para empezar de nuevo. <\/p>\n<p>Este es un juguete sencillo de operar que tiene un mont\u00f3n de diversi\u00f3n y se puede usar tanto en interiores como en exteriores. <\/p>\n<p>\u00a1El Pic N Pop Ball Blaster de TOMY es una verdadera explosi\u00f3n para los m\u00e1s peque\u00f1os! <\/p>\n<p>A los peque\u00f1os les encantar\u00e1 hacer estallar las bolas en el piso con solo presionar un bot\u00f3n. <\/p>\n<p>Persiga las bolas y g\u00edrese para recogerlas, listo para que la diversi\u00f3n comience nuevamente. <\/p>\n<p>Pic N Pop viene con 5 bolas coloridas, ideales para jugar en interiores o al aire libre. <\/p>\n<p>Adecuado para mayores de 18 meses y no requiere pilas.<\/p>\n","protected":false},"excerpt":{"rendered":"<p>Caminador Lanza Pelotas -Pic &#8216;N Pop Ball Blaster-Tomy Toys (E71161) El TOMY Pic &#8216;N Pop Ball Blaster es un juguete distinto para caminar que hace que tu peque\u00f1o se mueva. Con un clic del bot\u00f3n se lanza una bola de colores desde el conducto, tu peque\u00f1o persigue las bolas y [&hellip;]<\/p>\n","protected":false},"featured_media":26843,"comment_status":"open","ping_status":"closed","template":"","meta":[],"product_cat":[60,61,21],"product_tag":[],"class_list":{"0":"post-26842","1":"product","2":"type-product","3":"status-publish","4":"has-post-thumbnail","6":"product_cat-andadores-y-caminadores","7":"product_cat-andadores-y-veh-culos-de-beb-s","8":"product_cat-beb-s","10":"first","11":"outofstock","12":"shipping-taxable","13":"purchasable","14":"product-type-simple"},"_links":{"self":[{"href":"https:\/\/www.digamo.uy\/index.php\/wp-json\/wp\/v2\/product\/26842","targetHints":{"allow":["GET"]}}],"collection":[{"href":"https:\/\/www.digamo.uy\/index.php\/wp-json\/wp\/v2\/product"}],"about":[{"href":"https:\/\/www.digamo.uy\/index.php\/wp-json\/wp\/v2\/types\/product"}],"replies":[{"embeddable":true,"href":"https:\/\/www.digamo.uy\/index.php\/wp-json\/wp\/v2\/comments?post=26842"}],"wp:featuredmedia":[{"embeddable":true,"href":"https:\/\/www.digamo.uy\/index.php\/wp-json\/wp\/v2\/media\/26843"}],"wp:attachment":[{"href":"https:\/\/www.digamo.uy\/index.php\/wp-json\/wp\/v2\/media?parent=26842"}],"wp:term":[{"taxonomy":"product_cat","embeddable":true,"href":"https:\/\/www.digamo.uy\/index.php\/wp-json\/wp\/v2\/product_cat?post=26842"},{"taxonomy":"product_tag","embeddable":true,"href":"https:\/\/www.digamo.uy\/index.php\/wp-json\/wp\/v2\/product_tag?post=26842"}],"curies":[{"name":"wp","href":"https:\/\/api.w.org\/{rel}","templated":true}]}}