{"id":2694,"date":"2023-07-04T15:25:16","date_gmt":"2023-07-04T18:25:16","guid":{"rendered":"https:\/\/www.digamo.uy\/index.php\/producto\/producto\/"},"modified":"2024-08-15T22:17:25","modified_gmt":"2024-08-16T01:17:25","slug":"coche-travel-system-saunter-jogger-safety-1st","status":"publish","type":"product","link":"https:\/\/www.digamo.uy\/index.php\/producto\/coche-travel-system-saunter-jogger-safety-1st\/","title":{"rendered":"Coche Travel System &#8211; Saunter Jogger &#8211; Safety 1st"},"content":{"rendered":"<p>Travel System &#8211; Saunter Jogger &#8211; Safety 1st (TR256AVF)<\/p>\n<p>El coche para bebes Saunter Jogger, tiene un f\u00e1cil plegado y dise\u00f1o de tres ruedas que proporciona una direcci\u00f3n y capacidad de maniobra mejorada,\u00a0sistema de arn\u00e9s de 5 puntas, para mayor seguridad. <\/p>\n<p>Altura\u00a0de su mango es ajustable.<\/p>\n<p>Este veh\u00edculo es apropiado para reci\u00e9n nacidos y ni\u00f1os hasta 23 kilos de peso.<\/p>\n<p>El asiento de seguridad de auto para ni\u00f1os\u00a0de cara hacia atr\u00e1s tiene una capacidad de 13 kilos.<br \/>\nCaracter\u00edsticas:<br \/>\n&#8211; Multiposiciones de reclinado<br \/>\n&#8211; Mango ajustable en 10 posiciones<br \/>\n&#8211; Plegado con una sola mano<br \/>\n&#8211; Bandeja para padres cerrada, con posavasos<br \/>\n&#8211; Capota con visor<br \/>\n&#8211; Arn\u00e9s de 5 puntas<br \/>\n&#8211; Bandeja para ni\u00f1o removible para f\u00e1cil acceso<br \/>\n&#8211; Ruedas delanteras dobles, opcionalmente fijas o giratorias<br \/>\n&#8211; Freno en ruedas traseras<br \/>\n&#8211; Amplio canasto porta objetos<\/p>\n<p>Baby silla:<br \/>\n &#8211; Arn\u00e9s de 5 puntas<br \/>\n &#8211; Reductores de cabeza<br \/>\n &#8211; Capota retractil<br \/>\n &#8211; Base con sistema latch para isofix<\/p>\n","protected":false},"excerpt":{"rendered":"<p>Travel System &#8211; Saunter Jogger &#8211; Safety 1st (TR256AVF) El coche para bebes Saunter Jogger, tiene un f\u00e1cil plegado y dise\u00f1o de tres ruedas que proporciona una direcci\u00f3n y capacidad de maniobra mejorada,\u00a0sistema de arn\u00e9s de 5 puntas, para mayor seguridad. Altura\u00a0de su mango es ajustable. Este veh\u00edculo es apropiado [&hellip;]<\/p>\n","protected":false},"featured_media":28060,"comment_status":"open","ping_status":"closed","template":"","meta":[],"product_cat":[21,104,28],"product_tag":[],"class_list":{"0":"post-2694","1":"product","2":"type-product","3":"status-publish","4":"has-post-thumbnail","6":"product_cat-beb-s","7":"product_cat-cochecitos-para-beb-s","8":"product_cat-paseo-del-beb","10":"first","11":"outofstock","12":"shipping-taxable","13":"purchasable","14":"product-type-simple"},"_links":{"self":[{"href":"https:\/\/www.digamo.uy\/index.php\/wp-json\/wp\/v2\/product\/2694","targetHints":{"allow":["GET"]}}],"collection":[{"href":"https:\/\/www.digamo.uy\/index.php\/wp-json\/wp\/v2\/product"}],"about":[{"href":"https:\/\/www.digamo.uy\/index.php\/wp-json\/wp\/v2\/types\/product"}],"replies":[{"embeddable":true,"href":"https:\/\/www.digamo.uy\/index.php\/wp-json\/wp\/v2\/comments?post=2694"}],"wp:featuredmedia":[{"embeddable":true,"href":"https:\/\/www.digamo.uy\/index.php\/wp-json\/wp\/v2\/media\/28060"}],"wp:attachment":[{"href":"https:\/\/www.digamo.uy\/index.php\/wp-json\/wp\/v2\/media?parent=2694"}],"wp:term":[{"taxonomy":"product_cat","embeddable":true,"href":"https:\/\/www.digamo.uy\/index.php\/wp-json\/wp\/v2\/product_cat?post=2694"},{"taxonomy":"product_tag","embeddable":true,"href":"https:\/\/www.digamo.uy\/index.php\/wp-json\/wp\/v2\/product_tag?post=2694"}],"curies":[{"name":"wp","href":"https:\/\/api.w.org\/{rel}","templated":true}]}}