{"id":2705,"date":"2023-07-04T15:25:27","date_gmt":"2023-07-04T18:25:27","guid":{"rendered":"https:\/\/www.digamo.uy\/index.php\/producto\/producto\/"},"modified":"2024-08-15T22:17:47","modified_gmt":"2024-08-16T01:17:47","slug":"coche-de-bebe-travel-system-saunter-lux-safety-1st","status":"publish","type":"product","link":"https:\/\/www.digamo.uy\/index.php\/producto\/coche-de-bebe-travel-system-saunter-lux-safety-1st\/","title":{"rendered":"Coche De Bebe Travel System &#8211; Saunter Lux &#8211; Safety 1st"},"content":{"rendered":"<p>Travel System &#8211; Safety 1st &#8211; Saunter Lux (TR186ADX)<\/p>\n<p>El coche para bebes Saunter Lux , tiene un f\u00e1cil plegado,\u00a0sistema de arn\u00e9s de 5 puntas, para mayor seguridad.\u00a0<\/p>\n<p>Este coche es apropiado para reci\u00e9n nacidos y ni\u00f1os hasta 23 kilos de peso.<\/p>\n<p>El asiento de seguridad de auto para ni\u00f1os\u00a0de cara hacia atr\u00e1s tiene una capacidad de 13 kilos.<\/p>\n<p>Caracter\u00edsticas:<br \/>\n&#8211; Multiposiciones de reclinado.<br \/>\n&#8211; Tela capitoneada acolchada.<br \/>\n&#8211; Plegao con una sola mano.<br \/>\n&#8211; Bandeja para padres cerrada co posavasos.<br \/>\n&#8211; Capota con visor.<br \/>\n&#8211; Arn\u00e9s de 3 puntas con protectores de hombro.<br \/>\n&#8211; Bandeja para ni\u00f1o removible para facil acceso.<br \/>\n&#8211; Ruedas delanteras dobles, opcionalmente fijas o giratorias con amortizaci\u00f3n.<br \/>\n&#8211; Freno en ruedas traseras.<br \/>\n&#8211; Amplio canasto porta objetos.<\/p>\n<p>&#8211; Baby silla:<br \/>\n &#8211; Arn\u00e9s de 5 puntas.<br \/>\n &#8211; Reductores de cabeza.<br \/>\n &#8211; Capota retr\u00e1ctil.<br \/>\n &#8211; Base con sistema latch para isofix.<\/p>\n","protected":false},"excerpt":{"rendered":"<p>Travel System &#8211; Safety 1st &#8211; Saunter Lux (TR186ADX) El coche para bebes Saunter Lux , tiene un f\u00e1cil plegado,\u00a0sistema de arn\u00e9s de 5 puntas, para mayor seguridad.\u00a0 Este coche es apropiado para reci\u00e9n nacidos y ni\u00f1os hasta 23 kilos de peso. El asiento de seguridad de auto para ni\u00f1os\u00a0de [&hellip;]<\/p>\n","protected":false},"featured_media":28077,"comment_status":"open","ping_status":"closed","template":"","meta":[],"product_cat":[21,104,28],"product_tag":[],"class_list":{"0":"post-2705","1":"product","2":"type-product","3":"status-publish","4":"has-post-thumbnail","6":"product_cat-beb-s","7":"product_cat-cochecitos-para-beb-s","8":"product_cat-paseo-del-beb","10":"first","11":"outofstock","12":"shipping-taxable","13":"purchasable","14":"product-type-simple"},"_links":{"self":[{"href":"https:\/\/www.digamo.uy\/index.php\/wp-json\/wp\/v2\/product\/2705","targetHints":{"allow":["GET"]}}],"collection":[{"href":"https:\/\/www.digamo.uy\/index.php\/wp-json\/wp\/v2\/product"}],"about":[{"href":"https:\/\/www.digamo.uy\/index.php\/wp-json\/wp\/v2\/types\/product"}],"replies":[{"embeddable":true,"href":"https:\/\/www.digamo.uy\/index.php\/wp-json\/wp\/v2\/comments?post=2705"}],"wp:featuredmedia":[{"embeddable":true,"href":"https:\/\/www.digamo.uy\/index.php\/wp-json\/wp\/v2\/media\/28077"}],"wp:attachment":[{"href":"https:\/\/www.digamo.uy\/index.php\/wp-json\/wp\/v2\/media?parent=2705"}],"wp:term":[{"taxonomy":"product_cat","embeddable":true,"href":"https:\/\/www.digamo.uy\/index.php\/wp-json\/wp\/v2\/product_cat?post=2705"},{"taxonomy":"product_tag","embeddable":true,"href":"https:\/\/www.digamo.uy\/index.php\/wp-json\/wp\/v2\/product_tag?post=2705"}],"curies":[{"name":"wp","href":"https:\/\/api.w.org\/{rel}","templated":true}]}}