{"id":2708,"date":"2023-07-04T15:25:35","date_gmt":"2023-07-04T18:25:35","guid":{"rendered":"https:\/\/www.digamo.uy\/index.php\/producto\/producto\/"},"modified":"2024-08-15T22:18:01","modified_gmt":"2024-08-16T01:18:01","slug":"coche-travel-system-amble-luxe-safety-1st","status":"publish","type":"product","link":"https:\/\/www.digamo.uy\/index.php\/producto\/coche-travel-system-amble-luxe-safety-1st\/","title":{"rendered":"Coche Travel System &#8211;  Amble Luxe &#8211; Safety 1st"},"content":{"rendered":"<p>Travel System &#8211; Amble Luxe &#8211; Safety 1st (TR331)<\/p>\n<p>Mango de tacto suave para mayor comodidad de transporte y\u00a0soporte para la cabeza infantil.<br \/>\nEl mejor dise\u00f1o del arn\u00e9s apropiado para los beb\u00e9s peque\u00f1os.<br \/>\nLigero y f\u00e1cil de llevar.<\/p>\n<p>Cesta grande para el almacenamiento.<\/p>\n<p>Bandeja con 2 porta vasos y compartimiento de almacenamiento cubierto.<\/p>\n<p>Arn\u00e9s de 5 puntos.<\/p>\n<p>Caracter\u00edstcas:<br \/>\n&#8211; Multiposiciones de reclinado<br \/>\n&#8211; Plegado con una sola mano \u201clift to fold\u201d<br \/>\n&#8211; Mango regulable en 8 posiciones<br \/>\n&#8211; Estructura ultraliviana<br \/>\n&#8211; Tela estampada<br \/>\n&#8211; Bandeja para padres con posavasos<br \/>\n&#8211; Capota extendida con visor<br \/>\n&#8211; Arn\u00e9s de 5 puntas con protectores de hombros<br \/>\n&#8211; Doble bandeja para ni\u00f1o con posavasos removible para f\u00e1cil acceso<br \/>\n&#8211; Ruedas delanteras opcionalmente fijas o giratorias<br \/>\n&#8211; Freno en ruedas traseras<br \/>\n&#8211; Amplio canasto porta objetos<\/p>\n<p>Baby silla:<br \/>\n &#8211; Arn\u00e9s de 5 puntas<br \/>\n &#8211; Reductores de cabeza<br \/>\n &#8211; Capota retractil<br \/>\n &#8211; Indicador de correcta instalaci\u00f3n<br \/>\n &#8211; Base con sistema latch para isofix con 5 posiciones de reclinado<\/p>\n<p>Color: Negro y verde \/ Negro y rosado<\/p>\n","protected":false},"excerpt":{"rendered":"<p>Travel System &#8211; Amble Luxe &#8211; Safety 1st (TR331) Mango de tacto suave para mayor comodidad de transporte y\u00a0soporte para la cabeza infantil. El mejor dise\u00f1o del arn\u00e9s apropiado para los beb\u00e9s peque\u00f1os. Ligero y f\u00e1cil de llevar. Cesta grande para el almacenamiento. Bandeja con 2 porta vasos y compartimiento [&hellip;]<\/p>\n","protected":false},"featured_media":28079,"comment_status":"open","ping_status":"closed","template":"","meta":[],"product_cat":[21,104,28],"product_tag":[],"class_list":{"0":"post-2708","1":"product","2":"type-product","3":"status-publish","4":"has-post-thumbnail","6":"product_cat-beb-s","7":"product_cat-cochecitos-para-beb-s","8":"product_cat-paseo-del-beb","10":"first","11":"outofstock","12":"shipping-taxable","13":"purchasable","14":"product-type-simple"},"_links":{"self":[{"href":"https:\/\/www.digamo.uy\/index.php\/wp-json\/wp\/v2\/product\/2708","targetHints":{"allow":["GET"]}}],"collection":[{"href":"https:\/\/www.digamo.uy\/index.php\/wp-json\/wp\/v2\/product"}],"about":[{"href":"https:\/\/www.digamo.uy\/index.php\/wp-json\/wp\/v2\/types\/product"}],"replies":[{"embeddable":true,"href":"https:\/\/www.digamo.uy\/index.php\/wp-json\/wp\/v2\/comments?post=2708"}],"wp:featuredmedia":[{"embeddable":true,"href":"https:\/\/www.digamo.uy\/index.php\/wp-json\/wp\/v2\/media\/28079"}],"wp:attachment":[{"href":"https:\/\/www.digamo.uy\/index.php\/wp-json\/wp\/v2\/media?parent=2708"}],"wp:term":[{"taxonomy":"product_cat","embeddable":true,"href":"https:\/\/www.digamo.uy\/index.php\/wp-json\/wp\/v2\/product_cat?post=2708"},{"taxonomy":"product_tag","embeddable":true,"href":"https:\/\/www.digamo.uy\/index.php\/wp-json\/wp\/v2\/product_tag?post=2708"}],"curies":[{"name":"wp","href":"https:\/\/api.w.org\/{rel}","templated":true}]}}