{"id":313,"date":"2023-07-03T22:21:01","date_gmt":"2023-07-04T01:21:01","guid":{"rendered":"https:\/\/www.digamo.uy\/index.php\/producto\/producto\/"},"modified":"2024-08-15T19:49:04","modified_gmt":"2024-08-15T22:49:04","slug":"gimnasio-de-bebe-de-madera-polar-b-estimulacion-temprana","status":"publish","type":"product","link":"https:\/\/www.digamo.uy\/index.php\/producto\/gimnasio-de-bebe-de-madera-polar-b-estimulacion-temprana\/","title":{"rendered":"Gimnasio De Beb\u00e9 De Madera Polar B Estimulaci\u00f3n Temprana"},"content":{"rendered":"<p>Gimnasio beb\u00e9 de madera (44085)<\/p>\n<p>Gimnasio de bebe en madera de estimulaci\u00f3n temprana.<br \/>\nMedidas:<br \/>\n61,50 cm de alto x 57,50 cm de ancho  x 44.50 cm de base<br \/>\nViene con 4 accesorios de tela extra\u00edbles para que los bebes puedan agarrarlos y jugar.<\/p>\n","protected":false},"excerpt":{"rendered":"<p>Gimnasio beb\u00e9 de madera (44085) Gimnasio de bebe en madera de estimulaci\u00f3n temprana. Medidas: 61,50 cm de alto x 57,50 cm de ancho x 44.50 cm de base Viene con 4 accesorios de tela extra\u00edbles para que los bebes puedan agarrarlos y jugar.<\/p>\n","protected":false},"featured_media":25009,"comment_status":"open","ping_status":"closed","template":"","meta":[],"product_cat":[21,124,52],"product_tag":[],"class_list":{"0":"post-313","1":"product","2":"type-product","3":"status-publish","4":"has-post-thumbnail","6":"product_cat-beb-s","7":"product_cat-centros-de-actividades","8":"product_cat-juegos-y-juguetes-para-beb-s","10":"first","11":"instock","12":"shipping-taxable","13":"purchasable","14":"product-type-simple"},"_links":{"self":[{"href":"https:\/\/www.digamo.uy\/index.php\/wp-json\/wp\/v2\/product\/313","targetHints":{"allow":["GET"]}}],"collection":[{"href":"https:\/\/www.digamo.uy\/index.php\/wp-json\/wp\/v2\/product"}],"about":[{"href":"https:\/\/www.digamo.uy\/index.php\/wp-json\/wp\/v2\/types\/product"}],"replies":[{"embeddable":true,"href":"https:\/\/www.digamo.uy\/index.php\/wp-json\/wp\/v2\/comments?post=313"}],"wp:featuredmedia":[{"embeddable":true,"href":"https:\/\/www.digamo.uy\/index.php\/wp-json\/wp\/v2\/media\/25009"}],"wp:attachment":[{"href":"https:\/\/www.digamo.uy\/index.php\/wp-json\/wp\/v2\/media?parent=313"}],"wp:term":[{"taxonomy":"product_cat","embeddable":true,"href":"https:\/\/www.digamo.uy\/index.php\/wp-json\/wp\/v2\/product_cat?post=313"},{"taxonomy":"product_tag","embeddable":true,"href":"https:\/\/www.digamo.uy\/index.php\/wp-json\/wp\/v2\/product_tag?post=313"}],"curies":[{"name":"wp","href":"https:\/\/api.w.org\/{rel}","templated":true}]}}