{"id":3271,"date":"2023-07-04T20:03:27","date_gmt":"2023-07-04T23:03:27","guid":{"rendered":"https:\/\/www.digamo.uy\/index.php\/producto\/producto\/"},"modified":"2024-08-13T22:00:34","modified_gmt":"2024-08-14T01:00:34","slug":"libro-infantil-troquelado-selva-granja-mar-dinosaurios","status":"publish","type":"product","link":"https:\/\/www.digamo.uy\/index.php\/producto\/libro-infantil-troquelado-selva-granja-mar-dinosaurios\/","title":{"rendered":"Libro Infantil Troquelado Selva &#8211; Granja &#8211; Mar &#8211; Dinosaurios"},"content":{"rendered":"<p>De visita a la: Selva, Granja, Mar, Dinosaurios (LIB738)<\/p>\n<p>10 p\u00e1ginas de cart\u00f3n troquelado de 21 x 28cm.<br \/>\nTapa de cart\u00f3n troquelado con quinto color fluor.<br \/>\nVamos de visita al hogar de los animales m\u00e1s divertidos:<br \/>\nLos gigantes animales del pasado, los incre\u00edbles habitantes del fondo del mar, los amigables compa\u00f1eros de la granja y los salvajes amigos de la jungla y el bosque, te esperan para pasar un d\u00eda genial.<br \/>\nTitulos:<br \/>\n&#8211; De Visita al Fondo del Mar<br \/>\n&#8211; De Visita a Los Dinosaurios<br \/>\n&#8211; De Visita a La Selva<br \/>\n&#8211; De Visita a La Granja<\/p>\n<p>+3 a\u00f1os<\/p>\n","protected":false},"excerpt":{"rendered":"<p>De visita a la: Selva, Granja, Mar, Dinosaurios (LIB738) 10 p\u00e1ginas de cart\u00f3n troquelado de 21 x 28cm. Tapa de cart\u00f3n troquelado con quinto color fluor. Vamos de visita al hogar de los animales m\u00e1s divertidos: Los gigantes animales del pasado, los incre\u00edbles habitantes del fondo del mar, los amigables [&hellip;]<\/p>\n","protected":false},"featured_media":15330,"comment_status":"open","ping_status":"closed","template":"","meta":[],"product_cat":[233,234],"product_tag":[],"class_list":{"0":"post-3271","1":"product","2":"type-product","3":"status-publish","4":"has-post-thumbnail","6":"product_cat-libros-f-sicos","7":"product_cat-libros-revistas-y-comics","9":"first","10":"outofstock","11":"shipping-taxable","12":"purchasable","13":"product-type-simple"},"_links":{"self":[{"href":"https:\/\/www.digamo.uy\/index.php\/wp-json\/wp\/v2\/product\/3271","targetHints":{"allow":["GET"]}}],"collection":[{"href":"https:\/\/www.digamo.uy\/index.php\/wp-json\/wp\/v2\/product"}],"about":[{"href":"https:\/\/www.digamo.uy\/index.php\/wp-json\/wp\/v2\/types\/product"}],"replies":[{"embeddable":true,"href":"https:\/\/www.digamo.uy\/index.php\/wp-json\/wp\/v2\/comments?post=3271"}],"wp:featuredmedia":[{"embeddable":true,"href":"https:\/\/www.digamo.uy\/index.php\/wp-json\/wp\/v2\/media\/15330"}],"wp:attachment":[{"href":"https:\/\/www.digamo.uy\/index.php\/wp-json\/wp\/v2\/media?parent=3271"}],"wp:term":[{"taxonomy":"product_cat","embeddable":true,"href":"https:\/\/www.digamo.uy\/index.php\/wp-json\/wp\/v2\/product_cat?post=3271"},{"taxonomy":"product_tag","embeddable":true,"href":"https:\/\/www.digamo.uy\/index.php\/wp-json\/wp\/v2\/product_tag?post=3271"}],"curies":[{"name":"wp","href":"https:\/\/api.w.org\/{rel}","templated":true}]}}