{"id":3285,"date":"2023-07-04T20:03:53","date_gmt":"2023-07-04T23:03:53","guid":{"rendered":"https:\/\/www.digamo.uy\/index.php\/producto\/producto\/"},"modified":"2024-08-13T22:00:50","modified_gmt":"2024-08-14T01:00:50","slug":"libro-infantil-mi-libro-almohadita-granja-mascotas-jungla","status":"publish","type":"product","link":"https:\/\/www.digamo.uy\/index.php\/producto\/libro-infantil-mi-libro-almohadita-granja-mascotas-jungla\/","title":{"rendered":"Libro Infantil Mi Libro Almohadita Granja Mascotas Jungla"},"content":{"rendered":"<p>Mi libro Almohadita. (LIB72844)<\/p>\n<p>Sus suaves p\u00e1ginas los acompa\u00f1ar\u00e1n en la cama a la hora de dormir, con hermosas y coloridas ilustraciones y textos divertidos, para que sue\u00f1en con una sonrisa.<br \/>\n10 p\u00e1ginas de tela, de 29,5 x 30 cm. Tapa de tela.<br \/>\n4 Titulos:<br \/>\n&#8211; Animales de La Granja<br \/>\n&#8211; Animales de La Jungla<br \/>\n&#8211; Mascotas<br \/>\n&#8211; Animales Del Bosque<\/p>\n","protected":false},"excerpt":{"rendered":"<p>Mi libro Almohadita. (LIB72844) Sus suaves p\u00e1ginas los acompa\u00f1ar\u00e1n en la cama a la hora de dormir, con hermosas y coloridas ilustraciones y textos divertidos, para que sue\u00f1en con una sonrisa. 10 p\u00e1ginas de tela, de 29,5 x 30 cm. Tapa de tela. 4 Titulos: &#8211; Animales de La Granja [&hellip;]<\/p>\n","protected":false},"featured_media":15339,"comment_status":"open","ping_status":"closed","template":"","meta":[],"product_cat":[233,234],"product_tag":[],"class_list":{"0":"post-3285","1":"product","2":"type-product","3":"status-publish","4":"has-post-thumbnail","6":"product_cat-libros-f-sicos","7":"product_cat-libros-revistas-y-comics","9":"first","10":"outofstock","11":"shipping-taxable","12":"purchasable","13":"product-type-simple"},"_links":{"self":[{"href":"https:\/\/www.digamo.uy\/index.php\/wp-json\/wp\/v2\/product\/3285","targetHints":{"allow":["GET"]}}],"collection":[{"href":"https:\/\/www.digamo.uy\/index.php\/wp-json\/wp\/v2\/product"}],"about":[{"href":"https:\/\/www.digamo.uy\/index.php\/wp-json\/wp\/v2\/types\/product"}],"replies":[{"embeddable":true,"href":"https:\/\/www.digamo.uy\/index.php\/wp-json\/wp\/v2\/comments?post=3285"}],"wp:featuredmedia":[{"embeddable":true,"href":"https:\/\/www.digamo.uy\/index.php\/wp-json\/wp\/v2\/media\/15339"}],"wp:attachment":[{"href":"https:\/\/www.digamo.uy\/index.php\/wp-json\/wp\/v2\/media?parent=3285"}],"wp:term":[{"taxonomy":"product_cat","embeddable":true,"href":"https:\/\/www.digamo.uy\/index.php\/wp-json\/wp\/v2\/product_cat?post=3285"},{"taxonomy":"product_tag","embeddable":true,"href":"https:\/\/www.digamo.uy\/index.php\/wp-json\/wp\/v2\/product_tag?post=3285"}],"curies":[{"name":"wp","href":"https:\/\/api.w.org\/{rel}","templated":true}]}}